{"id":4,"date":"2019-05-16T10:51:29","date_gmt":"2019-05-16T08:51:29","guid":{"rendered":"http:\/\/universita.chiesadigenova.it\/?page_id=4"},"modified":"2024-09-18T14:58:37","modified_gmt":"2024-09-18T12:58:37","slug":"home-page","status":"publish","type":"page","link":"https:\/\/www.chiesadigenova.it\/universita\/","title":{"rendered":"Home Page"},"content":{"rendered":"<div id=\"pl-4\"  class=\"panel-layout\" ><div id=\"pg-4-0\"  class=\"panel-grid panel-has-style\" ><div id=\"centro_hp\" class=\"panel-row-style panel-row-style-for-4-0\" ><div id=\"pgc-4-0-0\"  class=\"panel-grid-cell\" ><div id=\"panel-4-0-0-0\" class=\"so-panel widget widget_bso-so-widget-all-in-one panel-first-child panel-last-child\" data-index=\"0\" ><div id=\"news_one\" class=\"panel-widget-style panel-widget-style-for-4-0-0-0\" ><div\n\t\t\t\n\t\t\tclass=\"so-widget-bso-so-widget-all-in-one so-widget-bso-so-widget-all-in-one-default-d75171398898-4\"\n\t\t\t\n\t\t><div>\n<div class=\"widget_title\">Ultime <b>Notizie<\/b><div class=\"arch_news\"><a href=\"\/universita\/category\/notizie\/\">Tutte le news <i class=\"fa-solid fa-arrow-right\"><\/i><\/a><\/div><\/div>                             <div class=\"single_news\">\n<div class=\"immagineapp\"><a href=\"https:\/\/www.chiesadigenova.it\/universita\/ritiro-di-quaresima-esperienza-arricchente-la-testimonianza-di-un-partecipante\/\"><img decoding=\"async\" src=\"https:\/\/www.chiesadigenova.it\/universita\/wp-content\/uploads\/sites\/18\/2026\/03\/quaresima2026-150x150.jpeg\" \/><\/a><\/div>\n<h2><a href=\"https:\/\/www.chiesadigenova.it\/universita\/ritiro-di-quaresima-esperienza-arricchente-la-testimonianza-di-un-partecipante\/\">Ritiro di Quaresima, esperienza arricchente. La testimonianza di un partecipante<\/a><\/h2>\n<h5><\/h5>\n<div class=\"preview_txt\">Mercoled\u00ec 25 marzo si \u00e8 svolto il ritiro di Quaresima della pastorale universitaria. Una trentina i partecipanti: studenti, docenti, personale tecnico amministrativo, riuniti per un atteso momento di spiritualit\u00e0. Il ritiro si \u00e8 svolto nell&#8217;accogliente sede della residenza Capodifaro, dell&#8217;Opus Dei: la Messa celebrata da don Luca Fantini e animata dal canti dei giovani del CLU (universitari di&hellip; <a href=\"https:\/\/www.chiesadigenova.it\/universita\/ritiro-di-quaresima-esperienza-arricchente-la-testimonianza-di-un-partecipante\/\" class=\"read-more\">leggi \u00bb<\/a><\/div>\n<\/div>\n                                                       <div class=\"single_news\">\n<div class=\"immagineapp\"><a href=\"https:\/\/www.chiesadigenova.it\/universita\/mercoledi-25-marzo-2026-ritiro-di-quaresima\/\"><img decoding=\"async\" src=\"https:\/\/www.chiesadigenova.it\/universita\/wp-content\/uploads\/sites\/18\/2026\/03\/quaresima2026-150x150.jpeg\" \/><\/a><\/div>\n<h2><a href=\"https:\/\/www.chiesadigenova.it\/universita\/mercoledi-25-marzo-2026-ritiro-di-quaresima\/\">Mercoled\u00ec 25 marzo 2026 ritiro di Quaresima<\/a><\/h2>\n<h5><\/h5>\n<div class=\"preview_txt\">Mercoled\u00ec 25 marzo alla Residenza Capodifaro (Via Eugenia Ravasco, 12) si svolge il ritiro di Quaresima per docenti, studenti e personale tecnico-amministrativo. Questo il programma: ore 17.45 Accoglienza ore 18.00 S. Messa ore 18.30 Meditazione ore 19.30 preghiera conclusiva e cena a buffet per chi desidera &nbsp;&hellip; <a href=\"https:\/\/www.chiesadigenova.it\/universita\/mercoledi-25-marzo-2026-ritiro-di-quaresima\/\" class=\"read-more\">leggi \u00bb<\/a><\/div>\n<\/div>\n                                                       <div class=\"single_news\">\n<div class=\"immagineapp\"><a href=\"https:\/\/www.chiesadigenova.it\/universita\/18-febbraio-2026-mercoledi-delle-ceneri-le-ss-messe-in-universita\/\"><img decoding=\"async\" src=\"https:\/\/www.chiesadigenova.it\/universita\/wp-content\/uploads\/sites\/18\/2026\/02\/ceneri2026-150x150.jpeg\" \/><\/a><\/div>\n<h2><a href=\"https:\/\/www.chiesadigenova.it\/universita\/18-febbraio-2026-mercoledi-delle-ceneri-le-ss-messe-in-universita\/\">18 febbraio 2026 &#8211; Mercoled\u00ec delle Ceneri: le SS. Messe in Universit\u00e0<\/a><\/h2>\n<h5><\/h5>\n<div class=\"preview_txt\">La Pastorale Universitaria dell\u2019Arcidiocesi di Genova invita studenti, docenti e personale universitario alla Santa Messa con imposizione delle Ceneri, che si terr\u00e0 mercoled\u00ec 18 febbraio alle ore 13.15. La celebrazione, inserita nel cammino di inizio Quaresima, si svolger\u00e0 in due sedi: presso la Cappellina di via Balbi 5 e nella chiesa di San Francesco d\u2019Albaro, offrendo&hellip; <a href=\"https:\/\/www.chiesadigenova.it\/universita\/18-febbraio-2026-mercoledi-delle-ceneri-le-ss-messe-in-universita\/\" class=\"read-more\">leggi \u00bb<\/a><\/div>\n<\/div>\n                           <\/div><\/div><\/div><\/div><\/div><div id=\"pgc-4-0-1\"  class=\"panel-grid-cell\" ><div id=\"panel-4-0-1-0\" class=\"so-panel widget widget_sow-editor panel-first-child\" data-index=\"1\" ><div\n\t\t\t\n\t\t\tclass=\"so-widget-sow-editor so-widget-sow-editor-base\"\n\t\t\t\n\t\t>\n<div class=\"siteorigin-widget-tinymce textwidget\">\n\t<p><b style=\"font-size: inherit;\"><\/b><b><img loading=\"lazy\" decoding=\"async\" class=\"wp-image-307 alignleft\" src=\"https:\/\/www.chiesadigenova.it\/universita\/wp-content\/uploads\/sites\/18\/2022\/07\/Eleonora-russo.jpg\" alt=\"\" width=\"87\" height=\"87\" srcset=\"https:\/\/www.chiesadigenova.it\/universita\/wp-content\/uploads\/sites\/18\/2022\/07\/Eleonora-russo.jpg 220w, https:\/\/www.chiesadigenova.it\/universita\/wp-content\/uploads\/sites\/18\/2022\/07\/Eleonora-russo-150x150.jpg 150w\" sizes=\"(max-width: 87px) 100vw, 87px\" \/><\/b><br \/>\n<strong>Coordinatore<\/strong><br \/>\nProf.ssa Eleonora Russo<\/p>\n<p>&nbsp;<\/p>\n<p>&nbsp;<\/p>\n<p><strong>Segreteria:<\/strong> Dott.ssa Gloria Gitto<\/p>\n<p><strong>Orario di apertura al pubblico dell'ufficio:<\/strong><br \/>\ndal luned\u00ec al venerd\u00ec SOLO MATTINO ore 9.00 - 13.00<\/p>\n<p><strong>Contatti<\/strong><br \/>\nTel. 010.2700 251<br \/>\nEmail: universita@diocesi.genova.it<\/p>\n<\/div>\n<\/div><\/div><div id=\"panel-4-0-1-1\" class=\"so-panel widget widget_sow-image\" data-index=\"2\" ><div\n\t\t\t\n\t\t\tclass=\"so-widget-sow-image so-widget-sow-image-default-8b5b6f678277-576\"\n\t\t\t\n\t\t>\n\n<div class=\"sow-image-container\">\n\t\t\t<a href=\"https:\/\/educazione.chiesacattolica.it\/\"\n\t\t\ttarget=\"_blank\" rel=\"noopener noreferrer\" \t\t>\n\t\t\t<img loading=\"lazy\" decoding=\"async\" src=\"https:\/\/www.chiesadigenova.it\/universita\/wp-content\/uploads\/sites\/18\/2022\/02\/scuola-universita-cei.png\" width=\"4724\" height=\"984\" srcset=\"https:\/\/www.chiesadigenova.it\/universita\/wp-content\/uploads\/sites\/18\/2022\/02\/scuola-universita-cei.png 4724w, https:\/\/www.chiesadigenova.it\/universita\/wp-content\/uploads\/sites\/18\/2022\/02\/scuola-universita-cei-300x62.png 300w, https:\/\/www.chiesadigenova.it\/universita\/wp-content\/uploads\/sites\/18\/2022\/02\/scuola-universita-cei-1024x213.png 1024w, https:\/\/www.chiesadigenova.it\/universita\/wp-content\/uploads\/sites\/18\/2022\/02\/scuola-universita-cei-768x160.png 768w, https:\/\/www.chiesadigenova.it\/universita\/wp-content\/uploads\/sites\/18\/2022\/02\/scuola-universita-cei-1536x320.png 1536w, https:\/\/www.chiesadigenova.it\/universita\/wp-content\/uploads\/sites\/18\/2022\/02\/scuola-universita-cei-2048x427.png 2048w, https:\/\/www.chiesadigenova.it\/universita\/wp-content\/uploads\/sites\/18\/2022\/02\/scuola-universita-cei-800x167.png 800w, https:\/\/www.chiesadigenova.it\/universita\/wp-content\/uploads\/sites\/18\/2022\/02\/scuola-universita-cei-1200x250.png 1200w\" sizes=\"(max-width: 4724px) 100vw, 4724px\" title=\"universit\u00e0 chiesacattolica\" alt=\"universit\u00e0 chiesacattolica\" \t\tclass=\"so-widget-image\"\/>\n\t<\/a><\/div>\n\n<\/div><\/div><div id=\"panel-4-0-1-2\" class=\"so-panel widget widget_sow-image panel-last-child\" data-index=\"3\" ><div\n\t\t\t\n\t\t\tclass=\"so-widget-sow-image so-widget-sow-image-default-dbf295114b96-576\"\n\t\t\t\n\t\t>\n\n<div class=\"sow-image-container\">\n\t\t\t<a href=\"https:\/\/www.chiesadigenova.it\/\"\n\t\t\t\t\t>\n\t\t\t<img loading=\"lazy\" decoding=\"async\" src=\"https:\/\/www.chiesadigenova.it\/universita\/wp-content\/uploads\/sites\/18\/2024\/09\/chiesadiGenova.png\" width=\"342\" height=\"87\" srcset=\"https:\/\/www.chiesadigenova.it\/universita\/wp-content\/uploads\/sites\/18\/2024\/09\/chiesadiGenova.png 342w, https:\/\/www.chiesadigenova.it\/universita\/wp-content\/uploads\/sites\/18\/2024\/09\/chiesadiGenova-300x76.png 300w\" sizes=\"(max-width: 342px) 100vw, 342px\" title=\"chiesadigenova.it\" alt=\"chiesadigenova.it\" \t\tclass=\"so-widget-image\"\/>\n\t<\/a><\/div>\n\n<\/div><\/div><\/div><\/div><\/div><\/div>","protected":false},"excerpt":{"rendered":"<p>Coordinatore Prof.ssa Eleonora Russo &nbsp; &nbsp; Segreteria: Dott.ssa Gloria Gitto Orario di apertura al pubblico dell&#8217;ufficio: dal luned\u00ec al venerd\u00ec SOLO MATTINO ore 9.00 &#8211; 13.00 Contatti Tel. 010.2700 251 Email: universita@diocesi.genova.it<\/p>\n","protected":false},"author":1,"featured_media":0,"parent":0,"menu_order":0,"comment_status":"closed","ping_status":"closed","template":"","meta":{"_acf_changed":false,"footnotes":""},"acf":{"seed-localization-paese-cod":"IT","seed-localization-address":"","seed-localization-citta":"Genova","seed-localization-regione-cod-istat":"07","seed-localization-citta-cod-istat":"010025","seed-localization-localita":"","seed-localization-cap":"","seed-localization-geo":{"lat":41.9053433,"lng":12.5120544,"zoom":10,"layers":["OpenStreetMap.Mapnik"],"markers":[],"address":"","version":"1.5.6"},"seed-localization-marker-visibility":false,"seed-localization-children-visibility":false,"seed-localization-kml":"","seed-localization-custom-marker":""},"_links":{"self":[{"href":"https:\/\/www.chiesadigenova.it\/universita\/wp-json\/wp\/v2\/pages\/4"}],"collection":[{"href":"https:\/\/www.chiesadigenova.it\/universita\/wp-json\/wp\/v2\/pages"}],"about":[{"href":"https:\/\/www.chiesadigenova.it\/universita\/wp-json\/wp\/v2\/types\/page"}],"author":[{"embeddable":true,"href":"https:\/\/www.chiesadigenova.it\/universita\/wp-json\/wp\/v2\/users\/1"}],"replies":[{"embeddable":true,"href":"https:\/\/www.chiesadigenova.it\/universita\/wp-json\/wp\/v2\/comments?post=4"}],"version-history":[{"count":42,"href":"https:\/\/www.chiesadigenova.it\/universita\/wp-json\/wp\/v2\/pages\/4\/revisions"}],"predecessor-version":[{"id":442,"href":"https:\/\/www.chiesadigenova.it\/universita\/wp-json\/wp\/v2\/pages\/4\/revisions\/442"}],"wp:attachment":[{"href":"https:\/\/www.chiesadigenova.it\/universita\/wp-json\/wp\/v2\/media?parent=4"}],"curies":[{"name":"wp","href":"https:\/\/api.w.org\/{rel}","templated":true}]}}