{"id":5,"date":"2019-05-15T17:58:14","date_gmt":"2019-05-15T15:58:14","guid":{"rendered":"http:\/\/turismo.chiesadigenova.it\/?page_id=5"},"modified":"2026-04-01T15:45:28","modified_gmt":"2026-04-01T13:45:28","slug":"home-page","status":"publish","type":"page","link":"https:\/\/www.chiesadigenova.it\/turismo\/","title":{"rendered":"Home Page"},"content":{"rendered":"<div id=\"pl-5\"  class=\"panel-layout\" ><div id=\"pg-5-0\"  class=\"panel-grid panel-has-style\" ><div id=\"centro_hp\" class=\"panel-row-style panel-row-style-for-5-0\" ><div id=\"pgc-5-0-0\"  class=\"panel-grid-cell\" ><div id=\"panel-5-0-0-0\" class=\"so-panel widget widget_bso-so-widget-all-in-one panel-first-child panel-last-child\" data-index=\"0\" ><div id=\"news_one\" class=\"panel-widget-style panel-widget-style-for-5-0-0-0\" ><div\n\t\t\t\n\t\t\tclass=\"so-widget-bso-so-widget-all-in-one so-widget-bso-so-widget-all-in-one-default-d75171398898-5\"\n\t\t\t\n\t\t><div>\n<div class=\"widget_title\">Ultime <b>Notizie<\/b><div class=\"arch_news\"><a href=\"\/turismo\/category\/notizie\/\">Tutte le news <i class=\"fa-solid fa-arrow-right\"><\/i><\/a><\/div><\/div>                             <div class=\"single_news\">\n<div class=\"immagineapp\"><a href=\"https:\/\/www.chiesadigenova.it\/turismo\/papa-leone-xiv-agli-atleti-in-tempi-di-guerre-lo-sport-promuove-la-logica-dellincontro\/\"><img decoding=\"async\" src=\"https:\/\/www.chiesadigenova.it\/turismo\/wp-content\/uploads\/sites\/17\/2026\/04\/SIM5622-150x150.jpg\" \/><\/a><\/div>\n<h2><a href=\"https:\/\/www.chiesadigenova.it\/turismo\/papa-leone-xiv-agli-atleti-in-tempi-di-guerre-lo-sport-promuove-la-logica-dellincontro\/\">Papa Leone XIV agli atleti: &#8220;In tempi di guerre, lo sport promuove la logica dell\u2019incontro&#8221;<\/a><\/h2>\n<h5><\/h5>\n<div class=\"preview_txt\">Nel tempo presente, segnato da tensioni globali, conflitti e profonde divisioni, lo sport torna a proporsi come linguaggio universale capace di unire i popoli. \u00c8 in questo orizzonte che si colloca il discorso di Papa Leone XIV rivolto al mondo olimpico, in occasione dei Giochi invernali di Milano-Cortina 2026. Un&hellip; <a href=\"https:\/\/www.chiesadigenova.it\/turismo\/papa-leone-xiv-agli-atleti-in-tempi-di-guerre-lo-sport-promuove-la-logica-dellincontro\/\" class=\"read-more\">leggi \u00bb<\/a><\/div>\n<\/div>\n                                                       <div class=\"single_news\">\n<div class=\"immagineapp\"><a href=\"https:\/\/www.chiesadigenova.it\/turismo\/anche-a-genova-il-giubileo-dello-sportivo\/\"><img decoding=\"async\" src=\"https:\/\/www.chiesadigenova.it\/turismo\/wp-content\/uploads\/sites\/17\/2025\/05\/250513Giubileo-dello-Sport-150x150.jpg\" \/><\/a><\/div>\n<h2><a href=\"https:\/\/www.chiesadigenova.it\/turismo\/anche-a-genova-il-giubileo-dello-sportivo\/\">Anche a Genova il Giubileo dello Sportivo<\/a><\/h2>\n<h5><\/h5>\n<div class=\"preview_txt\">Gli\u00a0Uffici Sport, Turismo e Tempo Libero delle Diocesi della Conferenza Episcopale Ligure\u00a0hanno predisposto il progetto\u00a0\u201cSport e speranza \u2013 Giubileo dello Sportivo\u201d, in sintonia con il calendario giubilare che fissa questo appuntamento a Roma sabato 14 e domenica 15 giugno. In Liguria sono in programma attivit\u00e0 non solo sportive, ma attinenti alla sfera della cultura, con il coinvolgimento di parrocchie,&hellip; <a href=\"https:\/\/www.chiesadigenova.it\/turismo\/anche-a-genova-il-giubileo-dello-sportivo\/\" class=\"read-more\">leggi \u00bb<\/a><\/div>\n<\/div>\n                                                       <div class=\"single_news\">\n<div class=\"immagineapp\"><a href=\"https:\/\/www.chiesadigenova.it\/turismo\/enrico-carmagnani-lo-sport-sia-un-mezzo-per-allenarci-alle-sfide-della-vita\/\"><img decoding=\"async\" src=\"https:\/\/www.chiesadigenova.it\/turismo\/wp-content\/uploads\/sites\/17\/2025\/02\/Presidente-Enrico-Carmagnani-min-150x150.jpg\" \/><\/a><\/div>\n<h2><a href=\"https:\/\/www.chiesadigenova.it\/turismo\/enrico-carmagnani-lo-sport-sia-un-mezzo-per-allenarci-alle-sfide-della-vita\/\">Enrico Carmagnani: \u00abLo sport sia un mezzo per allenarci alle sfide della vita!\u00bb<\/a><\/h2>\n<h5><\/h5>\n<div class=\"preview_txt\">\u201cFate attenzione, vegliate, perch\u00e9 non sapete quando \u00e8 il momento. \u00c8 come un uomo, che \u00e8 partito dopo aver lasciato la propria casa e dato il potere ai suoi servi, a ciascuno il suo compito, e ha ordinato al portiere di vegliare. Vegliate dunque: voi non sapete quando il padrone di casa ritorner\u00e0, se alla sera o a mezzanotte o&hellip; <a href=\"https:\/\/www.chiesadigenova.it\/turismo\/enrico-carmagnani-lo-sport-sia-un-mezzo-per-allenarci-alle-sfide-della-vita\/\" class=\"read-more\">leggi \u00bb<\/a><\/div>\n<\/div>\n                           <\/div><\/div><\/div><\/div><\/div><div id=\"pgc-5-0-1\"  class=\"panel-grid-cell\" ><div id=\"panel-5-0-1-0\" class=\"so-panel widget widget_sow-editor panel-first-child\" data-index=\"1\" ><div\n\t\t\t\n\t\t\tclass=\"so-widget-sow-editor so-widget-sow-editor-base\"\n\t\t\t\n\t\t>\n<div class=\"siteorigin-widget-tinymce textwidget\">\n\t<p>&nbsp;<\/p>\n<p><strong>Coordinatore<br \/>\n<\/strong>Dott. Livio Ravera<\/p>\n<p><strong>Vice Coordinatore<\/strong><br \/>\nDott. Claudio Attilio Alvisi<\/p>\n<p><strong>Assistente spirituale<\/strong><br \/>\n<a href=\"https:\/\/www.chiesadigenova.it\/wd-annuario-persone\/andrea-perini-501\/\">Sac. Andrea Perini<\/a><\/p>\n<p>&nbsp;<\/p>\n<\/div>\n<\/div><\/div><div id=\"panel-5-0-1-1\" class=\"so-panel widget widget_sow-image\" data-index=\"2\" ><div\n\t\t\t\n\t\t\tclass=\"so-widget-sow-image so-widget-sow-image-default-8b5b6f678277-118\"\n\t\t\t\n\t\t>\n\n<div class=\"sow-image-container\">\n\t\t\t<a href=\"https:\/\/turismo.chiesacattolica.it\/\"\n\t\t\t\t\t>\n\t\t\t<img loading=\"lazy\" decoding=\"async\" src=\"https:\/\/www.chiesadigenova.it\/turismo\/wp-content\/uploads\/sites\/17\/2022\/02\/tenpo-libero-sport-cei.png\" width=\"4724\" height=\"984\" srcset=\"https:\/\/www.chiesadigenova.it\/turismo\/wp-content\/uploads\/sites\/17\/2022\/02\/tenpo-libero-sport-cei.png 4724w, https:\/\/www.chiesadigenova.it\/turismo\/wp-content\/uploads\/sites\/17\/2022\/02\/tenpo-libero-sport-cei-300x62.png 300w, https:\/\/www.chiesadigenova.it\/turismo\/wp-content\/uploads\/sites\/17\/2022\/02\/tenpo-libero-sport-cei-1024x213.png 1024w, https:\/\/www.chiesadigenova.it\/turismo\/wp-content\/uploads\/sites\/17\/2022\/02\/tenpo-libero-sport-cei-768x160.png 768w, https:\/\/www.chiesadigenova.it\/turismo\/wp-content\/uploads\/sites\/17\/2022\/02\/tenpo-libero-sport-cei-1536x320.png 1536w, https:\/\/www.chiesadigenova.it\/turismo\/wp-content\/uploads\/sites\/17\/2022\/02\/tenpo-libero-sport-cei-2048x427.png 2048w, https:\/\/www.chiesadigenova.it\/turismo\/wp-content\/uploads\/sites\/17\/2022\/02\/tenpo-libero-sport-cei-800x167.png 800w, https:\/\/www.chiesadigenova.it\/turismo\/wp-content\/uploads\/sites\/17\/2022\/02\/tenpo-libero-sport-cei-1200x250.png 1200w\" sizes=\"(max-width: 4724px) 100vw, 4724px\" title=\"turismo chiesacattolica\" alt=\"turismo chiesacattolica\" \t\tclass=\"so-widget-image\"\/>\n\t<\/a><\/div>\n\n<\/div><\/div><div id=\"panel-5-0-1-2\" class=\"so-panel widget widget_sow-image panel-last-child\" data-index=\"3\" ><div\n\t\t\t\n\t\t\tclass=\"so-widget-sow-image so-widget-sow-image-default-dbf295114b96-118\"\n\t\t\t\n\t\t>\n\n<div class=\"sow-image-container\">\n\t\t\t<a href=\"https:\/\/www.chiesadigenova.it\/\"\n\t\t\t\t\t>\n\t\t\t<img loading=\"lazy\" decoding=\"async\" src=\"https:\/\/www.chiesadigenova.it\/turismo\/wp-content\/uploads\/sites\/17\/2024\/09\/chiesadiGenova.png\" width=\"342\" height=\"87\" srcset=\"https:\/\/www.chiesadigenova.it\/turismo\/wp-content\/uploads\/sites\/17\/2024\/09\/chiesadiGenova.png 342w, https:\/\/www.chiesadigenova.it\/turismo\/wp-content\/uploads\/sites\/17\/2024\/09\/chiesadiGenova-300x76.png 300w\" sizes=\"(max-width: 342px) 100vw, 342px\" title=\"chiesadigenova.it\" alt=\"chiesadigenova.it\" \t\tclass=\"so-widget-image\"\/>\n\t<\/a><\/div>\n\n<\/div><\/div><\/div><\/div><\/div><\/div>","protected":false},"excerpt":{"rendered":"<p>&nbsp; Coordinatore Dott. Livio Ravera Vice Coordinatore Dott. Claudio Attilio Alvisi Assistente spirituale Sac. Andrea Perini &nbsp;<\/p>\n","protected":false},"author":1,"featured_media":0,"parent":0,"menu_order":0,"comment_status":"closed","ping_status":"closed","template":"","meta":{"_acf_changed":false,"footnotes":""},"acf":{"seed-localization-paese-cod":"","seed-localization-address":"","seed-localization-citta":"","seed-localization-regione-cod-istat":"","seed-localization-citta-cod-istat":"","seed-localization-localita":"","seed-localization-cap":"","seed-localization-geo":{"lat":41.9053433,"lng":12.5120544,"zoom":10,"layers":["OpenStreetMap.Mapnik"],"markers":[],"address":"","version":"1.5.6"},"seed-localization-marker-visibility":false,"seed-localization-children-visibility":false,"seed-localization-kml":"","seed-localization-custom-marker":""},"_links":{"self":[{"href":"https:\/\/www.chiesadigenova.it\/turismo\/wp-json\/wp\/v2\/pages\/5"}],"collection":[{"href":"https:\/\/www.chiesadigenova.it\/turismo\/wp-json\/wp\/v2\/pages"}],"about":[{"href":"https:\/\/www.chiesadigenova.it\/turismo\/wp-json\/wp\/v2\/types\/page"}],"author":[{"embeddable":true,"href":"https:\/\/www.chiesadigenova.it\/turismo\/wp-json\/wp\/v2\/users\/1"}],"replies":[{"embeddable":true,"href":"https:\/\/www.chiesadigenova.it\/turismo\/wp-json\/wp\/v2\/comments?post=5"}],"version-history":[{"count":30,"href":"https:\/\/www.chiesadigenova.it\/turismo\/wp-json\/wp\/v2\/pages\/5\/revisions"}],"predecessor-version":[{"id":131,"href":"https:\/\/www.chiesadigenova.it\/turismo\/wp-json\/wp\/v2\/pages\/5\/revisions\/131"}],"wp:attachment":[{"href":"https:\/\/www.chiesadigenova.it\/turismo\/wp-json\/wp\/v2\/media?parent=5"}],"curies":[{"name":"wp","href":"https:\/\/api.w.org\/{rel}","templated":true}]}}