{"id":228,"date":"2023-06-06T14:27:42","date_gmt":"2023-06-06T12:27:42","guid":{"rendered":"https:\/\/www.chiesadigenova.it\/seminario\/?page_id=228"},"modified":"2025-02-12T12:00:54","modified_gmt":"2025-02-12T11:00:54","slug":"la-comunita-del-seminario","status":"publish","type":"page","link":"https:\/\/www.chiesadigenova.it\/seminario\/la-comunita-del-seminario\/","title":{"rendered":"La comunit\u00e0 del Seminario"},"content":{"rendered":"<p><img loading=\"lazy\" decoding=\"async\" class=\"size-medium wp-image-229 alignleft\" src=\"https:\/\/www.chiesadigenova.it\/seminario\/wp-content\/uploads\/sites\/27\/2023\/06\/comunita-2-300x225.jpg\" alt=\"\" width=\"300\" height=\"225\" srcset=\"https:\/\/www.chiesadigenova.it\/seminario\/wp-content\/uploads\/sites\/27\/2023\/06\/comunita-2-300x225.jpg 300w, https:\/\/www.chiesadigenova.it\/seminario\/wp-content\/uploads\/sites\/27\/2023\/06\/comunita-2-1024x768.jpg 1024w, https:\/\/www.chiesadigenova.it\/seminario\/wp-content\/uploads\/sites\/27\/2023\/06\/comunita-2-768x576.jpg 768w, https:\/\/www.chiesadigenova.it\/seminario\/wp-content\/uploads\/sites\/27\/2023\/06\/comunita-2-1536x1152.jpg 1536w, https:\/\/www.chiesadigenova.it\/seminario\/wp-content\/uploads\/sites\/27\/2023\/06\/comunita-2-600x450.jpg 600w, https:\/\/www.chiesadigenova.it\/seminario\/wp-content\/uploads\/sites\/27\/2023\/06\/comunita-2-1200x900.jpg 1200w, https:\/\/www.chiesadigenova.it\/seminario\/wp-content\/uploads\/sites\/27\/2023\/06\/comunita-2-800x600.jpg 800w, https:\/\/www.chiesadigenova.it\/seminario\/wp-content\/uploads\/sites\/27\/2023\/06\/comunita-2.jpg 2048w\" sizes=\"auto, (max-width: 300px) 100vw, 300px\" \/><\/p>\n<p>Ad oggi, la comunit\u00e0 del seminario di Genova \u00e8 formata da 13 ragazzi, impegnati un percorso di almeno sette anni: l\u2019anno propedeutico, per un primo discernimento, i cinque anni di teologia, l\u2019anno pastorale.<\/p>\n<p>Dei seminaristi solo in 5 sono genovesi (oltre ai due diaconi presto sacerdoti), altri 2 appartengono alla diocesi di La Spezia, 2 sono Srilankesi, (completati gli studi, saranno preti per la loro diocesi di Colombo, in Sri Lanka) e 3 alessandrini (oltre ad un ragazzo nell&#8217;anno propedeutico).<\/p>\n<p>&nbsp;<\/p>\n","protected":false},"excerpt":{"rendered":"<p>Ad oggi, la comunit\u00e0 del seminario di Genova \u00e8 formata da 13 ragazzi, impegnati un percorso di almeno sette anni: l\u2019anno propedeutico, per un primo discernimento, i cinque anni di teologia, l\u2019anno pastorale. Dei seminaristi solo in 5 sono genovesi (oltre ai due diaconi presto sacerdoti), altri 2 appartengono alla diocesi di La Spezia, 2 [&hellip;]<\/p>\n","protected":false},"author":3,"featured_media":0,"parent":0,"menu_order":0,"comment_status":"closed","ping_status":"closed","template":"","meta":{"_acf_changed":false,"footnotes":""},"class_list":["post-228","page","type-page","status-publish","hentry"],"acf":[],"yoast_head":"<!-- This site is optimized with the Yoast SEO plugin v23.0 - https:\/\/yoast.com\/wordpress\/plugins\/seo\/ -->\n<title>La comunit\u00e0 del Seminario - Seminario Arcivescovile<\/title>\n<meta name=\"robots\" content=\"index, follow, max-snippet:-1, max-image-preview:large, max-video-preview:-1\" \/>\n<link rel=\"canonical\" href=\"https:\/\/www.chiesadigenova.it\/seminario\/la-comunita-del-seminario\/\" \/>\n<meta property=\"og:locale\" content=\"it_IT\" \/>\n<meta property=\"og:type\" content=\"article\" \/>\n<meta property=\"og:title\" content=\"La comunit\u00e0 del Seminario - Seminario Arcivescovile\" \/>\n<meta property=\"og:description\" content=\"Ad oggi, la comunit\u00e0 del seminario di Genova \u00e8 formata da 13 ragazzi, impegnati un percorso di almeno sette anni: l\u2019anno propedeutico, per un primo discernimento, i cinque anni di teologia, l\u2019anno pastorale. Dei seminaristi solo in 5 sono genovesi (oltre ai due diaconi presto sacerdoti), altri 2 appartengono alla diocesi di La Spezia, 2 [&hellip;]\" \/>\n<meta property=\"og:url\" content=\"https:\/\/www.chiesadigenova.it\/seminario\/la-comunita-del-seminario\/\" \/>\n<meta property=\"og:site_name\" content=\"Seminario Arcivescovile\" \/>\n<meta property=\"article:modified_time\" content=\"2025-02-12T11:00:54+00:00\" \/>\n<meta property=\"og:image\" content=\"https:\/\/www.chiesadigenova.it\/seminario\/wp-content\/uploads\/sites\/27\/2023\/06\/comunita-2-300x225.jpg\" \/>\n<meta name=\"twitter:card\" content=\"summary_large_image\" \/>\n<meta name=\"twitter:label1\" content=\"Tempo di lettura stimato\" \/>\n\t<meta name=\"twitter:data1\" content=\"1 minuto\" \/>\n<script type=\"application\/ld+json\" class=\"yoast-schema-graph\">{\"@context\":\"https:\/\/schema.org\",\"@graph\":[{\"@type\":\"WebPage\",\"@id\":\"https:\/\/www.chiesadigenova.it\/seminario\/la-comunita-del-seminario\/\",\"url\":\"https:\/\/www.chiesadigenova.it\/seminario\/la-comunita-del-seminario\/\",\"name\":\"La comunit\u00e0 del Seminario - Seminario Arcivescovile\",\"isPartOf\":{\"@id\":\"https:\/\/www.chiesadigenova.it\/seminario\/#website\"},\"primaryImageOfPage\":{\"@id\":\"https:\/\/www.chiesadigenova.it\/seminario\/la-comunita-del-seminario\/#primaryimage\"},\"image\":{\"@id\":\"https:\/\/www.chiesadigenova.it\/seminario\/la-comunita-del-seminario\/#primaryimage\"},\"thumbnailUrl\":\"https:\/\/www.chiesadigenova.it\/seminario\/wp-content\/uploads\/sites\/27\/2023\/06\/comunita-2-300x225.jpg\",\"datePublished\":\"2023-06-06T12:27:42+00:00\",\"dateModified\":\"2025-02-12T11:00:54+00:00\",\"breadcrumb\":{\"@id\":\"https:\/\/www.chiesadigenova.it\/seminario\/la-comunita-del-seminario\/#breadcrumb\"},\"inLanguage\":\"it-IT\",\"potentialAction\":[{\"@type\":\"ReadAction\",\"target\":[\"https:\/\/www.chiesadigenova.it\/seminario\/la-comunita-del-seminario\/\"]}]},{\"@type\":\"ImageObject\",\"inLanguage\":\"it-IT\",\"@id\":\"https:\/\/www.chiesadigenova.it\/seminario\/la-comunita-del-seminario\/#primaryimage\",\"url\":\"https:\/\/www.chiesadigenova.it\/seminario\/wp-content\/uploads\/sites\/27\/2023\/06\/comunita-2.jpg\",\"contentUrl\":\"https:\/\/www.chiesadigenova.it\/seminario\/wp-content\/uploads\/sites\/27\/2023\/06\/comunita-2.jpg\",\"width\":2048,\"height\":1536},{\"@type\":\"BreadcrumbList\",\"@id\":\"https:\/\/www.chiesadigenova.it\/seminario\/la-comunita-del-seminario\/#breadcrumb\",\"itemListElement\":[{\"@type\":\"ListItem\",\"position\":1,\"name\":\"Home\",\"item\":\"https:\/\/www.chiesadigenova.it\/seminario\/\"},{\"@type\":\"ListItem\",\"position\":2,\"name\":\"La comunit\u00e0 del Seminario\"}]},{\"@type\":\"WebSite\",\"@id\":\"https:\/\/www.chiesadigenova.it\/seminario\/#website\",\"url\":\"https:\/\/www.chiesadigenova.it\/seminario\/\",\"name\":\"Seminario Arcivescovile\",\"description\":\"\",\"publisher\":{\"@id\":\"https:\/\/www.chiesadigenova.it\/seminario\/#organization\"},\"potentialAction\":[{\"@type\":\"SearchAction\",\"target\":{\"@type\":\"EntryPoint\",\"urlTemplate\":\"https:\/\/www.chiesadigenova.it\/seminario\/?s={search_term_string}\"},\"query-input\":\"required name=search_term_string\"}],\"inLanguage\":\"it-IT\"},{\"@type\":\"Organization\",\"@id\":\"https:\/\/www.chiesadigenova.it\/seminario\/#organization\",\"name\":\"Seminario Arcivescovile\",\"url\":\"https:\/\/www.chiesadigenova.it\/seminario\/\",\"logo\":{\"@type\":\"ImageObject\",\"inLanguage\":\"it-IT\",\"@id\":\"https:\/\/www.chiesadigenova.it\/seminario\/#\/schema\/logo\/image\/\",\"url\":\"https:\/\/www.chiesadigenova.it\/seminario\/wp-content\/uploads\/sites\/27\/2022\/11\/cropped-seminario4.png\",\"contentUrl\":\"https:\/\/www.chiesadigenova.it\/seminario\/wp-content\/uploads\/sites\/27\/2022\/11\/cropped-seminario4.png\",\"width\":7102,\"height\":1282,\"caption\":\"Seminario Arcivescovile\"},\"image\":{\"@id\":\"https:\/\/www.chiesadigenova.it\/seminario\/#\/schema\/logo\/image\/\"}}]}<\/script>\n<!-- \/ Yoast SEO plugin. -->","yoast_head_json":{"title":"La comunit\u00e0 del Seminario - Seminario Arcivescovile","robots":{"index":"index","follow":"follow","max-snippet":"max-snippet:-1","max-image-preview":"max-image-preview:large","max-video-preview":"max-video-preview:-1"},"canonical":"https:\/\/www.chiesadigenova.it\/seminario\/la-comunita-del-seminario\/","og_locale":"it_IT","og_type":"article","og_title":"La comunit\u00e0 del Seminario - Seminario Arcivescovile","og_description":"Ad oggi, la comunit\u00e0 del seminario di Genova \u00e8 formata da 13 ragazzi, impegnati un percorso di almeno sette anni: l\u2019anno propedeutico, per un primo discernimento, i cinque anni di teologia, l\u2019anno pastorale. Dei seminaristi solo in 5 sono genovesi (oltre ai due diaconi presto sacerdoti), altri 2 appartengono alla diocesi di La Spezia, 2 [&hellip;]","og_url":"https:\/\/www.chiesadigenova.it\/seminario\/la-comunita-del-seminario\/","og_site_name":"Seminario Arcivescovile","article_modified_time":"2025-02-12T11:00:54+00:00","og_image":[{"url":"https:\/\/www.chiesadigenova.it\/seminario\/wp-content\/uploads\/sites\/27\/2023\/06\/comunita-2-300x225.jpg"}],"twitter_card":"summary_large_image","twitter_misc":{"Tempo di lettura stimato":"1 minuto"},"schema":{"@context":"https:\/\/schema.org","@graph":[{"@type":"WebPage","@id":"https:\/\/www.chiesadigenova.it\/seminario\/la-comunita-del-seminario\/","url":"https:\/\/www.chiesadigenova.it\/seminario\/la-comunita-del-seminario\/","name":"La comunit\u00e0 del Seminario - Seminario Arcivescovile","isPartOf":{"@id":"https:\/\/www.chiesadigenova.it\/seminario\/#website"},"primaryImageOfPage":{"@id":"https:\/\/www.chiesadigenova.it\/seminario\/la-comunita-del-seminario\/#primaryimage"},"image":{"@id":"https:\/\/www.chiesadigenova.it\/seminario\/la-comunita-del-seminario\/#primaryimage"},"thumbnailUrl":"https:\/\/www.chiesadigenova.it\/seminario\/wp-content\/uploads\/sites\/27\/2023\/06\/comunita-2-300x225.jpg","datePublished":"2023-06-06T12:27:42+00:00","dateModified":"2025-02-12T11:00:54+00:00","breadcrumb":{"@id":"https:\/\/www.chiesadigenova.it\/seminario\/la-comunita-del-seminario\/#breadcrumb"},"inLanguage":"it-IT","potentialAction":[{"@type":"ReadAction","target":["https:\/\/www.chiesadigenova.it\/seminario\/la-comunita-del-seminario\/"]}]},{"@type":"ImageObject","inLanguage":"it-IT","@id":"https:\/\/www.chiesadigenova.it\/seminario\/la-comunita-del-seminario\/#primaryimage","url":"https:\/\/www.chiesadigenova.it\/seminario\/wp-content\/uploads\/sites\/27\/2023\/06\/comunita-2.jpg","contentUrl":"https:\/\/www.chiesadigenova.it\/seminario\/wp-content\/uploads\/sites\/27\/2023\/06\/comunita-2.jpg","width":2048,"height":1536},{"@type":"BreadcrumbList","@id":"https:\/\/www.chiesadigenova.it\/seminario\/la-comunita-del-seminario\/#breadcrumb","itemListElement":[{"@type":"ListItem","position":1,"name":"Home","item":"https:\/\/www.chiesadigenova.it\/seminario\/"},{"@type":"ListItem","position":2,"name":"La comunit\u00e0 del Seminario"}]},{"@type":"WebSite","@id":"https:\/\/www.chiesadigenova.it\/seminario\/#website","url":"https:\/\/www.chiesadigenova.it\/seminario\/","name":"Seminario Arcivescovile","description":"","publisher":{"@id":"https:\/\/www.chiesadigenova.it\/seminario\/#organization"},"potentialAction":[{"@type":"SearchAction","target":{"@type":"EntryPoint","urlTemplate":"https:\/\/www.chiesadigenova.it\/seminario\/?s={search_term_string}"},"query-input":"required name=search_term_string"}],"inLanguage":"it-IT"},{"@type":"Organization","@id":"https:\/\/www.chiesadigenova.it\/seminario\/#organization","name":"Seminario Arcivescovile","url":"https:\/\/www.chiesadigenova.it\/seminario\/","logo":{"@type":"ImageObject","inLanguage":"it-IT","@id":"https:\/\/www.chiesadigenova.it\/seminario\/#\/schema\/logo\/image\/","url":"https:\/\/www.chiesadigenova.it\/seminario\/wp-content\/uploads\/sites\/27\/2022\/11\/cropped-seminario4.png","contentUrl":"https:\/\/www.chiesadigenova.it\/seminario\/wp-content\/uploads\/sites\/27\/2022\/11\/cropped-seminario4.png","width":7102,"height":1282,"caption":"Seminario Arcivescovile"},"image":{"@id":"https:\/\/www.chiesadigenova.it\/seminario\/#\/schema\/logo\/image\/"}}]}},"_links":{"self":[{"href":"https:\/\/www.chiesadigenova.it\/seminario\/wp-json\/wp\/v2\/pages\/228","targetHints":{"allow":["GET"]}}],"collection":[{"href":"https:\/\/www.chiesadigenova.it\/seminario\/wp-json\/wp\/v2\/pages"}],"about":[{"href":"https:\/\/www.chiesadigenova.it\/seminario\/wp-json\/wp\/v2\/types\/page"}],"author":[{"embeddable":true,"href":"https:\/\/www.chiesadigenova.it\/seminario\/wp-json\/wp\/v2\/users\/3"}],"replies":[{"embeddable":true,"href":"https:\/\/www.chiesadigenova.it\/seminario\/wp-json\/wp\/v2\/comments?post=228"}],"version-history":[{"count":4,"href":"https:\/\/www.chiesadigenova.it\/seminario\/wp-json\/wp\/v2\/pages\/228\/revisions"}],"predecessor-version":[{"id":524,"href":"https:\/\/www.chiesadigenova.it\/seminario\/wp-json\/wp\/v2\/pages\/228\/revisions\/524"}],"wp:attachment":[{"href":"https:\/\/www.chiesadigenova.it\/seminario\/wp-json\/wp\/v2\/media?parent=228"}],"curies":[{"name":"wp","href":"https:\/\/api.w.org\/{rel}","templated":true}]}}