{"id":905,"date":"2022-04-29T11:33:37","date_gmt":"2022-04-29T09:33:37","guid":{"rendered":"http:\/\/www.chiesadigenova.it\/scolastico\/?page_id=905"},"modified":"2022-05-02T18:09:11","modified_gmt":"2022-05-02T16:09:11","slug":"consulta-per-la-scuola","status":"publish","type":"page","link":"https:\/\/www.chiesadigenova.it\/scolastico\/consulta-per-la-scuola\/","title":{"rendered":"CONSULTA PER LA SCUOLA"},"content":{"rendered":"<div id=\"pl-905\"  class=\"panel-layout\" ><div id=\"pg-905-0\"  class=\"panel-grid panel-no-style\" ><div id=\"pgc-905-0-0\"  class=\"panel-grid-cell\" ><div id=\"panel-905-0-0-0\" class=\"so-panel widget widget_sow-editor panel-first-child panel-last-child\" data-index=\"0\" ><div\n\t\t\t\n\t\t\tclass=\"so-widget-sow-editor so-widget-sow-editor-base\"\n\t\t\t\n\t\t><h3 class=\"widget-title\">Consulta per la Suola<\/h3>\n<div class=\"siteorigin-widget-tinymce textwidget\">\n\t<p><img loading=\"lazy\" decoding=\"async\" class=\"aligncenter wp-image-871\" src=\"https:\/\/www.chiesadigenova.it\/scolastico\/wp-content\/uploads\/sites\/10\/2022\/03\/1index.jpg\" alt=\"\" width=\"400\" height=\"345\" \/><\/p>\n<p>La nostra Diocesi vuole offrire alla citt\u00e0 un servizio nel quale essenziale \u00e8 l\u2019attenzione al <em>mondo della scuola<\/em>.<\/p>\n<p>Per questo motivo \u00e8 stata rinnovata la <strong><em>Consulta diocesana per la scuola<\/em><\/strong>, indispensabile soprattutto per collegare le realt\u00e0 ecclesiali al mondo della scuola in una presenza di servizio e testimonianza.<\/p>\n<p>La Consulta dovr\u00e0 essere un luogo di condivisione di idee, esperienze, riflessioni diverse, ma con lo stile di attenzione ed ascolto ad un mondo complesso con precise caratteristiche di vita e di operativit\u00e0, cercando di essere vicino, nei modi pi\u00f9 opportuni, a tutti coloro che desiderano testimoniare, nella propria vita, il loro essere laici cristiani, proprio vivendo al meglio la quotidianit\u00e0 dell\u2019azione scolastica.<\/p>\n<p>Si \u00e8 operata la scelta di operare insieme tra tutte le componenti il sistema educativo, compresa la formazione professionale che troppo spesso non \u00e8 considerata dal mondo ecclesiale, mentre svolge un compito indispensabile verso i pi\u00f9 giovani.<\/p>\n<p>Verr\u00e0 seguita l\u2019indicazione della Conferenza Episcopale Italiana sulla pastorale scolastica e informarsi, osservando e analizzando ci\u00f2 che molte altre diocesi - simili alla nostra - gi\u00e0 stanno facendo, non perch\u00e9 da noi si sia fermi o inerti ma perch\u00e9 \u00e8 convinzione che si pu\u00f2 sempre imparare e fare meglio.<\/p>\n<p>A Genova, molte realt\u00e0 associative propongono da tempo iniziative sia sul piano formativo che sul piano del confronto; un primo passo importante sar\u00e0 la condivisione di tali momenti, riuscendo a predisporre una sorta di offerta di opportunit\u00e0 per tutti, complessiva e globale, unita dallo stesso sentire.<\/p>\n<p>Il servizio che aspetta i componenti la Consulta sar\u00e0 nel segno dell\u2019ascolto e del sostegno a ci\u00f2 che si vive.<\/p>\n<\/div>\n<\/div><\/div><\/div><div id=\"pgc-905-0-1\"  class=\"panel-grid-cell\" ><div id=\"panel-905-0-1-0\" class=\"so-panel widget widget_sow-editor panel-first-child panel-last-child\" data-index=\"1\" ><div\n\t\t\t\n\t\t\tclass=\"so-widget-sow-editor so-widget-sow-editor-base\"\n\t\t\t\n\t\t><h3 class=\"widget-title\">MENU<\/h3>\n<div class=\"siteorigin-widget-tinymce textwidget\">\n\t<h4><strong><a href=\"https:\/\/www.chiesadigenova.it\/scolastico\/category\/consulta-per-la-scuola\/calendario\/\" target=\"_blank\" rel=\"noopener noreferrer\">- Calendario<\/a><\/strong><\/h4>\n<h4><strong><a href=\"https:\/\/www.chiesadigenova.it\/scolastico\/category\/consulta-per-la-scuola\/documenti-consulta-per-la-scuola\/\" target=\"_blank\" rel=\"noopener noreferrer\">- Documenti<\/a><\/strong><\/h4>\n<h4><strong><a href=\"https:\/\/www.chiesadigenova.it\/scolastico\/category\/consulta-per-la-scuola\/formazione-consulta-per-la-scuola\/\" target=\"_blank\" rel=\"noopener noreferrer\">- Formazione<\/a><\/strong><\/h4>\n<h4><strong><a href=\"https:\/\/www.chiesadigenova.it\/scolastico\/category\/consulta-per-la-scuola\/istituzionale\/\" target=\"_blank\" rel=\"noopener noreferrer\">- Istituzionale<\/a><\/strong><\/h4>\n<h4><strong><a href=\"https:\/\/www.chiesadigenova.it\/scolastico\/category\/consulta-per-la-scuola\/media\/\" target=\"_blank\" rel=\"noopener noreferrer\">- Media<\/a><\/strong><\/h4>\n<p>&nbsp;<\/p>\n<p><a href=\"https:\/\/www.chiesadigenova.it\/scolastico\/category\/consulta-per-la-scuola\/\" target=\"_blank\" rel=\"noopener noreferrer\">&gt; Tutte le news e i materiali<\/a><\/p>\n<\/div>\n<\/div><\/div><\/div><\/div><\/div>","protected":false},"excerpt":{"rendered":"<p>La nostra Diocesi vuole offrire alla citt\u00e0 un servizio nel quale essenziale \u00e8 l\u2019attenzione al mondo della scuola. Per questo motivo \u00e8 stata rinnovata la Consulta diocesana per la scuola, indispensabile soprattutto per collegare le realt\u00e0 ecclesiali al mondo della scuola in una presenza di servizio e testimonianza. La Consulta dovr\u00e0 essere un luogo di [&hellip;]<\/p>\n","protected":false},"author":3,"featured_media":871,"parent":0,"menu_order":0,"comment_status":"closed","ping_status":"closed","template":"","meta":{"_acf_changed":false,"footnotes":""},"class_list":["post-905","page","type-page","status-publish","has-post-thumbnail","hentry"],"acf":{"seed-localization-paese-cod":"IT","seed-localization-address":"","seed-localization-citta":"Genova","seed-localization-regione-cod-istat":"07","seed-localization-citta-cod-istat":"010025","seed-localization-localita":"","seed-localization-cap":"","seed-localization-geo":{"lat":41.9053433,"lng":12.5099945,"zoom":10,"markers":[],"address":"","layers":["OpenStreetMap.Mapnik"],"version":"1.3.2"},"seed-localization-marker-visibility":false,"seed-localization-children-visibility":false,"seed-localization-kml":"","seed-localization-custom-marker":""},"_links":{"self":[{"href":"https:\/\/www.chiesadigenova.it\/scolastico\/wp-json\/wp\/v2\/pages\/905","targetHints":{"allow":["GET"]}}],"collection":[{"href":"https:\/\/www.chiesadigenova.it\/scolastico\/wp-json\/wp\/v2\/pages"}],"about":[{"href":"https:\/\/www.chiesadigenova.it\/scolastico\/wp-json\/wp\/v2\/types\/page"}],"author":[{"embeddable":true,"href":"https:\/\/www.chiesadigenova.it\/scolastico\/wp-json\/wp\/v2\/users\/3"}],"replies":[{"embeddable":true,"href":"https:\/\/www.chiesadigenova.it\/scolastico\/wp-json\/wp\/v2\/comments?post=905"}],"version-history":[{"count":13,"href":"https:\/\/www.chiesadigenova.it\/scolastico\/wp-json\/wp\/v2\/pages\/905\/revisions"}],"predecessor-version":[{"id":947,"href":"https:\/\/www.chiesadigenova.it\/scolastico\/wp-json\/wp\/v2\/pages\/905\/revisions\/947"}],"wp:featuredmedia":[{"embeddable":true,"href":"https:\/\/www.chiesadigenova.it\/scolastico\/wp-json\/wp\/v2\/media\/871"}],"wp:attachment":[{"href":"https:\/\/www.chiesadigenova.it\/scolastico\/wp-json\/wp\/v2\/media?parent=905"}],"curies":[{"name":"wp","href":"https:\/\/api.w.org\/{rel}","templated":true}]}}