{"id":4,"date":"2019-05-15T17:31:55","date_gmt":"2019-05-15T15:31:55","guid":{"rendered":"http:\/\/sanita.chiesadigenova.it\/?page_id=4"},"modified":"2025-03-18T14:58:57","modified_gmt":"2025-03-18T13:58:57","slug":"home-page","status":"publish","type":"page","link":"https:\/\/www.chiesadigenova.it\/sanita\/","title":{"rendered":"Home Page"},"content":{"rendered":"<div id=\"pl-4\"  class=\"panel-layout\" ><div id=\"pg-4-0\"  class=\"panel-grid panel-has-style\" ><div id=\"centro_hp\" class=\"panel-row-style panel-row-style-for-4-0\" ><div id=\"pgc-4-0-0\"  class=\"panel-grid-cell\" ><div id=\"panel-4-0-0-0\" class=\"so-panel widget widget_bso-so-widget-all-in-one panel-first-child panel-last-child\" data-index=\"0\" ><div id=\"news_one\" class=\"panel-widget-style panel-widget-style-for-4-0-0-0\" ><div\n\t\t\t\n\t\t\tclass=\"so-widget-bso-so-widget-all-in-one so-widget-bso-so-widget-all-in-one-default-d75171398898-4\"\n\t\t\t\n\t\t><div>\n<div class=\"widget_title\">Ultime <b>Notizie<\/b><div class=\"arch_news\"><a href=\"\/sanita\/category\/notizie\/\">Tutte le news <i class=\"fa-solid fa-arrow-right\"><\/i><\/a><\/div><\/div>                             <div class=\"single_news\">\n<div class=\"immagineapp\"><a href=\"https:\/\/www.chiesadigenova.it\/sanita\/il-galliera-in-preghiera-giovedi-26-marzo-la-via-crucis-tra-i-reparti-dellospedale\/\"><img decoding=\"async\" src=\"https:\/\/www.chiesadigenova.it\/sanita\/wp-content\/uploads\/sites\/16\/2025\/06\/galliera-150x150.jpg\" \/><\/a><\/div>\n<h2><a href=\"https:\/\/www.chiesadigenova.it\/sanita\/il-galliera-in-preghiera-giovedi-26-marzo-la-via-crucis-tra-i-reparti-dellospedale\/\">Il Galliera in preghiera: gioved\u00ec 26 marzo la Via Crucis tra i reparti dell&#8217;ospedale<\/a><\/h2>\n<h5><\/h5>\n<div class=\"preview_txt\">L\u2019Ente Ospedaliero Ospedali Galliera di Genova vivr\u00e0 un momento di profonda spiritualit\u00e0 e condivisione in preparazione alla Pasqua gioved\u00ec 26 marzo, a partire dalle ore 13:30 con \u00a0la tradizionale celebrazione della Via Crucis. L&#8217;iniziativa, pensata come un momento di sosta e riflessione nel cuore della vita ospedaliera, vedr\u00e0 la processione&hellip; <a href=\"https:\/\/www.chiesadigenova.it\/sanita\/il-galliera-in-preghiera-giovedi-26-marzo-la-via-crucis-tra-i-reparti-dellospedale\/\" class=\"read-more\">leggi \u00bb<\/a><\/div>\n<\/div>\n                                                       <div class=\"single_news\">\n<div class=\"immagineapp\"><a href=\"https:\/\/www.chiesadigenova.it\/sanita\/mercoledi-25-marzo-il-ritiro-spirituale-di-quaresima-per-la-terza-eta-a-bocca-di-magra\/\"><img decoding=\"async\" src=\"https:\/\/www.chiesadigenova.it\/sanita\/wp-content\/uploads\/sites\/16\/2024\/09\/bocca_magra-1-150x150.jpg\" \/><\/a><\/div>\n<h2><a href=\"https:\/\/www.chiesadigenova.it\/sanita\/mercoledi-25-marzo-il-ritiro-spirituale-di-quaresima-per-la-terza-eta-a-bocca-di-magra\/\">Mercoled\u00ec 25 marzo il Ritiro spirituale di Quaresima per la Terza Et\u00e0 a Bocca di Magra<\/a><\/h2>\n<h5><\/h5>\n<div class=\"preview_txt\">L\u2019Arcidiocesi di Genova, attraverso l\u2019Ufficio Pastorale della Salute, della Disabilit\u00e0 e della Terza Et\u00e0, propone una giornata di spiritualit\u00e0 dedicata agli anziani in occasione del tempo di Quaresima. L\u2019appuntamento \u00e8 per mercoled\u00ec 25 marzo presso il Centro Spiritualit\u00e0 di Bocca di Magra, in uno dei luoghi pi\u00f9 suggestivi della Riviera di Levante. Immerso nel verde e&hellip; <a href=\"https:\/\/www.chiesadigenova.it\/sanita\/mercoledi-25-marzo-il-ritiro-spirituale-di-quaresima-per-la-terza-eta-a-bocca-di-magra\/\" class=\"read-more\">leggi \u00bb<\/a><\/div>\n<\/div>\n                                                       <div class=\"single_news\">\n<div class=\"immagineapp\"><a href=\"https:\/\/www.chiesadigenova.it\/sanita\/tra-paura-e-speranza-il-senso-umano-e-cristiano-del-fine-vita-sabato-14-marzo-il-convegno-la-paura-e-la-speranza\/\"><img decoding=\"async\" src=\"https:\/\/www.chiesadigenova.it\/sanita\/wp-content\/uploads\/sites\/16\/2026\/02\/Locandina-Convegno-Fina-Vita_banner-150x150.jpeg\" \/><\/a><\/div>\n<h2><a href=\"https:\/\/www.chiesadigenova.it\/sanita\/tra-paura-e-speranza-il-senso-umano-e-cristiano-del-fine-vita-sabato-14-marzo-il-convegno-la-paura-e-la-speranza\/\">Tra paura e speranza: il senso umano e cristiano del fine vita. Sabato 14 marzo il Convegno &#8220;La paura e la speranza&#8221;<\/a><\/h2>\n<h5><\/h5>\n<div class=\"preview_txt\">&#8220;La paura e la speranza&#8221; quale titolo ha scelto per il convegno organizzato il Quadrivium per met\u00e0 marzo dal Movimento per la vita, mi pare ponga bene l&#8217;accento al cuore della questione del &#8220;fine vita&#8221;, espressione ormai comunemente usata per descrivere il mistero della morte. Nel suo discorso al corpo diplomatico il nove di gennaio il Santo Padre Leone XIV&hellip; <a href=\"https:\/\/www.chiesadigenova.it\/sanita\/tra-paura-e-speranza-il-senso-umano-e-cristiano-del-fine-vita-sabato-14-marzo-il-convegno-la-paura-e-la-speranza\/\" class=\"read-more\">leggi \u00bb<\/a><\/div>\n<\/div>\n                           <\/div><\/div><\/div><\/div><\/div><div id=\"pgc-4-0-1\"  class=\"panel-grid-cell\" ><div id=\"panel-4-0-1-0\" class=\"so-panel widget widget_sow-editor panel-first-child\" data-index=\"1\" ><div\n\t\t\t\n\t\t\tclass=\"so-widget-sow-editor so-widget-sow-editor-base\"\n\t\t\t\n\t\t>\n<div class=\"siteorigin-widget-tinymce textwidget\">\n\t<p><b><img loading=\"lazy\" decoding=\"async\" class=\"wp-image-86 alignleft\" src=\"https:\/\/www.chiesadigenova.it\/sanita\/wp-content\/uploads\/sites\/16\/2021\/12\/PESCETTO-214x300.jpg\" alt=\"\" width=\"86\" height=\"121\" srcset=\"https:\/\/www.chiesadigenova.it\/sanita\/wp-content\/uploads\/sites\/16\/2021\/12\/PESCETTO-214x300.jpg 214w, https:\/\/www.chiesadigenova.it\/sanita\/wp-content\/uploads\/sites\/16\/2021\/12\/PESCETTO.jpg 472w\" sizes=\"(max-width: 86px) 100vw, 86px\" \/>Coordinatore<\/b><\/p>\n<p><a href=\"https:\/\/www.chiesadigenova.it\/wd-annuario-persone\/matteo-pescetto-698\/\">Don Matteo Pescetto<\/a><\/p>\n<p>&nbsp;<\/p>\n<p>&nbsp;<\/p>\n<p><strong><img loading=\"lazy\" decoding=\"async\" class=\"size-full wp-image-288 alignleft\" src=\"https:\/\/www.chiesadigenova.it\/sanita\/wp-content\/uploads\/sites\/16\/2024\/12\/aragone1.jpg\" alt=\"\" width=\"91\" height=\"121\" \/>Vice Coordinatore<br \/>\n<\/strong>Dott. Luca Aragone<\/p>\n<p>&nbsp;<\/p>\n<p>&nbsp;<\/p>\n<p>&nbsp;<\/p>\n<p><strong>Incaricato per le persone con disabilit\u00e0<\/strong><br \/>\nSig.ra Paola Mazzuchi<\/p>\n<p>&nbsp;<\/p>\n<p><strong>Orario di apertura al pubblico dell'ufficio:<\/strong><br \/>\nDal luned\u00ec al venerd\u00ec<br \/>\nore 10,00 - 12,30<\/p>\n<\/div>\n<\/div><\/div><div id=\"panel-4-0-1-1\" class=\"so-panel widget widget_sow-image\" data-index=\"2\" ><div\n\t\t\t\n\t\t\tclass=\"so-widget-sow-image so-widget-sow-image-default-8b5b6f678277-377\"\n\t\t\t\n\t\t>\n\n<div class=\"sow-image-container\">\n\t\t\t<a href=\"https:\/\/salute.chiesacattolica.it\/\"\n\t\t\ttarget=\"_blank\" rel=\"noopener noreferrer\" \t\t>\n\t\t\t<img loading=\"lazy\" decoding=\"async\" src=\"https:\/\/www.chiesadigenova.it\/sanita\/wp-content\/uploads\/sites\/16\/2022\/02\/pastorale-salute-cei.png\" width=\"4724\" height=\"984\" srcset=\"https:\/\/www.chiesadigenova.it\/sanita\/wp-content\/uploads\/sites\/16\/2022\/02\/pastorale-salute-cei.png 4724w, https:\/\/www.chiesadigenova.it\/sanita\/wp-content\/uploads\/sites\/16\/2022\/02\/pastorale-salute-cei-300x62.png 300w, https:\/\/www.chiesadigenova.it\/sanita\/wp-content\/uploads\/sites\/16\/2022\/02\/pastorale-salute-cei-1024x213.png 1024w, https:\/\/www.chiesadigenova.it\/sanita\/wp-content\/uploads\/sites\/16\/2022\/02\/pastorale-salute-cei-768x160.png 768w, https:\/\/www.chiesadigenova.it\/sanita\/wp-content\/uploads\/sites\/16\/2022\/02\/pastorale-salute-cei-1536x320.png 1536w, https:\/\/www.chiesadigenova.it\/sanita\/wp-content\/uploads\/sites\/16\/2022\/02\/pastorale-salute-cei-2048x427.png 2048w, https:\/\/www.chiesadigenova.it\/sanita\/wp-content\/uploads\/sites\/16\/2022\/02\/pastorale-salute-cei-800x167.png 800w, https:\/\/www.chiesadigenova.it\/sanita\/wp-content\/uploads\/sites\/16\/2022\/02\/pastorale-salute-cei-1200x250.png 1200w\" sizes=\"(max-width: 4724px) 100vw, 4724px\" title=\"pastorale salute chiesacattolica\" alt=\"pastorale salute chiesacattolica\" \t\tclass=\"so-widget-image\"\/>\n\t<\/a><\/div>\n\n<\/div><\/div><div id=\"panel-4-0-1-2\" class=\"so-panel widget widget_sow-image\" data-index=\"3\" ><div\n\t\t\t\n\t\t\tclass=\"so-widget-sow-image so-widget-sow-image-default-8b5b6f678277-377\"\n\t\t\t\n\t\t>\n\n<div class=\"sow-image-container\">\n\t\t\t<a href=\"https:\/\/pastoraledisabili.chiesacattolica.it\/\"\n\t\t\ttarget=\"_blank\" rel=\"noopener noreferrer\" \t\t>\n\t\t\t<img loading=\"lazy\" decoding=\"async\" src=\"https:\/\/www.chiesadigenova.it\/sanita\/wp-content\/uploads\/sites\/16\/2022\/02\/disabilita-cei.png\" width=\"4724\" height=\"984\" srcset=\"https:\/\/www.chiesadigenova.it\/sanita\/wp-content\/uploads\/sites\/16\/2022\/02\/disabilita-cei.png 4724w, https:\/\/www.chiesadigenova.it\/sanita\/wp-content\/uploads\/sites\/16\/2022\/02\/disabilita-cei-300x62.png 300w, https:\/\/www.chiesadigenova.it\/sanita\/wp-content\/uploads\/sites\/16\/2022\/02\/disabilita-cei-1024x213.png 1024w, https:\/\/www.chiesadigenova.it\/sanita\/wp-content\/uploads\/sites\/16\/2022\/02\/disabilita-cei-768x160.png 768w, https:\/\/www.chiesadigenova.it\/sanita\/wp-content\/uploads\/sites\/16\/2022\/02\/disabilita-cei-1536x320.png 1536w, https:\/\/www.chiesadigenova.it\/sanita\/wp-content\/uploads\/sites\/16\/2022\/02\/disabilita-cei-2048x427.png 2048w, https:\/\/www.chiesadigenova.it\/sanita\/wp-content\/uploads\/sites\/16\/2022\/02\/disabilita-cei-800x167.png 800w, https:\/\/www.chiesadigenova.it\/sanita\/wp-content\/uploads\/sites\/16\/2022\/02\/disabilita-cei-1200x250.png 1200w\" sizes=\"(max-width: 4724px) 100vw, 4724px\" title=\"pastorale disabili chiesacattolica\" alt=\"pastorale disabili chiesacattolica\" \t\tclass=\"so-widget-image\"\/>\n\t<\/a><\/div>\n\n<\/div><\/div><div id=\"panel-4-0-1-3\" class=\"so-panel widget widget_sow-image\" data-index=\"4\" ><div\n\t\t\t\n\t\t\tclass=\"so-widget-sow-image so-widget-sow-image-default-8b5b6f678277-377\"\n\t\t\t\n\t\t>\n\n<div class=\"sow-image-container\">\n\t\t\t<a href=\"https:\/\/www.humandevelopment.va\/it.html\"\n\t\t\ttarget=\"_blank\" rel=\"noopener noreferrer\" \t\t>\n\t\t\t<img loading=\"lazy\" decoding=\"async\" src=\"https:\/\/www.chiesadigenova.it\/sanita\/wp-content\/uploads\/sites\/16\/2022\/02\/dicastero-sviluppo.png\" width=\"1216\" height=\"331\" srcset=\"https:\/\/www.chiesadigenova.it\/sanita\/wp-content\/uploads\/sites\/16\/2022\/02\/dicastero-sviluppo.png 1216w, https:\/\/www.chiesadigenova.it\/sanita\/wp-content\/uploads\/sites\/16\/2022\/02\/dicastero-sviluppo-300x82.png 300w, https:\/\/www.chiesadigenova.it\/sanita\/wp-content\/uploads\/sites\/16\/2022\/02\/dicastero-sviluppo-1024x279.png 1024w, https:\/\/www.chiesadigenova.it\/sanita\/wp-content\/uploads\/sites\/16\/2022\/02\/dicastero-sviluppo-768x209.png 768w, https:\/\/www.chiesadigenova.it\/sanita\/wp-content\/uploads\/sites\/16\/2022\/02\/dicastero-sviluppo-800x218.png 800w, https:\/\/www.chiesadigenova.it\/sanita\/wp-content\/uploads\/sites\/16\/2022\/02\/dicastero-sviluppo-1200x327.png 1200w\" sizes=\"(max-width: 1216px) 100vw, 1216px\" title=\"Dicastero per il servizio dello sviluppo umano integrale\" alt=\"Dicastero per il servizio dello sviluppo umano integrale\" \t\tclass=\"so-widget-image\"\/>\n\t<\/a><\/div>\n\n<\/div><\/div><div id=\"panel-4-0-1-4\" class=\"so-panel widget widget_sow-image panel-last-child\" data-index=\"5\" ><div\n\t\t\t\n\t\t\tclass=\"so-widget-sow-image so-widget-sow-image-default-dbf295114b96-377\"\n\t\t\t\n\t\t>\n\n<div class=\"sow-image-container\">\n\t\t\t<a href=\"https:\/\/www.chiesadigenova.it\/\"\n\t\t\t\t\t>\n\t\t\t<img loading=\"lazy\" decoding=\"async\" src=\"https:\/\/www.chiesadigenova.it\/sanita\/wp-content\/uploads\/sites\/16\/2024\/09\/chiesadiGenova.png\" width=\"342\" height=\"87\" srcset=\"https:\/\/www.chiesadigenova.it\/sanita\/wp-content\/uploads\/sites\/16\/2024\/09\/chiesadiGenova.png 342w, https:\/\/www.chiesadigenova.it\/sanita\/wp-content\/uploads\/sites\/16\/2024\/09\/chiesadiGenova-300x76.png 300w\" sizes=\"(max-width: 342px) 100vw, 342px\" title=\"chiesadigenova.it\" alt=\"chiesadigenova.it\" \t\tclass=\"so-widget-image\"\/>\n\t<\/a><\/div>\n\n<\/div><\/div><\/div><\/div><\/div><\/div>","protected":false},"excerpt":{"rendered":"<p>Coordinatore Don Matteo Pescetto &nbsp; &nbsp; Vice Coordinatore Dott. Luca Aragone &nbsp; &nbsp; &nbsp; Incaricato per le persone con disabilit\u00e0 Sig.ra Paola Mazzuchi &nbsp; Orario di apertura al pubblico dell&#8217;ufficio: Dal luned\u00ec al venerd\u00ec ore 10,00 &#8211; 12,30<\/p>\n","protected":false},"author":1,"featured_media":0,"parent":0,"menu_order":0,"comment_status":"closed","ping_status":"closed","template":"","meta":{"_acf_changed":false,"footnotes":""},"acf":{"seed-localization-paese-cod":"IT","seed-localization-address":"","seed-localization-citta":"Genova","seed-localization-regione-cod-istat":"07","seed-localization-citta-cod-istat":"010025","seed-localization-localita":"","seed-localization-cap":"","seed-localization-geo":{"lat":41.9053433,"lng":12.5106812,"zoom":10,"layers":["OpenStreetMap.Mapnik"],"markers":[],"address":"","version":"1.5.6"},"seed-localization-marker-visibility":false,"seed-localization-children-visibility":false,"seed-localization-kml":"","seed-localization-custom-marker":""},"_links":{"self":[{"href":"https:\/\/www.chiesadigenova.it\/sanita\/wp-json\/wp\/v2\/pages\/4"}],"collection":[{"href":"https:\/\/www.chiesadigenova.it\/sanita\/wp-json\/wp\/v2\/pages"}],"about":[{"href":"https:\/\/www.chiesadigenova.it\/sanita\/wp-json\/wp\/v2\/types\/page"}],"author":[{"embeddable":true,"href":"https:\/\/www.chiesadigenova.it\/sanita\/wp-json\/wp\/v2\/users\/1"}],"replies":[{"embeddable":true,"href":"https:\/\/www.chiesadigenova.it\/sanita\/wp-json\/wp\/v2\/comments?post=4"}],"version-history":[{"count":31,"href":"https:\/\/www.chiesadigenova.it\/sanita\/wp-json\/wp\/v2\/pages\/4\/revisions"}],"predecessor-version":[{"id":321,"href":"https:\/\/www.chiesadigenova.it\/sanita\/wp-json\/wp\/v2\/pages\/4\/revisions\/321"}],"wp:attachment":[{"href":"https:\/\/www.chiesadigenova.it\/sanita\/wp-json\/wp\/v2\/media?parent=4"}],"curies":[{"name":"wp","href":"https:\/\/api.w.org\/{rel}","templated":true}]}}