{"id":24,"date":"2019-05-15T17:47:19","date_gmt":"2019-05-15T15:47:19","guid":{"rendered":"http:\/\/sanita.chiesadigenova.it\/?page_id=24"},"modified":"2021-12-23T17:45:05","modified_gmt":"2021-12-23T16:45:05","slug":"presentazione","status":"publish","type":"page","link":"https:\/\/www.chiesadigenova.it\/sanita\/presentazione\/","title":{"rendered":"Presentazione"},"content":{"rendered":"<p><em>Descrizione<\/em><\/p>\n<p>Ufficio Salute e Disabilit\u00e0<\/p>\n<p>Coordinatore: Don Matteo Pescetto<br \/>\nVice Coordinatore: Sig. Luca Aragone<\/p>\n<p>Incaricata per il settore disabilit\u00e0: Sig.ra Francesca Fassio<\/p>\n<p>Tel. \/ Fax 010.2700.215<\/p>\n<p>REGOLAMENTO DELL&#8217;UFFICIO<\/p>\n<p>In attuazione del Decreto Arcivescovile di costituzione dell&#8217;Ufficio e della Consulta Diocesana per la Pastorale Sanitaria (08\/12\/1990) secondo le linee guida del documento della Consulta nazionale della C.E.I. :&#8221; La Pastorale della Salute nella Chiesa Italiana&#8221; (ai n.n.75 &#8216; 78 ) si precisano natura e compiti dell&#8217;Ufficio e della Consulta.<\/p>\n<p>UFFICIO PASTORALE DELLA SALUTE:<\/p>\n<p>Natura e Compiti.<\/p>\n<p>Art. 1 &#8211; L&#8217;Ufficio per la Pastorale della Salute \u00e8 l&#8217;organismo che esprime la sollecitudine e l&#8217;impegno della chiesa locale verso i malati, i sofferenti e quanti se ne prendono cura. Perci\u00f2 l&#8217;Ufficio promuove la centralit\u00e0 del malato sia come oggetto di premura della Chiesa locale e sia come soggetto di evangelizzazione, promuovendo il suo inserimento anche negli organismi pastorali.<\/p>\n<p>L&#8217;Ufficio anima e coordina le iniziative presenti in Diocesi finalizzate alla pastorale della salute e favorisce la formazione dei relativi operatori pastorali.<\/p>\n<p>Art. 2 &#8211; La Pastorale della Salute persegue i seguenti obiettivi generali:<\/p>\n<p>A)- Illuminare con la fede i problemi del mondo della sanit\u00e0, sottesi alla ricerca, alle acquisizioni scientifiche ed alle tecniche di intervento, ed in cui sono implicate la natura e la dignit\u00e0 della persona umana.<\/p>\n<p>B)- Svolgere opera di educazione sanitaria e morale nella prospettiva del valore inestimabile e sacro della vita, per promuovere e costruire nella societ\u00e0 &#8220;una cultura della vita&#8221;, dal concepimento alla morte naturale.<\/p>\n<p>C)- Contribuire alla umanizzazione delle strutture ospedaliere, delle istituzioni erogatrici di servizi socio-sanitari, delle prestazioni sanitarie e dei rapporti interpersonali tra utenti e personale socio-sanitario.<\/p>\n<p>D)- Sollevare moralmente il malato, aiutandolo ad accettare e valorizzare la situazione di sofferenza in cui versa ed accompagnandolo con la forza della preghiera e dei sacramenti.<\/p>\n<p>E)- Aiutare coloro che si trovano in una situazione di &#8220;disabilit\u00e0&#8221; e di &#8220;handicap&#8221; a recuperare il senso della vita anche nelle condizioni di minorazione, sino alla scoperta del valore dell&#8217; &#8220;essere&#8221; rispetto a quello del &#8220;fare&#8221;.<\/p>\n<p>F)- Aiutare i familiari a vivere senza traumi e con spirito di fede la prova della malattia dei propri cari e il tempo del lutto.<\/p>\n<p>G)- Favorire la formazione degli operatori sanitari ad un senso di professionalit\u00e0 basato sulla competenza, sul servizio e sui valori fondamentali della persona del malato.<\/p>\n<p>H)- Sensibilizzare le istituzioni e gli organismi pastorali Diocesani e di base alle problematiche della salute e dell&#8217;assistenza agli infermi, indicando piste operative per un responsabile coinvolgimento nei progetti socio-sanitari (cfr.: La Pastorale della Salute nella Chiesa Italiana &#8216; Linee di pastorale sanitaria &#8216; Consulta Nazionale della C.E.I. per la Pastorale della Salute, n.20, 1989).<\/p>\n<p>I)- Prestare particolare attenzione alle categorie dei malati trascurati dalla societ\u00e0 e maggiormente bisognosi di aiuto: morenti, vittime della droga, o dell&#8217;alcool, malati di AIDS, malati mentali, anziani, psicotici,&#8230;.<\/p>\n<p>l) Collaborare con gli organismi pubblici e privati che distribuiscono servizi sanitari e formano professionisti.<\/p>\n<p>m)- Influire sulle istanze politiche che presiedono alla legislazione sanitaria.<\/p>\n<p>Art. 3 &#8216; I compiti dell&#8217;Ufficio per la Pastorale della Salute sono:<\/p>\n<p>&#8211; Animare e coordinare la Pastorale Sanitaria dei Vicariati e delle Parrocchie in sintonia con i Vicari ed i Parroci favorendo un&#8217;azione comune e condivisa fra le varie associazioni, gruppi ed organismi di malati e per i malati, portatori di handicap fisici e mentali, anziani malati, che operano sul territorio Diocesano.<\/p>\n<p>&#8211; Favorire la presenza di malati ed operatori della salute negli organismi ecclesiali Diocesani.<\/p>\n<p>&#8211; Assumere iniziative di formazione e di aggiornamento nel settore, per ispirare una cultura pi\u00f9 sensibile alla sofferenza, all&#8217;emarginazione ed ai valori della vita e della salute.<\/p>\n<p>&#8211; Impegnarsi per l&#8217;animazione cristiana dei problemi del mondo della salute ( ricerca scientifica, rispetto della vita, strutture ospedaliere, formazione etica degli operatori sanitari,&#8230;) per sollevare moralmente gli ammalati e sensibilizzare gruppi ed organismi pastorali nell&#8217;assistenza agli stessi, sia in ambito ospedaliero, sul territorio e a domicilio.<\/p>\n<p>II &#8211; STRUTTURA.<\/p>\n<p>Organizzazione:<\/p>\n<p>Art. 4 -L&#8217;Ufficio per la Pastorale della Salute opera in sintonia con gli Uffici e Consulte di Pastorale della Salute Diocesane, regionale e nazionale, in armonia con gli indirizzi del Piano Pastorale della Diocesi e in collaborazione con gli altri Uffici Diocesani; in particolare con l&#8217;Ufficio Liturgico e l&#8217;Ufficio per la Pastorale della Carit\u00e0.<\/p>\n<p>Art. 5 L&#8217;Ufficio per la Pastorale della Salute \u00e8 composto da:<\/p>\n<p>-Un Direttore<\/p>\n<p>-Un Segretario coordinatore.<\/p>\n<p>-Una Segreteria composta da laici e da consacrati.<\/p>\n<p>-La Consulta<\/p>\n<p>Art. 6 Il Direttore \u00e8 nominato da Vescovo.<\/p>\n<p>&#8211; Egli si incontra con il Vescovo quando \u00e8 necessario.<\/p>\n<p>&#8211; E&#8217; responsabile della promozione e del coordinamento di tutte le attivit\u00e0 che perseguono le finalit\u00e0 dell&#8217;Ufficio.<\/p>\n<p>&#8211; Convoca e presiede le riunioni della Consulta e decide circa l&#8217;ammissioni di nuovi membri che ne fanno richiesta.<\/p>\n<p>&#8211; Promuove l&#8217;azione pastorale:<\/p>\n<p>&#8211; per l&#8217;assistenza spirituale e morale agli ammalati, ai loro familiari ed a coloro che se ne prendono cura.<\/p>\n<p>&#8211; per il sostegno al ministero dei cappellani ospedalieri.<\/p>\n<p>&#8211; per la promozione dei Consigli Pastorali e delle Cappellanie ospedaliere.<\/p>\n<p>&#8211; per la sensibilizzazione dei bisogni e necessit\u00e0 dei sofferenti in tutta la comunit\u00e0 Diocesana e nelle singole comunit\u00e0 parrocchiali sollecitando anche l&#8217;impegno del Volontariato.<\/p>\n<p>&#8211; per la formazione.<\/p>\n<p>Art. 7 Il Segretario \u00e8 nominato dal Direttore.<\/p>\n<p>Le funzioni del Segretario sono:<\/p>\n<p>&#8211; comunicare le convocazioni delle riunioni della Consulta;<\/p>\n<p>&#8211; predispone il lavoro della consulta e ne esegue le indicazioni;<\/p>\n<p>&#8211; curare la redazione dei verbali delle riunioni;<\/p>\n<p>&#8211; curare i comunicati stampa o altri avvisi concernenti le iniziative dell&#8217;Ufficio;<\/p>\n<p>&#8211; coadiuva il Direttore nell&#8217;assolvimento dei compiti del presente Regolamento<\/p>\n<p>&#8211; cura le relazioni pubbliche ed ogni intervento reso necessario dalla vita e dallo sviluppo dell&#8217;Ufficio.<\/p>\n<p>Art. 8 &#8211; Il Segretario ed i membri dell&#8217;Ufficio collaborano in sintonia con il Direttore nell&#8217;attuazione dei programmi formulati dalla Consulta durante l&#8217;anno pastorale<\/p>\n","protected":false},"excerpt":{"rendered":"<p>Descrizione Ufficio Salute e Disabilit\u00e0 Coordinatore: Don Matteo Pescetto Vice Coordinatore: Sig. Luca Aragone Incaricata per il settore disabilit\u00e0: Sig.ra Francesca Fassio Tel. \/ Fax 010.2700.215 REGOLAMENTO DELL&#8217;UFFICIO In attuazione del Decreto Arcivescovile di costituzione dell&#8217;Ufficio e della Consulta Diocesana per la Pastorale Sanitaria (08\/12\/1990) secondo le linee guida del documento della Consulta nazionale della [&hellip;]<\/p>\n","protected":false},"author":1,"featured_media":25,"parent":0,"menu_order":0,"comment_status":"closed","ping_status":"closed","template":"","meta":{"_acf_changed":false,"footnotes":""},"class_list":["post-24","page","type-page","status-publish","has-post-thumbnail","hentry"],"acf":{"seed-localization-paese-cod":"IT","seed-localization-address":"","seed-localization-citta":"Genova","seed-localization-regione-cod-istat":"07","seed-localization-citta-cod-istat":"010025","seed-localization-localita":"","seed-localization-cap":"","seed-localization-geo":{"lat":41.9053433,"lng":12.5099945,"zoom":10,"layers":["OpenStreetMap.Mapnik"],"markers":[],"address":"","version":"1.3.2"},"seed-localization-marker-visibility":false,"seed-localization-children-visibility":false,"seed-localization-kml":"","seed-localization-custom-marker":""},"_links":{"self":[{"href":"https:\/\/www.chiesadigenova.it\/sanita\/wp-json\/wp\/v2\/pages\/24","targetHints":{"allow":["GET"]}}],"collection":[{"href":"https:\/\/www.chiesadigenova.it\/sanita\/wp-json\/wp\/v2\/pages"}],"about":[{"href":"https:\/\/www.chiesadigenova.it\/sanita\/wp-json\/wp\/v2\/types\/page"}],"author":[{"embeddable":true,"href":"https:\/\/www.chiesadigenova.it\/sanita\/wp-json\/wp\/v2\/users\/1"}],"replies":[{"embeddable":true,"href":"https:\/\/www.chiesadigenova.it\/sanita\/wp-json\/wp\/v2\/comments?post=24"}],"version-history":[{"count":2,"href":"https:\/\/www.chiesadigenova.it\/sanita\/wp-json\/wp\/v2\/pages\/24\/revisions"}],"predecessor-version":[{"id":90,"href":"https:\/\/www.chiesadigenova.it\/sanita\/wp-json\/wp\/v2\/pages\/24\/revisions\/90"}],"wp:featuredmedia":[{"embeddable":true,"href":"https:\/\/www.chiesadigenova.it\/sanita\/wp-json\/wp\/v2\/media\/25"}],"wp:attachment":[{"href":"https:\/\/www.chiesadigenova.it\/sanita\/wp-json\/wp\/v2\/media?parent=24"}],"curies":[{"name":"wp","href":"https:\/\/api.w.org\/{rel}","templated":true}]}}