{"id":1267,"date":"2017-04-14T16:19:51","date_gmt":"2017-04-14T16:19:51","guid":{"rendered":"http:\/\/prioratoconfraternitegenova.it\/?page_id=32"},"modified":"2026-04-14T13:33:17","modified_gmt":"2026-04-14T11:33:17","slug":"statuto-del-priorato","status":"publish","type":"page","link":"https:\/\/www.chiesadigenova.it\/prioratoconfraternite\/statuto-del-priorato\/","title":{"rendered":"Statuto del Priorato"},"content":{"rendered":"\r\n<p style=\"text-align: left;\"><strong>NUOVO STATUTO DEL PRIORATO DELLE CONFRATERNITE PER L&#8217;ARCIDIOCESI Dl GENOVA<\/strong><\/p>\r\n<p style=\"text-align: left;\"><br \/><strong>1. NOZIONE<\/strong><br \/>E&#8217; costituito in Genova il Priorato delle Confraternite per l&#8217;Arcidiocesi sotto 1a protezione della Madonna della Misericordia, di San Giovanni Battista e di Santa Caterina Fieschi. Esso fa parte degli organismi regionali, nazionali e internazionali di coordinamento delle Confraternite.<\/p>\r\n<p style=\"text-align: left;\"><strong>2. COMPETENZA<\/strong><br \/>Sono soggette e fanno capo al Priorato tutte le Confraternite, siano esse definite tali o compagnie, o congregazioni o simili dell\u2019Arcidiocesi di Genova.<br \/><br \/><strong>3. COMPITI<\/strong><br \/>Il Priorato nei confronti delle Confraternite \u00e8 organismo:<br \/>1. di direzione e vigilanza (vedi art. 4 dello Statuto Generale delle Confraternite per l&#8217;Arcidiocesi di d&#8217;ora in avanti Statuto delle Confraternite);<br \/>2. coordinamento e consulenza;<br \/>3. disciplina (nei casi previsti dallo Statuto Generale delle Confraternite).<br \/>ln particolare il Priorato ha il compito di mantenere unite le Confraternite, vigilando che esse conservino lo spirito loro proprio, osservino lo Statuto e promuovano le attivit\u00e0 di culto e le altre opere spirituali e di carit\u00e0 cristiana (art. 3 dello Statuto delle Confraternite).<br \/><br \/><strong>4. DELEGATO ARCIVESCOVILE<\/strong><br \/>II Priorato \u00e8 presieduto dal Delegato Arcivescovile per le Confraternite nominato ad nutum dall&#8217;Arcivescovo di Genova tra il Clero diocesano o religioso presente in Diocesi.<br \/>Il Delegato agisce con i poteri e le facolt\u00e0 attribuitegli dal!&#8217; Arcivescovo di Genova, nonch\u00e9 dal presente Statuto e dallo Statuto delle Confraternite.<br \/>Il Delegato Arcivescovile pu\u00f2 chiedere all\u2019Ordinario diocesano sacerdoti o diaconi che lo aiutino nell\u2019assistenza spirituale delle Confraternite a livello diocesano o zonale.<br \/><br \/><strong>5. COMPOSIZIONE DEL PRIORATO<\/strong><br \/>II Priorato \u00e8 composto da tredici componenti che durano in carica cinque anni e possono essere riconfermati per due mandati; il Delegato Diocesano ha la facolt\u00e0 di decidere la deroga per altri mandati, sentito il parere del Consiglio del Priorato.<br \/>I membri sono: il Priore generale, un Vice Priore, il Cancelliere, il Tesoriere e nove Consultori.<br \/>I membri del Priorato vengono nominati dall&#8217;Arcivescovo di Genova su proposta del Delegato Diocesano il quale proceder\u00e0 alla presentazione di un congruo numero di candidati dopo aver sentito il parere dei priori uscenti, dei priori emeriti e valutate le proposte pervenute dai Priori delle Confraternite dalle varie zone della Diocesi.<br \/>Per la carica di Priore Generale, Vice Priore, Cancelliere e Tesoriere il Delegato propone all\u2019Arcivescovo tra i nomi presentati.<br \/><br \/><strong>ART 5 BIS INCOMPATIBILITA\u2019 DEGLI INCARICHI<\/strong><br \/>1. L\u2019assunzione o il mantenimento dell\u2019incarico di membro del Priorato \u00e8 incompatibile con l\u2019esercizio di incarichi pubblici elettivi connessi all\u2019appartenenza o alla rappresentanza di partiti politici.<br \/>2. Tale disposizione intende garantire la neutralit\u00e0 e l\u2019autonomia della comunit\u00e0 ecclesiale, salvaguardarne l\u2019unit\u00e0 e prevenire ogni possibile conflitto di interessi o strumentalizzazione politica della missione della Chiesa.<br \/>3. In caso di elezione o assunzione di un incarico pubblico di natura politica, l\u2019interessato decade automaticamente dall\u2019incarico ecclesiale ricoperto.<br \/>1 In via transitoria si stabilisce che alla prima scadenza successiva alla approvazione del presente Statuto tutti i consultori uscenti saranno considerati al primo mandato.<br \/>2 La composizione del priorato dovr\u00e0 possibilmente tenere conto di avere almeno un membro per zona in cui viene divisa l&#8217;Arcidiocesi: Vicariati del centro, Vicariati del ponente, Vicariati della val Polcevera, Vicariati del nord valle Scrivia e Gavi, Vicariati della Val Bisagno, Vicariati del Levante.<br \/><br \/><strong>6. FUNZIONI DEL PRIORE GENERALE<\/strong><br \/>II Priore Generale \u00e8 il rappresentante legale del Priorato ed \u00e8 il responsabile operativo del suo funzionamento. E\u2019 Componente effettivo del Priorato Ligure delle Confraternite e rappresenta le Confraternite dell\u2019Arcidiocesi di Genova presso la Confederazione delle Confraternite delle Diocesi d\u2019Italia e presso gli altri Organi diocesani e sovra diocesani stabiliti dall\u2019Ordinario di Genova, dalla Conferenza Episcopale Ligure o dalla Santa Sede. Il Priore Generale non pu\u00f2 essere Priore o Componente del Consiglio Direttivo di altre Confraternite ad eccezione della propria d\u2019origine.<br \/>Suoi compiti particolari sono:<br \/>1. indire e dirigere insieme con il Delegato Arcivescovile le riunioni del Consiglio e firmarne i verbali;<br \/>2. gestire la corrispondenza e tenere i rapporti con gli enti esterni;<br \/>3. verificare l&#8217;opera delle Confraternite e mantenere i rapporti con esse;<br \/>4. su delibera del Consiglio pu\u00f2 delegare un componente del Priorato per singoli affari per un determinato tempo o per l\u2019intero mandato del Consiglio.<br \/>7. FUNZIONI DEL VICE PRIORE.<br \/>Il Vice priore far\u00e0 le veci del Priore in sua assenza e\/o impedimento ovvero per suo mandato, con le stesse competenze.<br \/>8. FUNZIONI DEL TESORIERE.<br \/>Il Tesoriere provvede a:<br \/>1. redigere il bilancio annuale di previsione e il bilancio consuntivo;<br \/>2. tenere in ordine la contabilit\u00e0 sugli appositi registri;<br \/>3. pagare i conti su ordine del Priore;<br \/>4. comunicare alle Confraternite la quota annuale statutaria stabilita dal Priorato e provvedere ad incassarla.<br \/><br \/><strong>9. FUNZIONI DEL CANCELLIERE<\/strong><br \/>Il Cancelliere ha compiti di segreteria, in particolare redige i verbali, cura la corrispondenza e conserva l\u2019archivio. Controlla che le Confraternite siano legalmente ed amministrativamente in regola verso l\u2019Ordinamento Canonico e della Repubblica Italiana. Pu\u00f2 inviare solleciti e presentare i casi alla discussione del Consiglio. Il Consiglio di Priorato su proposta del Cancelliere pu\u00f2 nominare un vice cancelliere o pi\u00f9 aiuti cancellieri per l\u2019intero territorio della Diocesi o parte di esso tra i membri del Priorato. Il Cancelliere, sentito il parere del Priore Generale e del Delegato Arcivescovile pu\u00f2 nominare uno o pi\u00f9 aiuti cancellieri scelti tra confratelli per singoli affari, i quali riferiranno al Consiglio.<br \/><br \/><strong>10. FUNZIONI DEI CONSULTORI<\/strong><br \/>I Consultori insieme con gli altri organi del Priorato hanno il compito di:<br \/>1. coadiuvare il Delegato Arcivescovile e il Priore ogni qualvolta sia loro richiesto;<br \/>2. suggerire proposte per migliorare il governo delle Confraternite;<br \/>3. rappresentare il Priorato su delega del Priore Generale presso le Confraternite, intervenendo anche singolarmente;<br \/>4. curarsi particolarmente delle Confraternite della zona a cui appartengono e portare all&#8217;attenzione del Consiglio eventuali problemi delle stesse;<br \/>5. partecipare alle riunioni di Consiglio del Priorato.<br \/><br \/><strong>11. RIUNIONI DEL CONSIGLIO DI PRIORATO<\/strong><br \/>Il Priorato si riunisce su convocazione del Delegato Arcivescovile e del Priore Generale almeno due volte all&#8217;anno ed in tutte quelle circostanze in cui gli stessi lo ritengano opportuno, per il buon governo delle Confraternite, secondo l\u2019ordine del giorno stabilito di concerto dal Delegato Arcivescovile, dal Priore Generale e dal Cancelliere sentiti gli altri componenti.<br \/>Il Cancelliere redige verbale dei Consigli e tiene il libro presenza dei Consiglieri.<br \/>Il Consiglio esamina, discute e approva i bilanci; indica la quota annuale statutaria.<br \/>Tutte le decisioni vengono assunte a maggioranza dei presenti: in caso di parit\u00e0 prevale il voto del Priore Generale.<br \/><br \/><strong>12. DECADENZA DALL\u2019UFFICIO DI CONSULTORE<\/strong><br \/>Se un membro del Priorato \u00e8 assente per tre volte consecutive, senza giusta causa, alle riunioni del Consiglio di priorato, decade dall\u2019ufficio, previa convocazione del medesimo da parte del Delegato Arcivescovile.<br \/>Ogni altra causa di decadenza o rimozione dell\u2019ufficio, proposta dal Delegato Arcivescovile, previo parere del Priorato, \u00e8 stabilita con decreto emesso dall&#8217;Autorit\u00e0 competente diocesana.<br \/><br \/><strong>13. ISTITUZIONE DI PRIORE EMERITO<\/strong><br \/>Chi ha ricoperto la carica di Priore Generale e Vice Priore, terminato il mandato, assume il titolo di Priore emerito.<br \/>Il Priorato potr\u00e0 proporre all&#8217;Arcivescovo di Genova, per la nomina a Priore emerito, colui che si \u00e8 distinto per meriti speciali nell&#8217;attivit\u00e0 dei Priorato.<br \/><br \/><strong>14. SEGNI DISTINTIVI<\/strong><br \/>Segni distintivi dei membri del Priorato sono: la cappa blu, il cappuccio, il cingolo rosso e bianco, il collare con medaglia riproducente l&#8217;effigie della Madonna Regina di Genova e la dicitura &#8220;Prioratus Confratemitarum Genuensium&#8221; e la mazza pastorale.<br \/><br \/><strong>15. RADUNO REGIONALE ED ALTRE INIZIATIVE<\/strong><br \/>Il Priorato annualmente collabora con il Priorato Ligure, di cui fa parte, all&#8217;organizzazione del \u201cRaduno regionale&#8221;, cui tutte le Confraternite sono tenute a partecipare (vedi Cap. VI dello Statuto delle Confraternite) e del raduno regionale giovani.<br \/>Il Priorato promuove:<br \/>1. alla sera del Gioved\u00ec Santo l&#8217;incontro per la visita di adorazione al SS. Sacramento nelle storiche chiese del centro di Genova;<br \/>2. la partecipazione delle Confraternite alle manifestazioni di culto diocesane, in particolare la processione del Corpus Domini e di San Giovanni Battista;<br \/>3. a Marzo la festa della Madonna della Misericordia, patrona delle Confraternite liguri;<br \/>4. nell&#8217;ultima domenica di Ottobre la funzione per il suffragio e il ricordo dei confratelli e consorelle.<br \/>Il priorato potr\u00e0 indire altre manifestazioni in particolari circostanze, definendone le modalit\u00e0 alle quali le singole Confraternite dovranno attenersi.<br \/><br \/><strong>16. COMPITI DI VIGILANZA<\/strong><br \/>II Priorato pu\u00f2 richiamare il Priore della confraternita che in qualche modo si \u00e8 reso inadempiente3 e nei casi di persistente negligenza, il Vescovo diocesano, su proposta del Priorato delle Confraternite, potr\u00e0 rimuoverlo. In tale situazione, il Vice Priore entro 30 giorni dalla data della rimozione, dovr\u00e0 convocare, organizzare e presiedere l&#8217;Assemblea per le elezioni del nuovo Priore e comunicare al Priorato l&#8217;esito delle stesse.<br \/><br \/><strong>17. COMMISSARIAMENTO DI UNA CONFRATERNITA<\/strong><br \/>Qualora una confraternita per qualsiasi motivo rimanga priva della propria direzione e l&#8217;Assemblea non sia in grado di provvedere alle elezioni, il Vescovo Diocesano su proposta del Priorato provveder\u00e0 a nominare un Commissario Straordinario che subentra nella cura e nell&#8217;amministrazione della confraternita stessa, fino a che non ne sia ripristinato il governo ordinario: la durata massima del commissariamento \u00e8 di trentasei mesi, rinnovabili per altro periodo di eguale durata in casi particolari.<br \/><br \/><strong>18. CESSAZIONE DI UNA CONFRATERNITA<\/strong><br \/>Se una confraternita cessa per qualunque motivo 1a propria attivit\u00e0, il Priorato ne assume la cura dei beni fino a che la stessa possa riprendere le sue funzioni.<br \/>3 II Priore potr\u00e0 essere richiamato, qualora la Confraternita per due anni di seguito non partecipi a nessuna delle manifestazioni, di cui al cap. VI dello Statuto Generale Confraternite o non sia in regola con la quota statutaria.<\/p>\r\n<p style=\"text-align: left;\">\u00a0<\/p>\r\n<p><em>In allegato il documento<\/em><\/p>\r\n\r\n\r\n","protected":false},"excerpt":{"rendered":"<p>NUOVO STATUTO DEL PRIORATO DELLE CONFRATERNITE PER L&#8217;ARCIDIOCESI Dl GENOVA 1. NOZIONEE&#8217; costituito in Genova il Priorato delle Confraternite per l&#8217;Arcidiocesi sotto 1a protezione della Madonna della Misericordia, di San Giovanni Battista e di Santa Caterina Fieschi. Esso fa parte degli organismi regionali, nazionali e internazionali di coordinamento delle Confraternite. 2. COMPETENZASono soggette e fanno [&hellip;]<\/p>\n","protected":false},"author":1,"featured_media":0,"parent":0,"menu_order":0,"comment_status":"closed","ping_status":"closed","template":"","meta":{"_acf_changed":false,"footnotes":""},"class_list":["post-1267","page","type-page","status-publish","hentry"],"acf":[],"_links":{"self":[{"href":"https:\/\/www.chiesadigenova.it\/prioratoconfraternite\/wp-json\/wp\/v2\/pages\/1267","targetHints":{"allow":["GET"]}}],"collection":[{"href":"https:\/\/www.chiesadigenova.it\/prioratoconfraternite\/wp-json\/wp\/v2\/pages"}],"about":[{"href":"https:\/\/www.chiesadigenova.it\/prioratoconfraternite\/wp-json\/wp\/v2\/types\/page"}],"author":[{"embeddable":true,"href":"https:\/\/www.chiesadigenova.it\/prioratoconfraternite\/wp-json\/wp\/v2\/users\/1"}],"replies":[{"embeddable":true,"href":"https:\/\/www.chiesadigenova.it\/prioratoconfraternite\/wp-json\/wp\/v2\/comments?post=1267"}],"version-history":[{"count":4,"href":"https:\/\/www.chiesadigenova.it\/prioratoconfraternite\/wp-json\/wp\/v2\/pages\/1267\/revisions"}],"predecessor-version":[{"id":2101,"href":"https:\/\/www.chiesadigenova.it\/prioratoconfraternite\/wp-json\/wp\/v2\/pages\/1267\/revisions\/2101"}],"wp:attachment":[{"href":"https:\/\/www.chiesadigenova.it\/prioratoconfraternite\/wp-json\/wp\/v2\/media?parent=1267"}],"curies":[{"name":"wp","href":"https:\/\/api.w.org\/{rel}","templated":true}]}}