{"id":76,"date":"2019-05-15T14:22:12","date_gmt":"2019-05-15T12:22:12","guid":{"rendered":"http:\/\/liturgico.chiesadigenova.it\/?page_id=76"},"modified":"2024-11-20T16:21:00","modified_gmt":"2024-11-20T15:21:00","slug":"contatti","status":"publish","type":"page","link":"https:\/\/www.chiesadigenova.it\/liturgico\/contatti\/","title":{"rendered":"Contatti"},"content":{"rendered":"<div>ORARIO DI APERTURA AL PUBBLICO:<\/div>\n<div>mercoled\u00ec &#8211; gioved\u00ec &#8211; venerd\u00ec dalle ore 9.15 alle ore 12.00<\/div>\n<div><\/div>\n<div><\/div>\n<div>COORDINATORE:<\/div>\n<div><a href=\"http:\/\/www.chiesadigenova.it\/wd-annuario-persone\/gianluigi-ganabano-502\/\">Mons. Gianluigi Ganabano\u00a0<\/a><\/div>\n<div><\/div>\n<div>SEGRETERIA: &#8211;\u00a0 Tel. 010.2700.254\u00a0 &#8211; Email: <a href=\"mailto:ganabano@inwind.it\">ganabano@inwind.it<\/a><\/div>\n","protected":false},"excerpt":{"rendered":"<p>ORARIO DI APERTURA AL PUBBLICO: mercoled\u00ec &#8211; gioved\u00ec &#8211; venerd\u00ec dalle ore 9.15 alle ore 12.00 COORDINATORE: Mons. Gianluigi Ganabano\u00a0 SEGRETERIA: &#8211;\u00a0 Tel. 010.2700.254\u00a0 &#8211; Email: ganabano@inwind.it<\/p>\n","protected":false},"author":1,"featured_media":0,"parent":0,"menu_order":0,"comment_status":"closed","ping_status":"closed","template":"","meta":{"_acf_changed":false,"footnotes":""},"class_list":["post-76","page","type-page","status-publish","hentry"],"acf":{"seed-localization-paese-cod":"IT","seed-localization-address":"","seed-localization-citta":"Genova","seed-localization-regione-cod-istat":"07","seed-localization-citta-cod-istat":"010025","seed-localization-localita":"","seed-localization-cap":"","seed-localization-geo":{"lat":41.9053433,"lng":12.5099945,"zoom":10,"layers":["OpenStreetMap.Mapnik"],"markers":[],"address":"","version":"1.5.6"},"seed-localization-marker-visibility":false,"seed-localization-children-visibility":false,"seed-localization-kml":"","seed-localization-custom-marker":""},"_links":{"self":[{"href":"https:\/\/www.chiesadigenova.it\/liturgico\/wp-json\/wp\/v2\/pages\/76","targetHints":{"allow":["GET"]}}],"collection":[{"href":"https:\/\/www.chiesadigenova.it\/liturgico\/wp-json\/wp\/v2\/pages"}],"about":[{"href":"https:\/\/www.chiesadigenova.it\/liturgico\/wp-json\/wp\/v2\/types\/page"}],"author":[{"embeddable":true,"href":"https:\/\/www.chiesadigenova.it\/liturgico\/wp-json\/wp\/v2\/users\/1"}],"replies":[{"embeddable":true,"href":"https:\/\/www.chiesadigenova.it\/liturgico\/wp-json\/wp\/v2\/comments?post=76"}],"version-history":[{"count":4,"href":"https:\/\/www.chiesadigenova.it\/liturgico\/wp-json\/wp\/v2\/pages\/76\/revisions"}],"predecessor-version":[{"id":482,"href":"https:\/\/www.chiesadigenova.it\/liturgico\/wp-json\/wp\/v2\/pages\/76\/revisions\/482"}],"wp:attachment":[{"href":"https:\/\/www.chiesadigenova.it\/liturgico\/wp-json\/wp\/v2\/media?parent=76"}],"curies":[{"name":"wp","href":"https:\/\/api.w.org\/{rel}","templated":true}]}}