{"id":42,"date":"2025-09-15T16:44:18","date_gmt":"2025-09-15T14:44:18","guid":{"rendered":"https:\/\/www.chiesadigenova.it\/formazione\/?page_id=42"},"modified":"2025-09-19T18:05:42","modified_gmt":"2025-09-19T16:05:42","slug":"presentazione","status":"publish","type":"page","link":"https:\/\/www.chiesadigenova.it\/formazione\/presentazione\/","title":{"rendered":"Presentazione"},"content":{"rendered":"<figure id=\"attachment_90\" aria-describedby=\"caption-attachment-90\" style=\"width: 211px\" class=\"wp-caption alignleft\"><a href=\"https:\/\/www.chiesadigenova.it\/formazione\/wp-content\/uploads\/sites\/33\/2025\/09\/Formazione-diocesana_Brochure_2025_2026.pdf\"><img loading=\"lazy\" decoding=\"async\" class=\"wp-image-90 size-medium\" src=\"https:\/\/www.chiesadigenova.it\/formazione\/wp-content\/uploads\/sites\/33\/2025\/09\/Brochure-Formazione-Diocesana_COPERTINA-211x300.jpg\" alt=\"Brochure informativa\" width=\"211\" height=\"300\" srcset=\"https:\/\/www.chiesadigenova.it\/formazione\/wp-content\/uploads\/sites\/33\/2025\/09\/Brochure-Formazione-Diocesana_COPERTINA-211x300.jpg 211w, https:\/\/www.chiesadigenova.it\/formazione\/wp-content\/uploads\/sites\/33\/2025\/09\/Brochure-Formazione-Diocesana_COPERTINA-721x1024.jpg 721w, https:\/\/www.chiesadigenova.it\/formazione\/wp-content\/uploads\/sites\/33\/2025\/09\/Brochure-Formazione-Diocesana_COPERTINA-768x1090.jpg 768w, https:\/\/www.chiesadigenova.it\/formazione\/wp-content\/uploads\/sites\/33\/2025\/09\/Brochure-Formazione-Diocesana_COPERTINA-1082x1536.jpg 1082w, https:\/\/www.chiesadigenova.it\/formazione\/wp-content\/uploads\/sites\/33\/2025\/09\/Brochure-Formazione-Diocesana_COPERTINA.jpg 1409w\" sizes=\"auto, (max-width: 211px) 100vw, 211px\" \/><\/a><figcaption id=\"caption-attachment-90\" class=\"wp-caption-text\">CLICCA E SCARICA LA BROCHURE<\/figcaption><\/figure>\n<p><span style=\"color: #ff0000;\"><strong>PREMESSA<\/strong><\/span><\/p>\n<p>Nella <strong>Lettera Pastorale \u201cEvangelizzazione, Sinodalita\u0300 e Fraternita\u0300 di parrocchie\u201d<\/strong>, al numero 6, l&#8217;Arcivescovo\u00a0ricorda che <em>\u201cle comunita\u0300 cristiane devono offrire occasioni di formazione accurata, prolungata nel tempo, momenti in cui rigenerare la fede in Gesu\u0300 Cristo crocifisso e risorto, condividere le proprie domande piu\u0300 profonde e le preoccupazioni quotidiane e riconoscere in profondita\u0300 i criteri evangelici che guidano l\u2019esistenza\u201d.<\/em><\/p>\n<p><span style=\"color: #ff0000;\"><strong>ARTICOLAZIONE DEL PERCORSO<\/strong><\/span><\/p>\n<p>La proposta di questo anno nasce dall\u2019incontro di Papa Leone XIV con i Vescovi della Chiesa italiana. Dice il Papa: \u201c<em>Si tratta di porre Gesu\u0300 Cristo al centro e aiutare le persone a vivere una relazione personale con Lui<\/em>&#8220;. <strong>Per questo proponiamo un incontro con Gesu\u0300 in cinque tappe per conoscerlo meglio: tappe per fare amicizia con Lui e e scoprire la gioia nella nostra vita.<\/strong><\/p>\n<p>Ogni incontro si svolge dalle ore 9 alle ore 12.30 ed \u00e8 suddiviso in tre momenti:<\/p>\n<ul>\n<li>introduzione dell&#8217;Arcivescovo<\/li>\n<li>svolgimento del tema a cura del relatore<\/li>\n<li>riflessione in tavoli con il metodo della Conversazione nello Spirito<\/li>\n<\/ul>\n<p><span style=\"color: #ff0000;\"><strong>LE 5 TEMATICHE PROPOSTE<\/strong><\/span><\/p>\n<p>Oggi spesso la pace e\u0300 intesa come assenza di guerra, come tolleranza reciproca o come frutto di una negoziazione tra interessi di parte. Per noi, invece, la pace e\u0300 molto di piu\u0300:<\/p>\n<ul>\n<li>\u00e8 un dialogo fraterno (cfr. Gaudium et Spes, 24), con Dio, con gli altri, con noi stessi, con il creato: rimette a posto la creazione;<\/li>\n<li>\u00e8 \u201caffrontare le conflittualit\u00e0, ma capaci di superarle con impegno, ascolto e benevolenza\u201d (cfr. Fratelli tutti, 244). Unisce le persone nelle loro differenze: accoglie l\u2019altro come fratello.<\/li>\n<\/ul>\n<p>Questa pace e\u0300 un dono di Gesu\u0300 Risorto: viene da Lui, passa attraverso la croce ed e\u0300 segno di unavita nuova. Quando una comunita\u0300 cristiana vive nella pace, essa accoglie chi e\u0300 lontano, guariscele ferite della divisione e cammina insieme, come segno visibile gia\u0300 oggi del Regno di Dio.<\/p>\n<p><span style=\"color: #ff0000;\"><strong>LE DATE,\u00a0 I RELATORI, I TEMI AFFRONTATI<\/strong><\/span><\/p>\n<p><strong>Sabato 22 novembre 2025 <\/strong><br \/>\n<strong>Mons. Erio Castellucci<\/strong>, Vice Presidente della Cei e Arcivescovo della Diocesi di Modena-Nonantola,<br \/>\ninterviene sul tema <em><strong>&#8220;Ges\u00f9: il Figlio di Dio si \u00e8 fatto veramente uno di noi &#8211; la pace dono del Padre \u00e8 la missione del discepolo&#8221;<\/strong><\/em><\/p>\n<p><strong>Sabato 13 dicembre 2025<br \/>\nPadre Gaetano Piccolo<\/strong>, Filosofo,<br \/>\ninterviene sul tema <em><strong>&#8220;Ges\u00f9: nel Figlio amato anche noi diventiamo figli &#8211; la pace \u00e8 vivere come figli e nasce dall&#8217;esperienza di essere amati gratuitamente&#8221;<\/strong><\/em><\/p>\n<p><strong>Sabato 10 gennaio 2026<br \/>\nSuor Roberta Vinerba<\/strong>, Teologa,<br \/>\ninterviene sul tema <em><strong>&#8220;Ges\u00f9: nel Figlio diveniamo fratelli fra noi &#8211; la pace si costruisce integrando verit\u00e0, giustizia e misericordia&#8221;<\/strong><\/em><\/p>\n<p><strong>Sabato 14 febbraio 2026<\/strong><br \/>\n<strong>Fr. Roberto Pasolini<\/strong>, predicatore della Casa Pontificia,<br \/>\ninterviene sul tema <em><strong>&#8220;Ges\u00f9: nel Figlio diveniamo fratelli di tutti &#8211; la pace tra di noi \u00e8 condizione per realizzare l&#8217;unit\u00e0 del genere umano&#8221;<br \/>\n<\/strong><\/em><\/p>\n<p><strong>Sabato 14 marzo 2026<\/strong><br \/>\n<strong>Lucia Capuzzi e Fabio Carminati<\/strong>, giornalisti di Avvenire,<br \/>\nintervengono sul tema <em><strong>&#8220;Ges\u00f9: lo Spirito del Figlio Risorto ci spinge alla missione &#8211; la pace del Risorto realizza gi\u00e0 oggi la novit\u00e0 del Regno impegnandoci a scoprirlo e a testimoniarlo&#8221;<\/strong><\/em><\/p>\n","protected":false},"excerpt":{"rendered":"<p>PREMESSA Nella Lettera Pastorale \u201cEvangelizzazione, Sinodalita\u0300 e Fraternita\u0300 di parrocchie\u201d, al numero 6, l&#8217;Arcivescovo\u00a0ricorda che \u201cle comunita\u0300 cristiane devono offrire occasioni di formazione accurata, prolungata nel tempo, momenti in cui rigenerare la fede in Gesu\u0300 Cristo crocifisso e risorto, condividere le proprie domande piu\u0300 profonde e le preoccupazioni quotidiane e riconoscere in profondita\u0300 i criteri [&hellip;]<\/p>\n","protected":false},"author":1,"featured_media":0,"parent":0,"menu_order":0,"comment_status":"closed","ping_status":"closed","template":"","meta":{"_acf_changed":false,"footnotes":""},"class_list":["post-42","page","type-page","status-publish","hentry"],"acf":[],"_links":{"self":[{"href":"https:\/\/www.chiesadigenova.it\/formazione\/wp-json\/wp\/v2\/pages\/42","targetHints":{"allow":["GET"]}}],"collection":[{"href":"https:\/\/www.chiesadigenova.it\/formazione\/wp-json\/wp\/v2\/pages"}],"about":[{"href":"https:\/\/www.chiesadigenova.it\/formazione\/wp-json\/wp\/v2\/types\/page"}],"author":[{"embeddable":true,"href":"https:\/\/www.chiesadigenova.it\/formazione\/wp-json\/wp\/v2\/users\/1"}],"replies":[{"embeddable":true,"href":"https:\/\/www.chiesadigenova.it\/formazione\/wp-json\/wp\/v2\/comments?post=42"}],"version-history":[{"count":6,"href":"https:\/\/www.chiesadigenova.it\/formazione\/wp-json\/wp\/v2\/pages\/42\/revisions"}],"predecessor-version":[{"id":92,"href":"https:\/\/www.chiesadigenova.it\/formazione\/wp-json\/wp\/v2\/pages\/42\/revisions\/92"}],"wp:attachment":[{"href":"https:\/\/www.chiesadigenova.it\/formazione\/wp-json\/wp\/v2\/media?parent=42"}],"curies":[{"name":"wp","href":"https:\/\/api.w.org\/{rel}","templated":true}]}}