{"id":10,"date":"2024-11-28T14:23:01","date_gmt":"2024-11-28T13:23:01","guid":{"rendered":"https:\/\/wd-genova.webdiocesiprod03.glauco.it\/formazione\/?page_id=10"},"modified":"2026-03-19T08:37:51","modified_gmt":"2026-03-19T07:37:51","slug":"home","status":"publish","type":"page","link":"https:\/\/www.chiesadigenova.it\/formazione\/","title":{"rendered":"Home"},"content":{"rendered":"<div id=\"pl-10\"  class=\"panel-layout\" ><div id=\"pg-10-0\"  class=\"panel-grid panel-has-style\" ><div id=\"centro_hp\" class=\"panel-row-style panel-row-style-for-10-0\" ><div id=\"pgc-10-0-0\"  class=\"panel-grid-cell\" ><div id=\"panel-10-0-0-0\" class=\"so-panel widget widget_media_image panel-first-child\" data-index=\"0\" ><a href=\"https:\/\/www.chiesadigenova.it\/formazione\/wp-content\/uploads\/sites\/33\/2025\/09\/Formazione-diocesana_Brochure_2025_2026.pdf\"><img loading=\"lazy\" decoding=\"async\" width=\"1024\" height=\"576\" src=\"https:\/\/www.chiesadigenova.it\/formazione\/wp-content\/uploads\/sites\/33\/2026\/03\/BANNER_TUTTI-I-RELATORI-1024x576.jpg\" class=\"image wp-image-796  attachment-large size-large\" alt=\"\" style=\"max-width: 100%; height: auto;\" srcset=\"https:\/\/www.chiesadigenova.it\/formazione\/wp-content\/uploads\/sites\/33\/2026\/03\/BANNER_TUTTI-I-RELATORI-1024x576.jpg 1024w, https:\/\/www.chiesadigenova.it\/formazione\/wp-content\/uploads\/sites\/33\/2026\/03\/BANNER_TUTTI-I-RELATORI-300x169.jpg 300w, https:\/\/www.chiesadigenova.it\/formazione\/wp-content\/uploads\/sites\/33\/2026\/03\/BANNER_TUTTI-I-RELATORI-768x432.jpg 768w, https:\/\/www.chiesadigenova.it\/formazione\/wp-content\/uploads\/sites\/33\/2026\/03\/BANNER_TUTTI-I-RELATORI-1536x864.jpg 1536w, https:\/\/www.chiesadigenova.it\/formazione\/wp-content\/uploads\/sites\/33\/2026\/03\/BANNER_TUTTI-I-RELATORI.jpg 1920w\" sizes=\"auto, (max-width: 1024px) 100vw, 1024px\" \/><\/a><\/div><div id=\"panel-10-0-0-1\" class=\"so-panel widget widget_bso-so-widget-all-in-one panel-last-child\" data-index=\"1\" ><div id=\"news_one\" class=\"panel-widget-style panel-widget-style-for-10-0-0-1\" ><div\n\t\t\t\n\t\t\tclass=\"so-widget-bso-so-widget-all-in-one so-widget-bso-so-widget-all-in-one-default-d75171398898-10\"\n\t\t\t\n\t\t><div>\n<div class=\"widget_title\">Ultime <b>Notizie<\/b><div class=\"arch_news\"><a href=\"\/formazione\/category\/notizie\/\">Tutte le news <i class=\"fa-solid fa-arrow-right\"><\/i><\/a><\/div><\/div>                             <div class=\"single_news\">\n<div class=\"immagineapp\"><a href=\"https:\/\/www.chiesadigenova.it\/formazione\/capuzzi-e-carminati-al-quinto-incontro-missionari-della-pace-di-gesu-in-un-mondo-in-guerra\/\"><img decoding=\"async\" src=\"https:\/\/www.chiesadigenova.it\/formazione\/wp-content\/uploads\/sites\/33\/2026\/03\/Formazione-Diocesana_14-marzo-2026_San-Lorenzo_12-1-150x150.jpeg\" \/><\/a><\/div>\n<h2><a href=\"https:\/\/www.chiesadigenova.it\/formazione\/capuzzi-e-carminati-al-quinto-incontro-missionari-della-pace-di-gesu-in-un-mondo-in-guerra\/\">Capuzzi e Carminati al quinto incontro: &#8220;Missionari della pace di Ges\u00f9 in un mondo in guerra&#8221; I VIDEO, LE FOTO E LA RESTITUZIONE DEI TAVOLI<\/a><\/h2>\n<h5><\/h5>\n<div class=\"preview_txt\"><\/div>\n<\/div>\n                                                       <div class=\"single_news\">\n<div class=\"immagineapp\"><a href=\"https:\/\/www.chiesadigenova.it\/formazione\/fr-roberto-pasolini-al-quarto-incontro-il-volto-autentico-della-fraternita-cristiana\/\"><img decoding=\"async\" src=\"https:\/\/www.chiesadigenova.it\/formazione\/wp-content\/uploads\/sites\/33\/2026\/02\/IMG_20260214_103134-150x150.jpg\" \/><\/a><\/div>\n<h2><a href=\"https:\/\/www.chiesadigenova.it\/formazione\/fr-roberto-pasolini-al-quarto-incontro-il-volto-autentico-della-fraternita-cristiana\/\">Fr. Roberto Pasolini al quarto incontro: \u00abIl volto autentico della fraternit\u00e0 cristiana\u00bb. I VIDEO, LE FOTO, IL TESTO, LA RESTITUZIONE DEI TAVOLI<\/a><\/h2>\n<h5><\/h5>\n<div class=\"preview_txt\"><\/div>\n<\/div>\n                                                       <div class=\"single_news\">\n<div class=\"immagineapp\"><a href=\"https:\/\/www.chiesadigenova.it\/formazione\/suor-roberta-vinerba-al-terzo-incontro-gesu-e-la-pace-che-riconcilia\/\"><img decoding=\"async\" src=\"https:\/\/www.chiesadigenova.it\/formazione\/wp-content\/uploads\/sites\/33\/2026\/01\/IMG_8995-150x150.jpeg\" \/><\/a><\/div>\n<h2><a href=\"https:\/\/www.chiesadigenova.it\/formazione\/suor-roberta-vinerba-al-terzo-incontro-gesu-e-la-pace-che-riconcilia\/\">Suor Roberta Vinerba al terzo incontro: \u00abGes\u00f9 \u00e8 la pace che riconcilia\u00bb. I VIDEO, LE FOTO, IL TESTO, LA RESTITUZIONE DEI TAVOLI<\/a><\/h2>\n<h5><\/h5>\n<div class=\"preview_txt\"><\/div>\n<\/div>\n                           <\/div><\/div><\/div><\/div><\/div><div id=\"pgc-10-0-1\"  class=\"panel-grid-cell\" ><div id=\"panel-10-0-1-0\" class=\"so-panel widget widget_media_image panel-first-child\" data-index=\"2\" ><a href=\"https:\/\/www.chiesadigenova.it\/formazione\/mons-erio-castellucci-al-primo-incontro-la-pace-di-gesu-nella-logica-della-pasqua-il-video-le-foto-il-testo_2\/\"><img loading=\"lazy\" decoding=\"async\" width=\"1024\" height=\"396\" src=\"https:\/\/www.chiesadigenova.it\/formazione\/wp-content\/uploads\/sites\/33\/2025\/12\/CASTELLUCCI_TUTTI-I-MATERIALI_-1024x396.jpg\" class=\"image wp-image-434  attachment-large size-large\" alt=\"\" style=\"max-width: 100%; height: auto;\" srcset=\"https:\/\/www.chiesadigenova.it\/formazione\/wp-content\/uploads\/sites\/33\/2025\/12\/CASTELLUCCI_TUTTI-I-MATERIALI_-1024x396.jpg 1024w, https:\/\/www.chiesadigenova.it\/formazione\/wp-content\/uploads\/sites\/33\/2025\/12\/CASTELLUCCI_TUTTI-I-MATERIALI_-300x116.jpg 300w, https:\/\/www.chiesadigenova.it\/formazione\/wp-content\/uploads\/sites\/33\/2025\/12\/CASTELLUCCI_TUTTI-I-MATERIALI_-768x297.jpg 768w, https:\/\/www.chiesadigenova.it\/formazione\/wp-content\/uploads\/sites\/33\/2025\/12\/CASTELLUCCI_TUTTI-I-MATERIALI_.jpg 1253w\" sizes=\"auto, (max-width: 1024px) 100vw, 1024px\" \/><\/a><\/div><div id=\"panel-10-0-1-1\" class=\"so-panel widget widget_media_image\" data-index=\"3\" ><a href=\"https:\/\/www.chiesadigenova.it\/formazione\/padre-gaetano-piccolo-al-secondo-incontro-la-consapevolezza-di-sentirsi-figli-il-video-le-foto-il-testo\/\"><img loading=\"lazy\" decoding=\"async\" width=\"1024\" height=\"397\" src=\"https:\/\/www.chiesadigenova.it\/formazione\/wp-content\/uploads\/sites\/33\/2025\/12\/PICCOLO_TUTTI-I-MATERIALI_-1024x397.jpg\" class=\"image wp-image-435  attachment-large size-large\" alt=\"\" style=\"max-width: 100%; height: auto;\" srcset=\"https:\/\/www.chiesadigenova.it\/formazione\/wp-content\/uploads\/sites\/33\/2025\/12\/PICCOLO_TUTTI-I-MATERIALI_-1024x397.jpg 1024w, https:\/\/www.chiesadigenova.it\/formazione\/wp-content\/uploads\/sites\/33\/2025\/12\/PICCOLO_TUTTI-I-MATERIALI_-300x116.jpg 300w, https:\/\/www.chiesadigenova.it\/formazione\/wp-content\/uploads\/sites\/33\/2025\/12\/PICCOLO_TUTTI-I-MATERIALI_-768x298.jpg 768w, https:\/\/www.chiesadigenova.it\/formazione\/wp-content\/uploads\/sites\/33\/2025\/12\/PICCOLO_TUTTI-I-MATERIALI_.jpg 1252w\" sizes=\"auto, (max-width: 1024px) 100vw, 1024px\" \/><\/a><\/div><div id=\"panel-10-0-1-2\" class=\"so-panel widget widget_media_image\" data-index=\"4\" ><a href=\"https:\/\/www.chiesadigenova.it\/formazione\/suor-roberta-vinerba-al-terzo-incontro-gesu-e-la-pace-che-riconcilia\/\"><img loading=\"lazy\" decoding=\"async\" width=\"1024\" height=\"404\" src=\"https:\/\/www.chiesadigenova.it\/formazione\/wp-content\/uploads\/sites\/33\/2026\/01\/VINERBA_TUTTI-I-MATERIALI-1024x404.jpg\" class=\"image wp-image-575  attachment-large size-large\" alt=\"\" style=\"max-width: 100%; height: auto;\" srcset=\"https:\/\/www.chiesadigenova.it\/formazione\/wp-content\/uploads\/sites\/33\/2026\/01\/VINERBA_TUTTI-I-MATERIALI-1024x404.jpg 1024w, https:\/\/www.chiesadigenova.it\/formazione\/wp-content\/uploads\/sites\/33\/2026\/01\/VINERBA_TUTTI-I-MATERIALI-300x118.jpg 300w, https:\/\/www.chiesadigenova.it\/formazione\/wp-content\/uploads\/sites\/33\/2026\/01\/VINERBA_TUTTI-I-MATERIALI-768x303.jpg 768w, https:\/\/www.chiesadigenova.it\/formazione\/wp-content\/uploads\/sites\/33\/2026\/01\/VINERBA_TUTTI-I-MATERIALI-1536x606.jpg 1536w, https:\/\/www.chiesadigenova.it\/formazione\/wp-content\/uploads\/sites\/33\/2026\/01\/VINERBA_TUTTI-I-MATERIALI-2048x807.jpg 2048w\" sizes=\"auto, (max-width: 1024px) 100vw, 1024px\" \/><\/a><\/div><div id=\"panel-10-0-1-3\" class=\"so-panel widget widget_media_image\" data-index=\"5\" ><a href=\"https:\/\/www.chiesadigenova.it\/formazione\/fr-roberto-pasolini-al-quarto-incontro-il-volto-autentico-della-fraternita-cristiana\/\"><img loading=\"lazy\" decoding=\"async\" width=\"1024\" height=\"404\" src=\"https:\/\/www.chiesadigenova.it\/formazione\/wp-content\/uploads\/sites\/33\/2026\/03\/PASOLINI_TUTTI-I-MATERIALI-1024x404.jpg\" class=\"image wp-image-693  attachment-large size-large\" alt=\"\" style=\"max-width: 100%; height: auto;\" srcset=\"https:\/\/www.chiesadigenova.it\/formazione\/wp-content\/uploads\/sites\/33\/2026\/03\/PASOLINI_TUTTI-I-MATERIALI-1024x404.jpg 1024w, https:\/\/www.chiesadigenova.it\/formazione\/wp-content\/uploads\/sites\/33\/2026\/03\/PASOLINI_TUTTI-I-MATERIALI-300x118.jpg 300w, https:\/\/www.chiesadigenova.it\/formazione\/wp-content\/uploads\/sites\/33\/2026\/03\/PASOLINI_TUTTI-I-MATERIALI-768x303.jpg 768w, https:\/\/www.chiesadigenova.it\/formazione\/wp-content\/uploads\/sites\/33\/2026\/03\/PASOLINI_TUTTI-I-MATERIALI.jpg 1250w\" sizes=\"auto, (max-width: 1024px) 100vw, 1024px\" \/><\/a><\/div><div id=\"panel-10-0-1-4\" class=\"so-panel widget widget_media_image\" data-index=\"6\" ><a href=\"https:\/\/www.chiesadigenova.it\/formazione\/relatrici-e-relatori\/\"><img loading=\"lazy\" decoding=\"async\" width=\"751\" height=\"1024\" src=\"https:\/\/www.chiesadigenova.it\/formazione\/wp-content\/uploads\/sites\/33\/2025\/09\/Relatori-e-temi-751x1024.jpg\" class=\"image wp-image-120  attachment-large size-large\" alt=\"\" style=\"max-width: 100%; height: auto;\" srcset=\"https:\/\/www.chiesadigenova.it\/formazione\/wp-content\/uploads\/sites\/33\/2025\/09\/Relatori-e-temi-751x1024.jpg 751w, https:\/\/www.chiesadigenova.it\/formazione\/wp-content\/uploads\/sites\/33\/2025\/09\/Relatori-e-temi-220x300.jpg 220w, https:\/\/www.chiesadigenova.it\/formazione\/wp-content\/uploads\/sites\/33\/2025\/09\/Relatori-e-temi-768x1047.jpg 768w, https:\/\/www.chiesadigenova.it\/formazione\/wp-content\/uploads\/sites\/33\/2025\/09\/Relatori-e-temi-1127x1536.jpg 1127w, https:\/\/www.chiesadigenova.it\/formazione\/wp-content\/uploads\/sites\/33\/2025\/09\/Relatori-e-temi-1502x2048.jpg 1502w, https:\/\/www.chiesadigenova.it\/formazione\/wp-content\/uploads\/sites\/33\/2025\/09\/Relatori-e-temi.jpg 1852w\" sizes=\"auto, (max-width: 751px) 100vw, 751px\" \/><\/a><\/div><div id=\"panel-10-0-1-5\" class=\"so-panel widget widget_sow-image\" data-index=\"7\" ><div\n\t\t\t\n\t\t\tclass=\"so-widget-sow-image so-widget-sow-image-default-8b5b6f678277-454\"\n\t\t\t\n\t\t>\n\n<div class=\"sow-image-container\">\n\t\t\t<a href=\"https:\/\/www.chiesadigenova.it\/dal-9-novembre-il-via-al-cammino-di-formazione-diocesana-il-programma-e-le-modalita-per-partecipare\/\"\n\t\t\t\t\t>\n\t\t\t<img loading=\"lazy\" decoding=\"async\" src=\"https:\/\/www.chiesadigenova.it\/formazione\/wp-content\/uploads\/sites\/33\/2025\/09\/archivio-scaled.jpeg\" width=\"2560\" height=\"1280\" srcset=\"https:\/\/www.chiesadigenova.it\/formazione\/wp-content\/uploads\/sites\/33\/2025\/09\/archivio-scaled.jpeg 2560w, https:\/\/www.chiesadigenova.it\/formazione\/wp-content\/uploads\/sites\/33\/2025\/09\/archivio-300x150.jpeg 300w, https:\/\/www.chiesadigenova.it\/formazione\/wp-content\/uploads\/sites\/33\/2025\/09\/archivio-1024x512.jpeg 1024w, https:\/\/www.chiesadigenova.it\/formazione\/wp-content\/uploads\/sites\/33\/2025\/09\/archivio-768x384.jpeg 768w, https:\/\/www.chiesadigenova.it\/formazione\/wp-content\/uploads\/sites\/33\/2025\/09\/archivio-1536x768.jpeg 1536w, https:\/\/www.chiesadigenova.it\/formazione\/wp-content\/uploads\/sites\/33\/2025\/09\/archivio-2048x1024.jpeg 2048w\" sizes=\"auto, (max-width: 2560px) 100vw, 2560px\" title=\"Archivio\" alt=\"\" \t\tclass=\"so-widget-image\"\/>\n\t<\/a><\/div>\n\n<\/div><\/div><div id=\"panel-10-0-1-6\" class=\"so-panel widget widget_sow-image\" data-index=\"8\" ><div\n\t\t\t\n\t\t\tclass=\"so-widget-sow-image so-widget-sow-image-default-8b5b6f678277-454\"\n\t\t\t\n\t\t>\n\n<div class=\"sow-image-container\">\n\t\t\t<a href=\"https:\/\/www.chiesadigenova.it\/formazione\/formazione-diocesana-2025-2026-le-foto-dalle-sedi\/\"\n\t\t\t\t\t>\n\t\t\t<img loading=\"lazy\" decoding=\"async\" src=\"https:\/\/www.chiesadigenova.it\/formazione\/wp-content\/uploads\/sites\/33\/2025\/09\/gallery-scaled.jpeg\" width=\"2560\" height=\"1280\" srcset=\"https:\/\/www.chiesadigenova.it\/formazione\/wp-content\/uploads\/sites\/33\/2025\/09\/gallery-scaled.jpeg 2560w, https:\/\/www.chiesadigenova.it\/formazione\/wp-content\/uploads\/sites\/33\/2025\/09\/gallery-300x150.jpeg 300w, https:\/\/www.chiesadigenova.it\/formazione\/wp-content\/uploads\/sites\/33\/2025\/09\/gallery-1024x512.jpeg 1024w, https:\/\/www.chiesadigenova.it\/formazione\/wp-content\/uploads\/sites\/33\/2025\/09\/gallery-768x384.jpeg 768w, https:\/\/www.chiesadigenova.it\/formazione\/wp-content\/uploads\/sites\/33\/2025\/09\/gallery-1536x768.jpeg 1536w, https:\/\/www.chiesadigenova.it\/formazione\/wp-content\/uploads\/sites\/33\/2025\/09\/gallery-2048x1024.jpeg 2048w\" sizes=\"auto, (max-width: 2560px) 100vw, 2560px\" title=\"Gallery\" alt=\"\" \t\tclass=\"so-widget-image\"\/>\n\t<\/a><\/div>\n\n<\/div><\/div><div id=\"panel-10-0-1-7\" class=\"so-panel widget widget_sow-image panel-last-child\" data-index=\"9\" ><div\n\t\t\t\n\t\t\tclass=\"so-widget-sow-image so-widget-sow-image-default-dbf295114b96-454\"\n\t\t\t\n\t\t>\n\n<div class=\"sow-image-container\">\n\t\t\t<a href=\"https:\/\/www.chiesadigenova.it\/\"\n\t\t\t\t\t>\n\t\t\t<img loading=\"lazy\" decoding=\"async\" src=\"https:\/\/www.chiesadigenova.it\/formazione\/wp-content\/uploads\/sites\/33\/2024\/11\/chiesadiGenova.png\" width=\"342\" height=\"87\" srcset=\"https:\/\/www.chiesadigenova.it\/formazione\/wp-content\/uploads\/sites\/33\/2024\/11\/chiesadiGenova.png 342w, https:\/\/www.chiesadigenova.it\/formazione\/wp-content\/uploads\/sites\/33\/2024\/11\/chiesadiGenova-300x76.png 300w\" sizes=\"auto, (max-width: 342px) 100vw, 342px\" title=\"chiesadigenova.it\" alt=\"chiesadigenova.it\" \t\tclass=\"so-widget-image\"\/>\n\t<\/a><\/div>\n\n<\/div><\/div><\/div><\/div><\/div><\/div>","protected":false},"excerpt":{"rendered":"<p>La pace sta nelle comunit\u00e0 imperfette, la comunit\u00e0 perfetta non esiste. Non \u00e8 la pace dell\u2019aver ragione, del liberarsi di coloro che creano problemi, una quiete a mia misura. \u00c8 invece la pace di Ges\u00f9 che riconcilia, egli che, nel suo stare da risorto in mezzo ai discepoli che lo avevano tradito, li chiama \u201cfratelli\u201d, [&hellip;]<\/p>\n","protected":false},"author":1,"featured_media":0,"parent":0,"menu_order":0,"comment_status":"closed","ping_status":"closed","template":"","meta":{"_acf_changed":false,"footnotes":""},"class_list":["post-10","page","type-page","status-publish","hentry"],"acf":[],"_links":{"self":[{"href":"https:\/\/www.chiesadigenova.it\/formazione\/wp-json\/wp\/v2\/pages\/10","targetHints":{"allow":["GET"]}}],"collection":[{"href":"https:\/\/www.chiesadigenova.it\/formazione\/wp-json\/wp\/v2\/pages"}],"about":[{"href":"https:\/\/www.chiesadigenova.it\/formazione\/wp-json\/wp\/v2\/types\/page"}],"author":[{"embeddable":true,"href":"https:\/\/www.chiesadigenova.it\/formazione\/wp-json\/wp\/v2\/users\/1"}],"replies":[{"embeddable":true,"href":"https:\/\/www.chiesadigenova.it\/formazione\/wp-json\/wp\/v2\/comments?post=10"}],"version-history":[{"count":30,"href":"https:\/\/www.chiesadigenova.it\/formazione\/wp-json\/wp\/v2\/pages\/10\/revisions"}],"predecessor-version":[{"id":800,"href":"https:\/\/www.chiesadigenova.it\/formazione\/wp-json\/wp\/v2\/pages\/10\/revisions\/800"}],"wp:attachment":[{"href":"https:\/\/www.chiesadigenova.it\/formazione\/wp-json\/wp\/v2\/media?parent=10"}],"curies":[{"name":"wp","href":"https:\/\/api.w.org\/{rel}","templated":true}]}}