{"id":10,"date":"2024-11-28T14:23:01","date_gmt":"2024-11-28T13:23:01","guid":{"rendered":"https:\/\/www.chiesadigenova.it\/comunitaetniche\/?page_id=10"},"modified":"2024-12-19T12:36:44","modified_gmt":"2024-12-19T11:36:44","slug":"home","status":"publish","type":"page","link":"https:\/\/www.chiesadigenova.it\/comunitaetniche\/","title":{"rendered":"Home"},"content":{"rendered":"<div id=\"pl-10\"  class=\"panel-layout\" ><div id=\"pg-10-0\"  class=\"panel-grid panel-has-style\" ><div id=\"centro_hp\" class=\"panel-row-style panel-row-style-for-10-0\" ><div id=\"pgc-10-0-0\"  class=\"panel-grid-cell\" ><div id=\"panel-10-0-0-0\" class=\"so-panel widget widget_bso-so-widget-all-in-one panel-first-child panel-last-child\" data-index=\"0\" ><div id=\"news_one\" class=\"panel-widget-style panel-widget-style-for-10-0-0-0\" ><div\n\t\t\t\n\t\t\tclass=\"so-widget-bso-so-widget-all-in-one so-widget-bso-so-widget-all-in-one-default-d75171398898-10\"\n\t\t\t\n\t\t><div>\n<div class=\"widget_title\">Ultime <b>Notizie<\/b><div class=\"arch_news\"><a href=\"\/seminario\/category\/notizia\/\">Tutte le news <i class=\"fa-solid fa-arrow-right\"><\/i><\/a><\/div><\/div>                             <div class=\"single_news\">\n<div class=\"immagineapp\"><a href=\"https:\/\/www.chiesadigenova.it\/comunitaetniche\/comunita-siro-malabarese-celebrata-s-alfonsa-al-sorriso-francescano\/\"><img decoding=\"async\" src=\"https:\/\/www.chiesadigenova.it\/comunitaetniche\/wp-content\/uploads\/sites\/31\/2025\/07\/SorrisoFrancescano-150x150.jpg\" \/><\/a><\/div>\n<h2><a href=\"https:\/\/www.chiesadigenova.it\/comunitaetniche\/comunita-siro-malabarese-celebrata-s-alfonsa-al-sorriso-francescano\/\">Comunit\u00e0 Siro-Malabarese, celebrata S. Alfonsa al Sorriso Francescano<\/a><\/h2>\n<h5><\/h5>\n<div class=\"preview_txt\">Domenica 6 luglio 2025, la comunit\u00e0 Siro-Malabarese (Chiesa cattolica di rito siriaco orientale, con comunit\u00e0 in India) Sant&#8217;Alfonsa di Genova si \u00e8 riunita presso il centro \u201cSorriso Francescano\u201d per celebrare con gioia e devozione la festa di Sant&#8217;Alfonsa, patrona della comunit\u00e0, e di San Tommaso Apostolo, padre della Chiesa Siro-Malabarese. La celebrazione ha avuto inizio alle ore 15 con&hellip; <a href=\"https:\/\/www.chiesadigenova.it\/comunitaetniche\/comunita-siro-malabarese-celebrata-s-alfonsa-al-sorriso-francescano\/\" class=\"read-more\">leggi \u00bb<\/a><\/div>\n<\/div>\n                                                       <div class=\"single_news\">\n<div class=\"immagineapp\"><a href=\"https:\/\/www.chiesadigenova.it\/comunitaetniche\/domenica-5-gennaio-2025-in-cattedrale-la-festa-dei-popoli\/\"><img decoding=\"async\" src=\"https:\/\/www.chiesadigenova.it\/comunitaetniche\/wp-content\/uploads\/sites\/31\/2024\/12\/re_magi-150x150.png\" \/><\/a><\/div>\n<h2><a href=\"https:\/\/www.chiesadigenova.it\/comunitaetniche\/domenica-5-gennaio-2025-in-cattedrale-la-festa-dei-popoli\/\">Domenica 5 gennaio 2025 in Cattedrale la &#8220;Festa dei popoli&#8221;<\/a><\/h2>\n<h5><\/h5>\n<div class=\"preview_txt\">Domenica 5 gennaio 2025 alle ore 16 in Cattedrale l&#8217;Arcivescovo presiede la S. Messa per la &#8220;Festa dei popoli&#8221;. La celebrazione \u00e8 evento giubilare. L&#8217;Arcivescovo invita tutte le comunit\u00e0 etniche cattoliche a partecipare alla S. Messa per unirsi in preghiera attorno a Ges\u00f9 Bambino.  On Sunday 5 January 2025 at 4 pm in the Cathedral the Archbishop&hellip; <a href=\"https:\/\/www.chiesadigenova.it\/comunitaetniche\/domenica-5-gennaio-2025-in-cattedrale-la-festa-dei-popoli\/\" class=\"read-more\">leggi \u00bb<\/a><\/div>\n<\/div>\n                                                       <div class=\"single_news\">\n<div class=\"immagineapp\"><a href=\"https:\/\/www.chiesadigenova.it\/comunitaetniche\/lattivita-dellufficio\/\"><img decoding=\"async\" src=\"https:\/\/www.chiesadigenova.it\/comunitaetniche\/wp-content\/uploads\/sites\/31\/2024\/11\/attivita_ufficio-150x150.png\" \/><\/a><\/div>\n<h2><a href=\"https:\/\/www.chiesadigenova.it\/comunitaetniche\/lattivita-dellufficio\/\">L&#8217;attivit\u00e0 dell&#8217;ufficio<\/a><\/h2>\n<h5><\/h5>\n<div class=\"preview_txt\">L\u2019Ufficio Comunit\u00e0 Etniche coordina i gruppi delle diverse etnie presenti nella nostra Diocesi da diversi anni per far s\u00ec che continui la crescita della fede e la vita dei singoli e delle famiglie e non si perdano cos\u00ec tradizioni e caratteristiche dei paesi di appartenenza. Inoltre l\u2019Ufficio vuole essere strumento di comunione e di integrazione dei singoli e delle famiglie&hellip; <a href=\"https:\/\/www.chiesadigenova.it\/comunitaetniche\/lattivita-dellufficio\/\" class=\"read-more\">leggi \u00bb<\/a><\/div>\n<\/div>\n                           <\/div><\/div><\/div><\/div><\/div><div id=\"pgc-10-0-1\"  class=\"panel-grid-cell\" ><div id=\"panel-10-0-1-0\" class=\"so-panel widget widget_sow-editor panel-first-child\" data-index=\"1\" ><div\n\t\t\t\n\t\t\tclass=\"so-widget-sow-editor so-widget-sow-editor-base\"\n\t\t\t\n\t\t>\n<div class=\"siteorigin-widget-tinymce textwidget\">\n\t<p><strong><img loading=\"lazy\" decoding=\"async\" class=\" wp-image-17 alignleft\" src=\"https:\/\/www.chiesadigenova.it\/comunitaetniche\/wp-content\/uploads\/sites\/31\/2024\/11\/pigollo.jpg\" alt=\"\" width=\"90\" height=\"109\" \/>Coordinatore<\/strong>: <a href=\"https:\/\/www.chiesadigenova.it\/wd-annuario-persone\/pietro-pigollo-499\/\">Mons. Pietro Pigollo<\/a><\/p>\n<p>&nbsp;<\/p>\n<p>&nbsp;<\/p>\n<p>&nbsp;<\/p>\n<p><strong>Orario di apertura al pubblico dell'ufficio:<\/strong><br \/>\ndal luned\u00ec al venerd\u00ec ore 9.30 \u2013 12.30<\/p>\n<p><strong>Contatti<\/strong><br \/>\nTel. 010.2700 258<br \/>\nEmail: <a href=\"mailto:comunita.etniche@diocesi.genova.it\">comunita.etniche@diocesi.genova.it<\/a><\/p>\n<\/div>\n<\/div><\/div><div id=\"panel-10-0-1-1\" class=\"so-panel widget widget_sow-image panel-last-child\" data-index=\"2\" ><div\n\t\t\t\n\t\t\tclass=\"so-widget-sow-image so-widget-sow-image-default-dbf295114b96-19\"\n\t\t\t\n\t\t>\n\n<div class=\"sow-image-container\">\n\t\t\t<a href=\"https:\/\/www.chiesadigenova.it\/\"\n\t\t\t\t\t>\n\t\t\t<img loading=\"lazy\" decoding=\"async\" src=\"https:\/\/www.chiesadigenova.it\/comunitaetniche\/wp-content\/uploads\/sites\/31\/2024\/11\/chiesadiGenova.png\" width=\"342\" height=\"87\" srcset=\"https:\/\/www.chiesadigenova.it\/comunitaetniche\/wp-content\/uploads\/sites\/31\/2024\/11\/chiesadiGenova.png 342w, https:\/\/www.chiesadigenova.it\/comunitaetniche\/wp-content\/uploads\/sites\/31\/2024\/11\/chiesadiGenova-300x76.png 300w\" sizes=\"(max-width: 342px) 100vw, 342px\" title=\"chiesadigenova.it\" alt=\"chiesadigenova.it\" \t\tclass=\"so-widget-image\"\/>\n\t<\/a><\/div>\n\n<\/div><\/div><\/div><\/div><\/div><\/div>","protected":false},"excerpt":{"rendered":"<p>Coordinatore: Mons. Pietro Pigollo &nbsp; &nbsp; &nbsp; Orario di apertura al pubblico dell&#8217;ufficio: dal luned\u00ec al venerd\u00ec ore 9.30 \u2013 12.30 Contatti Tel. 010.2700 258 Email: comunita.etniche@diocesi.genova.it<\/p>\n","protected":false},"author":1,"featured_media":0,"parent":0,"menu_order":0,"comment_status":"closed","ping_status":"closed","template":"","meta":{"_acf_changed":false,"footnotes":""},"acf":[],"_links":{"self":[{"href":"https:\/\/www.chiesadigenova.it\/comunitaetniche\/wp-json\/wp\/v2\/pages\/10"}],"collection":[{"href":"https:\/\/www.chiesadigenova.it\/comunitaetniche\/wp-json\/wp\/v2\/pages"}],"about":[{"href":"https:\/\/www.chiesadigenova.it\/comunitaetniche\/wp-json\/wp\/v2\/types\/page"}],"author":[{"embeddable":true,"href":"https:\/\/www.chiesadigenova.it\/comunitaetniche\/wp-json\/wp\/v2\/users\/1"}],"replies":[{"embeddable":true,"href":"https:\/\/www.chiesadigenova.it\/comunitaetniche\/wp-json\/wp\/v2\/comments?post=10"}],"version-history":[{"count":9,"href":"https:\/\/www.chiesadigenova.it\/comunitaetniche\/wp-json\/wp\/v2\/pages\/10\/revisions"}],"predecessor-version":[{"id":33,"href":"https:\/\/www.chiesadigenova.it\/comunitaetniche\/wp-json\/wp\/v2\/pages\/10\/revisions\/33"}],"wp:attachment":[{"href":"https:\/\/www.chiesadigenova.it\/comunitaetniche\/wp-json\/wp\/v2\/media?parent=10"}],"curies":[{"name":"wp","href":"https:\/\/api.w.org\/{rel}","templated":true}]}}