{"id":884,"date":"2019-05-13T15:10:50","date_gmt":"2019-05-13T13:10:50","guid":{"rendered":"http:\/\/catechistico.chiesadigenova.it\/?page_id=884"},"modified":"2019-11-22T17:58:55","modified_gmt":"2019-11-22T16:58:55","slug":"concorso-pina-oro","status":"publish","type":"page","link":"https:\/\/www.chiesadigenova.it\/catechistico\/concorso-pina-oro\/","title":{"rendered":"Concorso Pina Oro"},"content":{"rendered":"<div id=\"pl-884\"  class=\"panel-layout\" ><div id=\"pg-884-0\"  class=\"panel-grid panel-no-style\" ><div id=\"pgc-884-0-0\"  class=\"panel-grid-cell\" ><div id=\"panel-884-0-0-0\" class=\"so-panel widget widget_siteorigin-panels-post-content panel-first-child\" data-index=\"0\" ><h1 class=\"entry-title\">Concorso Pina Oro<\/h1><\/div><div id=\"panel-884-0-0-1\" class=\"so-panel widget widget_sow-editor\" data-index=\"1\" ><div\n\t\t\t\n\t\t\tclass=\"so-widget-sow-editor so-widget-sow-editor-base\"\n\t\t\t\n\t\t>\n<div class=\"siteorigin-widget-tinymce textwidget\">\n\t<div><em><b><img loading=\"lazy\" decoding=\"async\" class=\"size-medium wp-image-889 alignright\" src=\"http:\/\/catechistico.chiesadigenova.it\/wp-content\/uploads\/sites\/5\/2019\/05\/prova2-284x300.jpg\" alt=\"\" width=\"284\" height=\"300\" srcset=\"https:\/\/www.chiesadigenova.it\/catechistico\/wp-content\/uploads\/sites\/5\/2019\/05\/prova2-284x300.jpg 284w, https:\/\/www.chiesadigenova.it\/catechistico\/wp-content\/uploads\/sites\/5\/2019\/05\/prova2-768x810.jpg 768w, https:\/\/www.chiesadigenova.it\/catechistico\/wp-content\/uploads\/sites\/5\/2019\/05\/prova2-971x1024.jpg 971w, https:\/\/www.chiesadigenova.it\/catechistico\/wp-content\/uploads\/sites\/5\/2019\/05\/prova2-800x844.jpg 800w, https:\/\/www.chiesadigenova.it\/catechistico\/wp-content\/uploads\/sites\/5\/2019\/05\/prova2.jpg 1002w\" sizes=\"auto, (max-width: 284px) 100vw, 284px\" \/>In ricordo di Pina Oro (10\/07\/1943 - 19\/10\/2013)<\/b><\/em><\/div>\n<div><em><b>\u00a0<\/b><\/em><\/div>\n<div><em><b>Per tutti i ragazzi Cresimati e Cresimandi<\/b><\/em><\/div>\n<div><em><b>che partecipano al Pellegrinaggio diocesano a Roma<\/b><\/em><\/div>\n<div><\/div>\n<div>Cari ragazzi,<\/div>\n<div>nel ricevere l\u2019invito a partecipare al concorso Pina Oro, vi sarete certamente chiesti chi \u00e8 questa persona. Era davvero cos\u00ec importante da meritare un concorso intitolato a se stessa?<\/div>\n<div>Avendola conosciuta personalmente, vi trasmetter\u00f2 alcune notizie sulla sua persona, sul suo impegno e contributo in molte attivit\u00e0, tra le quali un posto di rilievo aveva l\u2019insegnamento del catechismo a tanti ragazzi come voi, anche se non riuscir\u00f2 a dire tutto quello che conservo nel cuore e nella memoria di un\u2019amica tanto \u201cspeciale.<\/div>\n<div><\/div>\n<div>Pina \u2013 Catechista con la C maiuscola \u2013 viveva la quotidianit\u00e0 in modo straordinario - il suo riferimento costante era Ges\u00f9, con il quale era in profonda unione e continuo dialogo. E\u2019 per questo che, sul suo esempio, il tema del concorso a voi affidato \u00e8 \u201cDue chiacchiere con Ges\u00f9\u2026. In occasione della mia cresima\u201d. Pina \u2013 intelligente, vivace, - era attentissima ed entusiasta nel partecipare al cammino di fede della Chiesa universale della Diocesi genovese e della sua comunit\u00e0.<\/div>\n<div>Collaboratrice preziosa nell\u2019Ufficio Catechistico Diocesano, di uno spiccato\u00a0 spirito creativo, \u00a0era sempre disponibile e generosa \u00a0A lei si poteva ricorrere per una iniziativa, un Parere, un consiglio a cui rispondeva con competenza \u00a0e buon senso.<\/div>\n<div>Sono sua opera i tanti sussidi (per l\u2019Avvento, la Quaresima, le novene, le celebrazioni, le preghiere) che vi sono stati proposti in questi anni di catechismo e che hanno contribuito alla vostra formazione umana e spirituale.<\/div>\n<div>Come cristiana era una persona felice, perch\u00e9 la sua gioia scaturiva dalla consapevolezza di essere figlia di un Padre amorevole e di appartenere completamente a Lui, al quale si affidava con fiducia; di conseguenza Pina si sentiva pietra viva di una Chiesa madre e maestra.<\/div>\n<div>La sua esistenza non \u00e8 stata facile\u2026. E quando la sofferenza ha bussato alla sua porta, l\u2019ha accolta con fede e con coraggio. Ha portato sulle sue spalle la sua croce accompagnata da Cristo fino al momento dell\u2019incontro definitivo con Colui che aveva conosciuto, amato, seguito e testimoniato con coerenza e fermezza con piena adesione alla Sua volont\u00e0.<\/div>\n<div>Ecco, cari ragazzi, chi era Pina Oro, un dono che il Signore ha dato alla nostra chiesa e a coloro che hanno avuto la gioia di condividere la sua bella amicizia.<\/div>\n<div>Seguendo il suo esempio, vi auguro di continuare, nel vostro futuro, a fare sempre \u201cDue chiacchiere con Ges\u00f9\u2026.\u201d A qualunque costo!!<\/div>\n<div style=\"text-align: right\">C. G.<\/div>\n<div><\/div>\n<div><em>\u00a0<\/em><\/div>\n<div><\/div>\n<\/div>\n<\/div><\/div><div id=\"panel-884-0-0-2\" class=\"so-panel widget widget_seed-so-widget-all-in-one-lite panel-last-child\" data-index=\"2\" ><div\n\t\t\t\n\t\t\tclass=\"so-widget-seed-so-widget-all-in-one-lite so-widget-seed-so-widget-all-in-one-lite-default-d75171398898-884\"\n\t\t\t\n\t\t><div> <\/div><\/div><\/div><\/div><\/div><\/div>","protected":false},"excerpt":{"rendered":"<p>In ricordo di Pina Oro (10\/07\/1943 &#8211; 19\/10\/2013) \u00a0 Per tutti i ragazzi Cresimati e Cresimandi che partecipano al Pellegrinaggio diocesano a Roma Cari ragazzi, nel ricevere l\u2019invito a partecipare al concorso Pina Oro, vi sarete certamente chiesti chi \u00e8 questa persona. Era davvero cos\u00ec importante da meritare un concorso intitolato a se stessa? Avendola conosciuta personalmente, vi trasmetter\u00f2 alcune notizie sulla sua persona, sul &hellip; <a href=\"https:\/\/www.chiesadigenova.it\/catechistico\/concorso-pina-oro\/\" class=\"more-link\">Continue reading <span class=\"screen-reader-text\">Concorso Pina Oro<\/span> <span class=\"meta-nav\">&raquo;<\/span><\/a><\/p>\n","protected":false},"author":1,"featured_media":889,"parent":0,"menu_order":0,"comment_status":"closed","ping_status":"closed","template":"","meta":{"_acf_changed":false,"footnotes":""},"class_list":["post-884","page","type-page","status-publish","has-post-thumbnail","hentry"],"acf":{"seed-localization-paese-cod":"IT","seed-localization-address":"","seed-localization-citta":"Genova","seed-localization-regione-cod-istat":"07","seed-localization-citta-cod-istat":"010025","seed-localization-localita":"","seed-localization-cap":"","seed-localization-geo":{"lat":41.90552298770031,"lng":12.509441971778871,"zoom":10,"layers":["OpenStreetMap.Mapnik"],"markers":[],"address":""},"seed-localization-marker-visibility":false,"seed-localization-children-visibility":false,"seed-localization-kml":"","seed-localization-custom-marker":""},"_links":{"self":[{"href":"https:\/\/www.chiesadigenova.it\/catechistico\/wp-json\/wp\/v2\/pages\/884","targetHints":{"allow":["GET"]}}],"collection":[{"href":"https:\/\/www.chiesadigenova.it\/catechistico\/wp-json\/wp\/v2\/pages"}],"about":[{"href":"https:\/\/www.chiesadigenova.it\/catechistico\/wp-json\/wp\/v2\/types\/page"}],"author":[{"embeddable":true,"href":"https:\/\/www.chiesadigenova.it\/catechistico\/wp-json\/wp\/v2\/users\/1"}],"replies":[{"embeddable":true,"href":"https:\/\/www.chiesadigenova.it\/catechistico\/wp-json\/wp\/v2\/comments?post=884"}],"version-history":[{"count":9,"href":"https:\/\/www.chiesadigenova.it\/catechistico\/wp-json\/wp\/v2\/pages\/884\/revisions"}],"predecessor-version":[{"id":1014,"href":"https:\/\/www.chiesadigenova.it\/catechistico\/wp-json\/wp\/v2\/pages\/884\/revisions\/1014"}],"wp:featuredmedia":[{"embeddable":true,"href":"https:\/\/www.chiesadigenova.it\/catechistico\/wp-json\/wp\/v2\/media\/889"}],"wp:attachment":[{"href":"https:\/\/www.chiesadigenova.it\/catechistico\/wp-json\/wp\/v2\/media?parent=884"}],"curies":[{"name":"wp","href":"https:\/\/api.w.org\/{rel}","templated":true}]}}