{"id":517,"date":"2019-05-13T14:06:38","date_gmt":"2019-05-13T12:06:38","guid":{"rendered":"http:\/\/catechistico.chiesadigenova.it\/?page_id=517"},"modified":"2022-09-23T11:58:17","modified_gmt":"2022-09-23T09:58:17","slug":"mandato-ai-catechisti-e-celebrazione-inizio-anno-catechistico","status":"publish","type":"page","link":"https:\/\/www.chiesadigenova.it\/catechistico\/mandato-ai-catechisti-e-celebrazione-inizio-anno-catechistico\/","title":{"rendered":"Mandato ai catechisti e celebrazione inizio anno catechistico"},"content":{"rendered":"<p><img loading=\"lazy\" decoding=\"async\" class=\"alignnone size-medium wp-image-3878\" src=\"https:\/\/www.chiesadigenova.it\/catechistico\/wp-content\/uploads\/sites\/5\/2022\/09\/immagine-300x274.jpg\" alt=\"\" width=\"300\" height=\"274\" \/><\/p>\n<p>Con la ripresa delle attivit\u00e0 pastorali, una delle prime celebrazioni parrocchiali \u00e8 quella del \u201cmandato ai catechisti\u201d.<\/p>\n<p>Dove nasce il mandato? Da Ges\u00f9 stesso, nel momento in cui invia i Dodici in missione dando loro precise istruzioni sul metodo, sull\u2019essenzialit\u00e0 e sulla mentalit\u00e0 che deve caratterizzare il servizio (Mt 10,5).<\/p>\n<p>Il Rinnovamento della Catechesi insegna che \u201cin intima comunione con i loro sacerdoti tutti i fedeli assumono la responsabilit\u00e0 di ascoltare e celebrare la parola di Dio, mentre i pi\u00f9 capaci e disponibili vengono deputati a svolgere una catechesi ordinata e sistematica\u201d (RiCa 148).<\/p>\n<p>La Comunit\u00e0, a sua volta, \u00e8 responsabile della catechesi (RiCa 145), \u00e8 il grembo materno in cui i figli vengono nutriti dalla Parola ed in Essa educati, e i catechisti sono la sua espressione. Da qui l\u2019importanza della celebrazione che racchiude tutti questi significati.<\/p>\n<p>L\u2019 Ufficio Catechistico, come ogni anno, ha predisposto una traccia di celebrazione che ogni parroco con i catechisti potr\u00e0 arricchire, modificare, personalizzare.<\/p>\n<hr class=\"wpba_attachment_hr\"><div id='wpba_attachment_list' class='wpba wpba-wrap'>\n<ul class='wpba-attachment-list unstyled'><li id='wpba_attachment_list_3879' class='wpba-list-item pull-left'><img src='https:\/\/www.chiesadigenova.it\/catechistico\/wp-content\/themes\/wp-starter-so\/icons\/document.png' width='16' height='20' class='wpba-icon pull-left'><a href='https:\/\/www.chiesadigenova.it\/catechistico\/wp-content\/uploads\/sites\/5\/2022\/09\/Mandato-Catechisti-2022.pdf' title='Mandato Catechisti 2022' class='wpba-link pull-left' target=\"_blank\">Mandato Catechisti 2022<\/a><\/li>\n<li id='wpba_attachment_list_3880' class='wpba-list-item pull-left'><img src='https:\/\/www.chiesadigenova.it\/catechistico\/wp-content\/themes\/wp-starter-so\/icons\/document.png' width='16' height='20' class='wpba-icon pull-left'><a href='https:\/\/www.chiesadigenova.it\/catechistico\/wp-content\/uploads\/sites\/5\/2022\/09\/Rito-del-mandato-2022.pdf' title='Rito del mandato 2022' class='wpba-link pull-left' target=\"_blank\">Rito del mandato 2022<\/a><\/li>\n<\/ul><\/div>\n","protected":false},"excerpt":{"rendered":"<p>Con la ripresa delle attivit\u00e0 pastorali, una delle prime celebrazioni parrocchiali \u00e8 quella del \u201cmandato ai catechisti\u201d. Dove nasce il mandato? Da Ges\u00f9 stesso, nel momento in cui invia i Dodici in missione dando loro precise istruzioni sul metodo, sull\u2019essenzialit\u00e0 e sulla mentalit\u00e0 che deve caratterizzare il servizio (Mt 10,5). Il Rinnovamento della Catechesi insegna che \u201cin intima comunione con i loro sacerdoti tutti i &hellip; <a href=\"https:\/\/www.chiesadigenova.it\/catechistico\/mandato-ai-catechisti-e-celebrazione-inizio-anno-catechistico\/\" class=\"more-link\">Continua a leggere <span class=\"screen-reader-text\">Mandato ai catechisti e celebrazione inizio anno catechistico<\/span> <span class=\"meta-nav\">&raquo;<\/span><\/a><\/p>\n","protected":false},"author":1,"featured_media":0,"parent":0,"menu_order":0,"comment_status":"closed","ping_status":"closed","template":"","meta":{"_acf_changed":false,"footnotes":""},"acf":{"seed-localization-paese-cod":"IT","seed-localization-address":"","seed-localization-citta":"Genova","seed-localization-regione-cod-istat":"07","seed-localization-citta-cod-istat":"010025","seed-localization-localita":"","seed-localization-cap":"","seed-localization-geo":{"lat":41.9053433,"lng":12.5099945,"zoom":10,"layers":["OpenStreetMap.Mapnik"],"markers":[],"address":"","version":"1.3.2"},"seed-localization-marker-visibility":false,"seed-localization-children-visibility":false,"seed-localization-kml":"","seed-localization-custom-marker":""},"_links":{"self":[{"href":"https:\/\/www.chiesadigenova.it\/catechistico\/wp-json\/wp\/v2\/pages\/517"}],"collection":[{"href":"https:\/\/www.chiesadigenova.it\/catechistico\/wp-json\/wp\/v2\/pages"}],"about":[{"href":"https:\/\/www.chiesadigenova.it\/catechistico\/wp-json\/wp\/v2\/types\/page"}],"author":[{"embeddable":true,"href":"https:\/\/www.chiesadigenova.it\/catechistico\/wp-json\/wp\/v2\/users\/1"}],"replies":[{"embeddable":true,"href":"https:\/\/www.chiesadigenova.it\/catechistico\/wp-json\/wp\/v2\/comments?post=517"}],"version-history":[{"count":8,"href":"https:\/\/www.chiesadigenova.it\/catechistico\/wp-json\/wp\/v2\/pages\/517\/revisions"}],"predecessor-version":[{"id":3883,"href":"https:\/\/www.chiesadigenova.it\/catechistico\/wp-json\/wp\/v2\/pages\/517\/revisions\/3883"}],"wp:attachment":[{"href":"https:\/\/www.chiesadigenova.it\/catechistico\/wp-json\/wp\/v2\/media?parent=517"}],"curies":[{"name":"wp","href":"https:\/\/api.w.org\/{rel}","templated":true}]}}