{"id":234,"date":"2019-05-10T15:23:54","date_gmt":"2019-05-10T13:23:54","guid":{"rendered":"http:\/\/catechistico.chiesadigenova.it\/?page_id=234"},"modified":"2025-02-27T15:23:26","modified_gmt":"2025-02-27T14:23:26","slug":"contatti","status":"publish","type":"page","link":"https:\/\/www.chiesadigenova.it\/catechistico\/contatti\/","title":{"rendered":"Contatti"},"content":{"rendered":"<p><span style=\"font-size: medium;\"><strong>Per contattare l&#8217;Ufficio Catechistico Diocesano<\/strong><\/span><\/p>\n<p>ORARIO DI APERTURA AL PUBBLICO:<br \/>\nDa luned\u00ec a venerd\u00ec SOLO MATTINO 9.00-12.30<br \/>\nGioved\u00ec anche pomeriggio 14.30-17.00<\/p>\n<p>COORDINATORE:<br \/>\ndon MATTEO FIRPO<\/p>\n<p>Tel. 010.2700.259<br \/>\nEmail: <a href=\"mailto:catechistico@diocesi.genova.it\">catechistico@diocesi.genova.it<\/a><\/p>\n","protected":false},"excerpt":{"rendered":"<p>Per contattare l&#8217;Ufficio Catechistico Diocesano ORARIO DI APERTURA AL PUBBLICO: Da luned\u00ec a venerd\u00ec SOLO MATTINO 9.00-12.30 Gioved\u00ec anche pomeriggio 14.30-17.00 COORDINATORE: don MATTEO FIRPO Tel. 010.2700.259 Email: catechistico@diocesi.genova.it<\/p>\n","protected":false},"author":1,"featured_media":0,"parent":0,"menu_order":0,"comment_status":"closed","ping_status":"closed","template":"","meta":{"_acf_changed":false,"footnotes":""},"class_list":["post-234","page","type-page","status-publish","hentry"],"acf":{"seed-localization-paese-cod":"IT","seed-localization-address":"","seed-localization-citta":"Genova","seed-localization-regione-cod-istat":"07","seed-localization-citta-cod-istat":"010025","seed-localization-localita":"","seed-localization-cap":"","seed-localization-geo":{"lat":41.9053433,"lng":12.5099945,"zoom":10,"layers":["OpenStreetMap.Mapnik"],"markers":[],"address":"","version":"1.5.6"},"seed-localization-marker-visibility":false,"seed-localization-children-visibility":false,"seed-localization-kml":"","seed-localization-custom-marker":""},"_links":{"self":[{"href":"https:\/\/www.chiesadigenova.it\/catechistico\/wp-json\/wp\/v2\/pages\/234","targetHints":{"allow":["GET"]}}],"collection":[{"href":"https:\/\/www.chiesadigenova.it\/catechistico\/wp-json\/wp\/v2\/pages"}],"about":[{"href":"https:\/\/www.chiesadigenova.it\/catechistico\/wp-json\/wp\/v2\/types\/page"}],"author":[{"embeddable":true,"href":"https:\/\/www.chiesadigenova.it\/catechistico\/wp-json\/wp\/v2\/users\/1"}],"replies":[{"embeddable":true,"href":"https:\/\/www.chiesadigenova.it\/catechistico\/wp-json\/wp\/v2\/comments?post=234"}],"version-history":[{"count":4,"href":"https:\/\/www.chiesadigenova.it\/catechistico\/wp-json\/wp\/v2\/pages\/234\/revisions"}],"predecessor-version":[{"id":5763,"href":"https:\/\/www.chiesadigenova.it\/catechistico\/wp-json\/wp\/v2\/pages\/234\/revisions\/5763"}],"wp:attachment":[{"href":"https:\/\/www.chiesadigenova.it\/catechistico\/wp-json\/wp\/v2\/media?parent=234"}],"curies":[{"name":"wp","href":"https:\/\/api.w.org\/{rel}","templated":true}]}}