{"id":72,"date":"2019-05-13T17:53:28","date_gmt":"2019-05-13T15:53:28","guid":{"rendered":"http:\/\/beniculturali.chiesadigenova.it\/?page_id=72"},"modified":"2024-09-25T16:05:57","modified_gmt":"2024-09-25T14:05:57","slug":"archivio-diocesano","status":"publish","type":"page","link":"https:\/\/www.chiesadigenova.it\/beniculturali\/archivio-diocesano\/","title":{"rendered":"Archivio Diocesano"},"content":{"rendered":"<div>L&#8217;<strong>Archivio Storico Diocesano\u00a0<\/strong>conserva 1837 unit\u00e0 archivistiche &#8211; documentazione prodotta dalla cancelleria arcivescovile e da figure giuridiche ormai estinte come il Tribunale Diocesano (1569-1855)\u00a0 ed \u00e8 composto da tre fondi principali:<\/div>\n<div><\/div>\n<div><\/div>\n<div><strong>Fondo dell&#8217;Archivio Storico<\/strong>, che conserva la documentazione della diocesi;<\/div>\n<div><\/div>\n<div><strong>Archivio del Capitolo della Metropolitana di San Lorenzo<\/strong>\u00a0\u00a0&#8211; 913 unit\u00e0 dagli anni 1200 al 1990;<\/div>\n<div><\/div>\n<div><strong>Archivio del Cardinale Giuseppe Siri<\/strong>\u00a0 compreso fra il 1946 i e il 1989.<\/div>\n<div><\/div>\n<div><\/div>\n<div>Vi \u00e8 custodita inoltre la documentazione relativa ai rapporti avuti dalle Parrocchie con la Curia Arcivescovile.<\/div>\n<div><\/div>\n<div><\/div>\n<div>L&#8217;Archivio \u00e8 consultato da storici, studiosi e studenti delle diverse facolt\u00e0 genovesi.<\/div>\n<div>\n<div><\/div>\n<div><strong>Coordinatore: <\/strong><a href=\"https:\/\/www.chiesadigenova.it\/wd-annuario-persone\/paolo-fontana-443\/\">Don Paolo Fontana<\/a><\/div>\n<div><\/div>\n<div><strong>Sede: <\/strong>Chiostro dei Canonici di San Lorenzo, Via Tommaso Reggio, 3\u00a0 16123 Genova.<\/div>\n<div><\/div>\n<div><strong>Contatti: <\/strong>tel. 339.3163360<\/div>\n<\/div>\n<div><\/div>\n<div><strong>Orario apertura al pubblico:<\/strong> marted\u00ec, mercoled\u00ec e gioved\u00ec dalle 14,00 alle 19,00<\/div>\n","protected":false},"excerpt":{"rendered":"<p>L&#8217;Archivio Storico Diocesano\u00a0conserva 1837 unit\u00e0 archivistiche &#8211; documentazione prodotta dalla cancelleria arcivescovile e da figure giuridiche ormai estinte come il Tribunale Diocesano (1569-1855)\u00a0 ed \u00e8 composto da tre fondi principali: Fondo dell&#8217;Archivio Storico, che conserva la documentazione della diocesi; Archivio del Capitolo della Metropolitana di San Lorenzo\u00a0\u00a0&#8211; 913 unit\u00e0 dagli anni 1200 al 1990; Archivio [&hellip;]<\/p>\n","protected":false},"author":1,"featured_media":73,"parent":0,"menu_order":0,"comment_status":"closed","ping_status":"closed","template":"","meta":{"_acf_changed":false,"footnotes":""},"acf":{"seed-localization-paese-cod":"IT","seed-localization-address":"","seed-localization-citta":"Genova","seed-localization-regione-cod-istat":"07","seed-localization-citta-cod-istat":"010025","seed-localization-localita":"","seed-localization-cap":"","seed-localization-geo":{"lat":41.9053433,"lng":12.5099945,"zoom":10,"layers":["OpenStreetMap.Mapnik"],"markers":[],"address":"","version":"1.5.6"},"seed-localization-marker-visibility":false,"seed-localization-children-visibility":false,"seed-localization-kml":"","seed-localization-custom-marker":""},"_links":{"self":[{"href":"https:\/\/www.chiesadigenova.it\/beniculturali\/wp-json\/wp\/v2\/pages\/72"}],"collection":[{"href":"https:\/\/www.chiesadigenova.it\/beniculturali\/wp-json\/wp\/v2\/pages"}],"about":[{"href":"https:\/\/www.chiesadigenova.it\/beniculturali\/wp-json\/wp\/v2\/types\/page"}],"author":[{"embeddable":true,"href":"https:\/\/www.chiesadigenova.it\/beniculturali\/wp-json\/wp\/v2\/users\/1"}],"replies":[{"embeddable":true,"href":"https:\/\/www.chiesadigenova.it\/beniculturali\/wp-json\/wp\/v2\/comments?post=72"}],"version-history":[{"count":3,"href":"https:\/\/www.chiesadigenova.it\/beniculturali\/wp-json\/wp\/v2\/pages\/72\/revisions"}],"predecessor-version":[{"id":412,"href":"https:\/\/www.chiesadigenova.it\/beniculturali\/wp-json\/wp\/v2\/pages\/72\/revisions\/412"}],"wp:featuredmedia":[{"embeddable":true,"href":"https:\/\/www.chiesadigenova.it\/beniculturali\/wp-json\/wp\/v2\/media\/73"}],"wp:attachment":[{"href":"https:\/\/www.chiesadigenova.it\/beniculturali\/wp-json\/wp\/v2\/media?parent=72"}],"curies":[{"name":"wp","href":"https:\/\/api.w.org\/{rel}","templated":true}]}}