{"id":68,"date":"2019-05-13T17:52:40","date_gmt":"2019-05-13T15:52:40","guid":{"rendered":"http:\/\/beniculturali.chiesadigenova.it\/?page_id=68"},"modified":"2024-09-25T16:04:31","modified_gmt":"2024-09-25T14:04:31","slug":"biblioteca-diocesana-mons-luigi-roba","status":"publish","type":"page","link":"https:\/\/www.chiesadigenova.it\/beniculturali\/biblioteca-diocesana-mons-luigi-roba\/","title":{"rendered":"Biblioteca Diocesana Mons. Luigi Roba"},"content":{"rendered":"<p>La\u00a0<strong>Biblioteca Diocesana &#8216;Mons. Luigi Roba&#8217; <\/strong>conserva 130.000 libri a stampa e un notevole fondo di cinquecentine, seicentine, manoscritti e alcuni incunaboli. Particolarmente cospicuo \u00e8 il fondo delle riviste italiane e straniere; affianca la\u00a0<strong>Facolt\u00e0 di Teologia dell&#8217;Italia Settentrionale<\/strong>\u00a0e l<strong>&#8216;Istituto di Scienze Religiose<\/strong>\u00a0di Genova ed \u00e8 quindi consultata da studiosi di scienze religiose e teologiche, ma anche da studenti delle diverse facolt\u00e0 genovesi. Interessante \u00e8 il fondo di storia diocesana, costituito da numerose guide, libretti su vari studi arricchiti da segni devozionali e testimonianze storiche oggi scomparse.<\/p>\n<p>Il servizio di consultazione \u00e8 garantito dai cataloghi per autore e soggetto; le riviste italiane e straniere sono catalogate e visibili nella sala di consultazione delle riviste. A scaffale aperto si trovano enciclopedie di carattere religioso e non, manuali di prima consultazione, raccolte teologiche di maggiore richiesta, vocabolari.<\/p>\n<p><strong>Direttore:<br \/>\n<\/strong><a href=\"https:\/\/www.chiesadigenova.it\/wd-annuario-persone\/francesco-fully-doragrossa-450\/\">Don Francesco Fully Doragrossa<\/a><\/p>\n<p><strong>Bibliotecari:<br \/>\n<\/strong>Dott.ssa Elisa Borsano; Dott.ssa Isabella Merloni<\/p>\n<p><strong>Sede:<\/strong> c\/o Seminario Arcivescovile di Genova, Salita E. Cavallo 104, 16136 Genova<\/p>\n<p>tel. 010-27.21.513; mail: biblioteca@diocesi.genova.it<\/p>\n<p><strong>Orario di apertura al pubblico:<br \/>\n<\/strong>luned\u00ec-gioved\u00ec 9.00-16.30<br \/>\nvenerd\u00ec 9.00-16.00<\/p>\n","protected":false},"excerpt":{"rendered":"<p>La\u00a0Biblioteca Diocesana &#8216;Mons. Luigi Roba&#8217; conserva 130.000 libri a stampa e un notevole fondo di cinquecentine, seicentine, manoscritti e alcuni incunaboli. Particolarmente cospicuo \u00e8 il fondo delle riviste italiane e straniere; affianca la\u00a0Facolt\u00e0 di Teologia dell&#8217;Italia Settentrionale\u00a0e l&#8216;Istituto di Scienze Religiose\u00a0di Genova ed \u00e8 quindi consultata da studiosi di scienze religiose e teologiche, ma anche [&hellip;]<\/p>\n","protected":false},"author":1,"featured_media":69,"parent":0,"menu_order":0,"comment_status":"closed","ping_status":"closed","template":"","meta":{"_acf_changed":false,"footnotes":""},"acf":{"seed-localization-paese-cod":"IT","seed-localization-address":"","seed-localization-citta":"Genova","seed-localization-regione-cod-istat":"07","seed-localization-citta-cod-istat":"010025","seed-localization-localita":"","seed-localization-cap":"","seed-localization-geo":{"lat":41.9053433,"lng":12.5099945,"zoom":10,"layers":["OpenStreetMap.Mapnik"],"markers":[],"address":"","version":"1.5.6"},"seed-localization-marker-visibility":false,"seed-localization-children-visibility":false,"seed-localization-kml":"","seed-localization-custom-marker":""},"_links":{"self":[{"href":"https:\/\/www.chiesadigenova.it\/beniculturali\/wp-json\/wp\/v2\/pages\/68"}],"collection":[{"href":"https:\/\/www.chiesadigenova.it\/beniculturali\/wp-json\/wp\/v2\/pages"}],"about":[{"href":"https:\/\/www.chiesadigenova.it\/beniculturali\/wp-json\/wp\/v2\/types\/page"}],"author":[{"embeddable":true,"href":"https:\/\/www.chiesadigenova.it\/beniculturali\/wp-json\/wp\/v2\/users\/1"}],"replies":[{"embeddable":true,"href":"https:\/\/www.chiesadigenova.it\/beniculturali\/wp-json\/wp\/v2\/comments?post=68"}],"version-history":[{"count":3,"href":"https:\/\/www.chiesadigenova.it\/beniculturali\/wp-json\/wp\/v2\/pages\/68\/revisions"}],"predecessor-version":[{"id":411,"href":"https:\/\/www.chiesadigenova.it\/beniculturali\/wp-json\/wp\/v2\/pages\/68\/revisions\/411"}],"wp:featuredmedia":[{"embeddable":true,"href":"https:\/\/www.chiesadigenova.it\/beniculturali\/wp-json\/wp\/v2\/media\/69"}],"wp:attachment":[{"href":"https:\/\/www.chiesadigenova.it\/beniculturali\/wp-json\/wp\/v2\/media?parent=68"}],"curies":[{"name":"wp","href":"https:\/\/api.w.org\/{rel}","templated":true}]}}