{"id":501,"date":"2026-02-10T12:10:24","date_gmt":"2026-02-10T11:10:24","guid":{"rendered":"https:\/\/www.chiesadigenova.it\/beniculturali\/?page_id=501"},"modified":"2026-03-19T12:10:17","modified_gmt":"2026-03-19T11:10:17","slug":"i-progetti-di-restauro-nelle-nostre-chiese","status":"publish","type":"page","link":"https:\/\/www.chiesadigenova.it\/beniculturali\/i-progetti-di-restauro-nelle-nostre-chiese\/","title":{"rendered":"&#8220;Chiese in cantiere&#8221;"},"content":{"rendered":"<div id=\"pl-501\"  class=\"panel-layout\" ><div id=\"pg-501-0\"  class=\"panel-grid panel-no-style\" ><div id=\"pgc-501-0-0\"  class=\"panel-grid-cell\" ><div id=\"panel-501-0-0-0\" class=\"so-panel widget widget_sow-image panel-first-child\" data-index=\"0\" ><div\n\t\t\t\n\t\t\tclass=\"so-widget-sow-image so-widget-sow-image-default-8b5b6f678277-501\"\n\t\t\t\n\t\t>\n\n<div class=\"sow-image-container\">\n\t\t<img loading=\"lazy\" decoding=\"async\" src=\"https:\/\/www.chiesadigenova.it\/beniculturali\/wp-content\/uploads\/sites\/6\/2026\/03\/banner_restauri2.png\" width=\"1181\" height=\"236\" srcset=\"https:\/\/www.chiesadigenova.it\/beniculturali\/wp-content\/uploads\/sites\/6\/2026\/03\/banner_restauri2.png 1181w, https:\/\/www.chiesadigenova.it\/beniculturali\/wp-content\/uploads\/sites\/6\/2026\/03\/banner_restauri2-300x60.png 300w, https:\/\/www.chiesadigenova.it\/beniculturali\/wp-content\/uploads\/sites\/6\/2026\/03\/banner_restauri2-1024x205.png 1024w, https:\/\/www.chiesadigenova.it\/beniculturali\/wp-content\/uploads\/sites\/6\/2026\/03\/banner_restauri2-768x153.png 768w\" sizes=\"(max-width: 1181px) 100vw, 1181px\" alt=\"\" \t\tclass=\"so-widget-image\"\/>\n\t<\/div>\n\n<\/div><\/div><div id=\"panel-501-0-0-1\" class=\"so-panel widget widget_sow-editor\" data-index=\"1\" ><div\n\t\t\t\n\t\t\tclass=\"so-widget-sow-editor so-widget-sow-editor-base\"\n\t\t\t\n\t\t>\n<div class=\"siteorigin-widget-tinymce textwidget\">\n\t<p><strong>Chiese in cantiere<\/strong> \u00e8 la sezione dedicata ai progetti di restauro, consolidamento e tutela delle chiese della Diocesi di Genova.In questo spazio raccontiamo gli interventi in corso, le criticit\u00e0 affrontate e le soluzioni progettuali adottate, con l\u2019obiettivo di garantire la sicurezza degli edifici e il mantenimento del loro valore storico, artistico e spirituale.<\/p>\n<p>I cantieri non sono solo luoghi di lavoro, ma segni concreti di cura e responsabilit\u00e0 verso un patrimonio che appartiene all\u2019intera comunit\u00e0. Rappresentano un impegno condiviso, segno concreto di un percorso pi\u00f9 ampio di conservazione e valorizzazione che ha lo scopo di custodire la memoria e trasmetterla in eredit\u00e0 alle generazioni future.<\/p>\n<p>&nbsp;<\/p>\n<\/div>\n<\/div><\/div><div id=\"panel-501-0-0-2\" class=\"so-panel widget widget_sow-button\" data-index=\"2\" ><div\n\t\t\t\n\t\t\tclass=\"so-widget-sow-button so-widget-sow-button-flat-9061fa5d2007-501\"\n\t\t\t\n\t\t><div class=\"ow-button-base ow-button-align-center\">\n\t<a\n\thref=\"https:\/\/www.chiesadigenova.it\/beniculturali\/basilica-s-maria-immacolata\/\"\n\t\tclass=\"ow-icon-placement-left ow-button-hover\" \t>\n\t\t<span>\n\t\t\t\n\t\t\tBasilica Santa Maria Immacolata \t\t<\/span>\n\t<\/a>\n<\/div>\n<\/div><\/div><div id=\"panel-501-0-0-3\" class=\"so-panel widget widget_sow-button panel-last-child\" data-index=\"3\" ><div\n\t\t\t\n\t\t\tclass=\"so-widget-sow-button so-widget-sow-button-flat-9061fa5d2007-501\"\n\t\t\t\n\t\t><div class=\"ow-button-base ow-button-align-center\">\n\t<a\n\thref=\"https:\/\/www.chiesadigenova.it\/beniculturali\/santa-margherita-vergine-e-martire-di-testana\/\"\n\t\tclass=\"ow-icon-placement-left ow-button-hover\" \t>\n\t\t<span>\n\t\t\t\n\t\t\tS. Margherita - Testana di Avegno\t\t<\/span>\n\t<\/a>\n<\/div>\n<\/div><\/div><\/div><\/div><\/div>","protected":false},"excerpt":{"rendered":"<p>Chiese in cantiere \u00e8 la sezione dedicata ai progetti di restauro, consolidamento e tutela delle chiese della Diocesi di Genova.In questo spazio raccontiamo gli interventi in corso, le criticit\u00e0 affrontate e le soluzioni progettuali adottate, con l\u2019obiettivo di garantire la sicurezza degli edifici e il mantenimento del loro valore storico, artistico e spirituale. I cantieri [&hellip;]<\/p>\n","protected":false},"author":3,"featured_media":0,"parent":0,"menu_order":0,"comment_status":"closed","ping_status":"closed","template":"","meta":{"_acf_changed":false,"footnotes":""},"acf":{"seed-localization-paese-cod":"IT","seed-localization-address":"","seed-localization-citta":"Genova","seed-localization-regione-cod-istat":"07","seed-localization-citta-cod-istat":"010025","seed-localization-localita":"","seed-localization-cap":"","seed-localization-geo":{"lat":41.9053433,"lng":12.5120544,"zoom":10,"markers":[],"address":"","layers":["OpenStreetMap.Mapnik"],"version":"1.5.6"},"seed-localization-marker-visibility":false,"seed-localization-children-visibility":false,"seed-localization-kml":"","seed-localization-custom-marker":""},"_links":{"self":[{"href":"https:\/\/www.chiesadigenova.it\/beniculturali\/wp-json\/wp\/v2\/pages\/501"}],"collection":[{"href":"https:\/\/www.chiesadigenova.it\/beniculturali\/wp-json\/wp\/v2\/pages"}],"about":[{"href":"https:\/\/www.chiesadigenova.it\/beniculturali\/wp-json\/wp\/v2\/types\/page"}],"author":[{"embeddable":true,"href":"https:\/\/www.chiesadigenova.it\/beniculturali\/wp-json\/wp\/v2\/users\/3"}],"replies":[{"embeddable":true,"href":"https:\/\/www.chiesadigenova.it\/beniculturali\/wp-json\/wp\/v2\/comments?post=501"}],"version-history":[{"count":30,"href":"https:\/\/www.chiesadigenova.it\/beniculturali\/wp-json\/wp\/v2\/pages\/501\/revisions"}],"predecessor-version":[{"id":720,"href":"https:\/\/www.chiesadigenova.it\/beniculturali\/wp-json\/wp\/v2\/pages\/501\/revisions\/720"}],"wp:attachment":[{"href":"https:\/\/www.chiesadigenova.it\/beniculturali\/wp-json\/wp\/v2\/media?parent=501"}],"curies":[{"name":"wp","href":"https:\/\/api.w.org\/{rel}","templated":true}]}}