{"id":10,"date":"2024-11-28T14:23:01","date_gmt":"2024-11-28T13:23:01","guid":{"rendered":"https:\/\/wd-genova.webdiocesiprod03.glauco.it\/formazione\/?page_id=10"},"modified":"2025-12-18T15:19:09","modified_gmt":"2025-12-18T14:19:09","slug":"home","status":"publish","type":"page","link":"https:\/\/www.chiesadigenova.it\/animatoripastorali\/","title":{"rendered":"Home"},"content":{"rendered":"<div id=\"pl-10\"  class=\"panel-layout\" ><div id=\"pg-10-0\"  class=\"panel-grid panel-has-style\" ><div id=\"centro_hp\" class=\"panel-row-style panel-row-style-for-10-0\" ><div id=\"pgc-10-0-0\"  class=\"panel-grid-cell\" ><div id=\"panel-10-0-0-0\" class=\"so-panel widget widget_media_image panel-first-child\" data-index=\"0\" ><img loading=\"lazy\" decoding=\"async\" width=\"1024\" height=\"683\" src=\"https:\/\/www.chiesadigenova.it\/animatoripastorali\/wp-content\/uploads\/sites\/34\/2025\/11\/DSC07516-1024x683.jpg\" class=\"image wp-image-424  attachment-large size-large\" alt=\"\" style=\"max-width: 100%; height: auto;\" srcset=\"https:\/\/www.chiesadigenova.it\/animatoripastorali\/wp-content\/uploads\/sites\/34\/2025\/11\/DSC07516-1024x683.jpg 1024w, https:\/\/www.chiesadigenova.it\/animatoripastorali\/wp-content\/uploads\/sites\/34\/2025\/11\/DSC07516-300x200.jpg 300w, https:\/\/www.chiesadigenova.it\/animatoripastorali\/wp-content\/uploads\/sites\/34\/2025\/11\/DSC07516-768x512.jpg 768w, https:\/\/www.chiesadigenova.it\/animatoripastorali\/wp-content\/uploads\/sites\/34\/2025\/11\/DSC07516-1536x1024.jpg 1536w, https:\/\/www.chiesadigenova.it\/animatoripastorali\/wp-content\/uploads\/sites\/34\/2025\/11\/DSC07516-2048x1365.jpg 2048w, https:\/\/www.chiesadigenova.it\/animatoripastorali\/wp-content\/uploads\/sites\/34\/2025\/11\/DSC07516-272x182.jpg 272w\" sizes=\"auto, (max-width: 1024px) 100vw, 1024px\" \/><\/div><div id=\"panel-10-0-0-1\" class=\"so-panel widget widget_bso-so-widget-all-in-one panel-last-child\" data-index=\"1\" ><div id=\"news_one\" class=\"panel-widget-style panel-widget-style-for-10-0-0-1\" ><div\n\t\t\t\n\t\t\tclass=\"so-widget-bso-so-widget-all-in-one so-widget-bso-so-widget-all-in-one-default-d75171398898-10\"\n\t\t\t\n\t\t><div>\n<div class=\"widget_title\">Ultime <b>Notizie<\/b><div class=\"arch_news\"><a href=\"\/animatoripastorali\/category\/notizie\/\">Tutte le news <i class=\"fa-solid fa-arrow-right\"><\/i><\/a><\/div><\/div>                             <div class=\"single_news\">\n<div class=\"immagineapp\"><a href=\"https:\/\/www.chiesadigenova.it\/animatoripastorali\/la-scuola-evangelii-gaudium-su-tv2000\/\"><img decoding=\"async\" src=\"https:\/\/www.chiesadigenova.it\/animatoripastorali\/wp-content\/uploads\/sites\/34\/2025\/11\/IMG_3482-150x150.jpeg\" \/><\/a><\/div>\n<h2><a href=\"https:\/\/www.chiesadigenova.it\/animatoripastorali\/la-scuola-evangelii-gaudium-su-tv2000\/\">La Scuola Evangelii Gaudium su Tv2000!<\/a><\/h2>\n<h5><\/h5>\n<div class=\"preview_txt\">Venerd\u00ec 21 novembre nell\u2019ambito della trasmissione \u201cIn cammino\u201d su TV2000 la Diocesi di Genova \u00e8 stata protagonista! Giancarlo Torre, referente del Cammino sinodale diocesano, \u00e8 stato ospite in studio per raccontare l\u2019esperienza della \u201cScuola Evangelii Gaudium per Catechista \u2013 Animatore di Comunit\u00e0\u201d\u00a0che \u00e8 stata avviata quest\u2019anno. \u00c8 possibile rivedere la puntata qui: Animatori in parrocchia: formarsi alla&hellip; <a href=\"https:\/\/www.chiesadigenova.it\/animatoripastorali\/la-scuola-evangelii-gaudium-su-tv2000\/\" class=\"read-more\">leggi \u00bb<\/a><\/div>\n<\/div>\n                                                       <div class=\"single_news\">\n<div class=\"immagineapp\"><a href=\"https:\/\/www.chiesadigenova.it\/animatoripastorali\/iniziato-il-cammino-di-formazione-per-i-catechisti-animatori-di-comunita\/\"><img decoding=\"async\" src=\"https:\/\/www.chiesadigenova.it\/animatoripastorali\/wp-content\/uploads\/sites\/34\/2025\/10\/DSC07455-150x150.jpg\" \/><\/a><\/div>\n<h2><a href=\"https:\/\/www.chiesadigenova.it\/animatoripastorali\/iniziato-il-cammino-di-formazione-per-i-catechisti-animatori-di-comunita\/\">Cominciato il cammino di formazione per i Catechisti-Animatori di comunit\u00e0<\/a><\/h2>\n<h5><\/h5>\n<div class=\"preview_txt\">\u00c8 iniziata venerd\u00ec 3 ottobre in Seminario la &#8220;Scuola Evangelii Gaudium&#8221; per diventare &#8220;Catechista &#8211; Animatore di comunit\u00e0&#8221;. 8 incontri mensili, dal venerd\u00ec sera al sabato a pranzo, per 23 candidati che sono stati indicati dalle loro comunit\u00e0 di provenienza e che venerd\u00ec sera sono stati accompagnati dai propri parroci. Alla serata era presente anche l&#8217;Arcivescovo che ha augurato ai&hellip; <a href=\"https:\/\/www.chiesadigenova.it\/animatoripastorali\/iniziato-il-cammino-di-formazione-per-i-catechisti-animatori-di-comunita\/\" class=\"read-more\">leggi \u00bb<\/a><\/div>\n<\/div>\n                                                       <div class=\"single_news\">\n<div class=\"immagineapp\"><a href=\"https:\/\/www.chiesadigenova.it\/animatoripastorali\/inizia-a-ottobre-il-percorso-formativo-per-catechista-animatore-di-comunita\/\"><img decoding=\"async\" src=\"https:\/\/www.chiesadigenova.it\/animatoripastorali\/wp-content\/uploads\/sites\/34\/2025\/09\/Banner2-150x150.jpg\" \/><\/a><\/div>\n<h2><a href=\"https:\/\/www.chiesadigenova.it\/animatoripastorali\/inizia-a-ottobre-il-percorso-formativo-per-catechista-animatore-di-comunita\/\">Venerd\u00ec 3 ottobre 2025 inizia il percorso formativo per Catechista Animatore di comunit\u00e0<\/a><\/h2>\n<h5><\/h5>\n<div class=\"preview_txt\">Inizia nella Diocesi di Genova, nel prossimo Anno Pastorale, il\u00a0percorso formativo per la nuova figura del Catechista Animatore di comunit\u00e0, voluta da Papa Francesco con il\u00a0Motu Proprio\u00a0\u201cAntiquum Ministerium\u201d\u00a0del 10 maggio 2021. L\u2019Arcivescovo nella sua Lettera Pastorale\u00a0\u201cEvangelizzazione, Sinodalit\u00e0 e Fraternit\u00e0 di parrocchie\u201d, recependo anche le indicazioni del Cammino sinodale emerse in Diocesi, evidenzia l\u2019opportunit\u00e0 di istituire la figura del Catechista-Animatore di&hellip; <a href=\"https:\/\/www.chiesadigenova.it\/animatoripastorali\/inizia-a-ottobre-il-percorso-formativo-per-catechista-animatore-di-comunita\/\" class=\"read-more\">leggi \u00bb<\/a><\/div>\n<\/div>\n                           <\/div><\/div><\/div><\/div><\/div><div id=\"pgc-10-0-1\"  class=\"panel-grid-cell\" ><div id=\"panel-10-0-1-0\" class=\"so-panel widget widget_sow-image panel-first-child\" data-index=\"2\" ><div\n\t\t\t\n\t\t\tclass=\"so-widget-sow-image so-widget-sow-image-default-8b5b6f678277-60\"\n\t\t\t\n\t\t>\n\n<div class=\"sow-image-container\">\n\t\t\t<a href=\"https:\/\/www.chiesadigenova.it\/animatoripastorali\/area-riservata\/\"\n\t\t\t\t\t>\n\t\t\t<img loading=\"lazy\" decoding=\"async\" src=\"https:\/\/www.chiesadigenova.it\/animatoripastorali\/wp-content\/uploads\/sites\/34\/2025\/10\/area-riservata.png\" width=\"6912\" height=\"3456\" srcset=\"https:\/\/www.chiesadigenova.it\/animatoripastorali\/wp-content\/uploads\/sites\/34\/2025\/10\/area-riservata.png 6912w, https:\/\/www.chiesadigenova.it\/animatoripastorali\/wp-content\/uploads\/sites\/34\/2025\/10\/area-riservata-300x150.png 300w, https:\/\/www.chiesadigenova.it\/animatoripastorali\/wp-content\/uploads\/sites\/34\/2025\/10\/area-riservata-1024x512.png 1024w, https:\/\/www.chiesadigenova.it\/animatoripastorali\/wp-content\/uploads\/sites\/34\/2025\/10\/area-riservata-768x384.png 768w, https:\/\/www.chiesadigenova.it\/animatoripastorali\/wp-content\/uploads\/sites\/34\/2025\/10\/area-riservata-1536x768.png 1536w, https:\/\/www.chiesadigenova.it\/animatoripastorali\/wp-content\/uploads\/sites\/34\/2025\/10\/area-riservata-2048x1024.png 2048w\" sizes=\"auto, (max-width: 6912px) 100vw, 6912px\" title=\"Area riservata\" alt=\"\" \t\tclass=\"so-widget-image\"\/>\n\t<\/a><\/div>\n\n<\/div><\/div><div id=\"panel-10-0-1-1\" class=\"so-panel widget widget_sow-editor\" data-index=\"3\" ><div\n\t\t\t\n\t\t\tclass=\"so-widget-sow-editor so-widget-sow-editor-base\"\n\t\t\t\n\t\t><h3 class=\"widget-title\">Contatti<\/h3>\n<div class=\"siteorigin-widget-tinymce textwidget\">\n\t<p><b>Segreteria<\/b><\/p>\n<p>Alberta Sertorio<br \/>\n<a href=\"mailto:animatori@diocesi.genova.it\">animatori@diocesi.genova.it\u00a0<\/a><\/p>\n<p>&nbsp;<\/p>\n<\/div>\n<\/div><\/div><div id=\"panel-10-0-1-2\" class=\"so-panel widget widget_sow-image panel-last-child\" data-index=\"4\" ><div\n\t\t\t\n\t\t\tclass=\"so-widget-sow-image so-widget-sow-image-default-dbf295114b96-60\"\n\t\t\t\n\t\t>\n\n<div class=\"sow-image-container\">\n\t\t\t<a href=\"https:\/\/www.chiesadigenova.it\/\"\n\t\t\t\t\t>\n\t\t\t<img loading=\"lazy\" decoding=\"async\" src=\"https:\/\/www.chiesadigenova.it\/animatoripastorali\/wp-content\/uploads\/sites\/34\/2024\/11\/chiesadiGenova.png\" width=\"342\" height=\"87\" srcset=\"https:\/\/www.chiesadigenova.it\/animatoripastorali\/wp-content\/uploads\/sites\/34\/2024\/11\/chiesadiGenova.png 342w, https:\/\/www.chiesadigenova.it\/animatoripastorali\/wp-content\/uploads\/sites\/34\/2024\/11\/chiesadiGenova-300x76.png 300w\" sizes=\"auto, (max-width: 342px) 100vw, 342px\" title=\"chiesadigenova.it\" alt=\"chiesadigenova.it\" \t\tclass=\"so-widget-image\"\/>\n\t<\/a><\/div>\n\n<\/div><\/div><\/div><\/div><\/div><\/div>","protected":false},"excerpt":{"rendered":"<p>Contatti Segreteria Alberta Sertorio animatori@diocesi.genova.it\u00a0 &nbsp;<\/p>\n","protected":false},"author":1,"featured_media":0,"parent":0,"menu_order":0,"comment_status":"closed","ping_status":"closed","template":"","meta":{"_acf_changed":false,"footnotes":""},"class_list":["post-10","page","type-page","status-publish","hentry"],"acf":[],"yoast_head":"<!-- This site is optimized with the Yoast SEO plugin v23.0 - https:\/\/yoast.com\/wordpress\/plugins\/seo\/ -->\n<title>Home - ANIMATORI PASTORALI<\/title>\n<meta name=\"robots\" content=\"index, follow, max-snippet:-1, max-image-preview:large, max-video-preview:-1\" \/>\n<link rel=\"canonical\" href=\"https:\/\/www.chiesadigenova.it\/animatoripastorali\/\" \/>\n<meta property=\"og:locale\" content=\"it_IT\" \/>\n<meta property=\"og:type\" content=\"article\" \/>\n<meta property=\"og:title\" content=\"Home - ANIMATORI PASTORALI\" \/>\n<meta property=\"og:description\" content=\"Contatti Segreteria Alberta Sertorio animatori@diocesi.genova.it\u00a0 &nbsp;\" \/>\n<meta property=\"og:url\" content=\"https:\/\/www.chiesadigenova.it\/animatoripastorali\/\" \/>\n<meta property=\"og:site_name\" content=\"ANIMATORI PASTORALI\" \/>\n<meta property=\"article:modified_time\" content=\"2025-12-18T14:19:09+00:00\" \/>\n<meta name=\"twitter:card\" content=\"summary_large_image\" \/>\n<meta name=\"twitter:label1\" content=\"Tempo di lettura stimato\" \/>\n\t<meta name=\"twitter:data1\" content=\"3 minuti\" \/>\n<script type=\"application\/ld+json\" class=\"yoast-schema-graph\">{\"@context\":\"https:\/\/schema.org\",\"@graph\":[{\"@type\":\"WebPage\",\"@id\":\"https:\/\/www.chiesadigenova.it\/animatoripastorali\/\",\"url\":\"https:\/\/www.chiesadigenova.it\/animatoripastorali\/\",\"name\":\"Home - ANIMATORI PASTORALI\",\"isPartOf\":{\"@id\":\"https:\/\/www.chiesadigenova.it\/animatoripastorali\/#website\"},\"datePublished\":\"2024-11-28T13:23:01+00:00\",\"dateModified\":\"2025-12-18T14:19:09+00:00\",\"breadcrumb\":{\"@id\":\"https:\/\/www.chiesadigenova.it\/animatoripastorali\/#breadcrumb\"},\"inLanguage\":\"it-IT\",\"potentialAction\":[{\"@type\":\"ReadAction\",\"target\":[\"https:\/\/www.chiesadigenova.it\/animatoripastorali\/\"]}]},{\"@type\":\"BreadcrumbList\",\"@id\":\"https:\/\/www.chiesadigenova.it\/animatoripastorali\/#breadcrumb\",\"itemListElement\":[{\"@type\":\"ListItem\",\"position\":1,\"name\":\"Home\",\"item\":\"https:\/\/www.chiesadigenova.it\/animatoripastorali\/\"},{\"@type\":\"ListItem\",\"position\":2,\"name\":\"Home\"}]},{\"@type\":\"WebSite\",\"@id\":\"https:\/\/www.chiesadigenova.it\/animatoripastorali\/#website\",\"url\":\"https:\/\/www.chiesadigenova.it\/animatoripastorali\/\",\"name\":\"ANIMATORI PASTORALI\",\"description\":\"\",\"potentialAction\":[{\"@type\":\"SearchAction\",\"target\":{\"@type\":\"EntryPoint\",\"urlTemplate\":\"https:\/\/www.chiesadigenova.it\/animatoripastorali\/?s={search_term_string}\"},\"query-input\":\"required name=search_term_string\"}],\"inLanguage\":\"it-IT\"}]}<\/script>\n<!-- \/ Yoast SEO plugin. -->","yoast_head_json":{"title":"Home - ANIMATORI PASTORALI","robots":{"index":"index","follow":"follow","max-snippet":"max-snippet:-1","max-image-preview":"max-image-preview:large","max-video-preview":"max-video-preview:-1"},"canonical":"https:\/\/www.chiesadigenova.it\/animatoripastorali\/","og_locale":"it_IT","og_type":"article","og_title":"Home - ANIMATORI PASTORALI","og_description":"Contatti Segreteria Alberta Sertorio animatori@diocesi.genova.it\u00a0 &nbsp;","og_url":"https:\/\/www.chiesadigenova.it\/animatoripastorali\/","og_site_name":"ANIMATORI PASTORALI","article_modified_time":"2025-12-18T14:19:09+00:00","twitter_card":"summary_large_image","twitter_misc":{"Tempo di lettura stimato":"3 minuti"},"schema":{"@context":"https:\/\/schema.org","@graph":[{"@type":"WebPage","@id":"https:\/\/www.chiesadigenova.it\/animatoripastorali\/","url":"https:\/\/www.chiesadigenova.it\/animatoripastorali\/","name":"Home - ANIMATORI PASTORALI","isPartOf":{"@id":"https:\/\/www.chiesadigenova.it\/animatoripastorali\/#website"},"datePublished":"2024-11-28T13:23:01+00:00","dateModified":"2025-12-18T14:19:09+00:00","breadcrumb":{"@id":"https:\/\/www.chiesadigenova.it\/animatoripastorali\/#breadcrumb"},"inLanguage":"it-IT","potentialAction":[{"@type":"ReadAction","target":["https:\/\/www.chiesadigenova.it\/animatoripastorali\/"]}]},{"@type":"BreadcrumbList","@id":"https:\/\/www.chiesadigenova.it\/animatoripastorali\/#breadcrumb","itemListElement":[{"@type":"ListItem","position":1,"name":"Home","item":"https:\/\/www.chiesadigenova.it\/animatoripastorali\/"},{"@type":"ListItem","position":2,"name":"Home"}]},{"@type":"WebSite","@id":"https:\/\/www.chiesadigenova.it\/animatoripastorali\/#website","url":"https:\/\/www.chiesadigenova.it\/animatoripastorali\/","name":"ANIMATORI PASTORALI","description":"","potentialAction":[{"@type":"SearchAction","target":{"@type":"EntryPoint","urlTemplate":"https:\/\/www.chiesadigenova.it\/animatoripastorali\/?s={search_term_string}"},"query-input":"required name=search_term_string"}],"inLanguage":"it-IT"}]}},"_links":{"self":[{"href":"https:\/\/www.chiesadigenova.it\/animatoripastorali\/wp-json\/wp\/v2\/pages\/10","targetHints":{"allow":["GET"]}}],"collection":[{"href":"https:\/\/www.chiesadigenova.it\/animatoripastorali\/wp-json\/wp\/v2\/pages"}],"about":[{"href":"https:\/\/www.chiesadigenova.it\/animatoripastorali\/wp-json\/wp\/v2\/types\/page"}],"author":[{"embeddable":true,"href":"https:\/\/www.chiesadigenova.it\/animatoripastorali\/wp-json\/wp\/v2\/users\/1"}],"replies":[{"embeddable":true,"href":"https:\/\/www.chiesadigenova.it\/animatoripastorali\/wp-json\/wp\/v2\/comments?post=10"}],"version-history":[{"count":30,"href":"https:\/\/www.chiesadigenova.it\/animatoripastorali\/wp-json\/wp\/v2\/pages\/10\/revisions"}],"predecessor-version":[{"id":575,"href":"https:\/\/www.chiesadigenova.it\/animatoripastorali\/wp-json\/wp\/v2\/pages\/10\/revisions\/575"}],"wp:attachment":[{"href":"https:\/\/www.chiesadigenova.it\/animatoripastorali\/wp-json\/wp\/v2\/media?parent=10"}],"curies":[{"name":"wp","href":"https:\/\/api.w.org\/{rel}","templated":true}]}}